{"id":14629,"date":"2021-10-07T11:26:42","date_gmt":"2021-10-07T09:26:42","guid":{"rendered":"https:\/\/golobolbol.shop\/yazdan-saadi\/"},"modified":"2021-10-23T18:31:21","modified_gmt":"2021-10-23T16:31:21","slug":"yazdan-saadi","status":"publish","type":"page","link":"https:\/\/golobolbol.shop\/en\/yazdan-saadi\/","title":{"rendered":"Yazdan Saadi"},"content":{"rendered":"\n<div class=\"wp-block-cover alignwide has-background-dim-10 has-background-dim\" style=\"min-height:409px;aspect-ratio:unset;\"><img loading=\"lazy\" decoding=\"async\" width=\"2549\" height=\"1411\" class=\"wp-block-cover__image-background wp-image-14436\" alt=\"\" src=\"https:\/\/golobolbol.shop\/wp-content\/uploads\/2021\/10\/yazdansaadigolobolbol.jpg\" style=\"object-position:49% 20%\" data-object-fit=\"cover\" data-object-position=\"49% 20%\" srcset=\"https:\/\/golobolbol.shop\/wp-content\/uploads\/2021\/10\/yazdansaadigolobolbol.jpg 2549w, https:\/\/golobolbol.shop\/wp-content\/uploads\/2021\/10\/yazdansaadigolobolbol-300x166.jpg 300w, https:\/\/golobolbol.shop\/wp-content\/uploads\/2021\/10\/yazdansaadigolobolbol-1024x567.jpg 1024w, https:\/\/golobolbol.shop\/wp-content\/uploads\/2021\/10\/yazdansaadigolobolbol-768x425.jpg 768w, https:\/\/golobolbol.shop\/wp-content\/uploads\/2021\/10\/yazdansaadigolobolbol-1536x850.jpg 1536w, https:\/\/golobolbol.shop\/wp-content\/uploads\/2021\/10\/yazdansaadigolobolbol-2048x1134.jpg 2048w, https:\/\/golobolbol.shop\/wp-content\/uploads\/2021\/10\/yazdansaadigolobolbol-600x332.jpg 600w, https:\/\/golobolbol.shop\/wp-content\/uploads\/2021\/10\/yazdansaadigolobolbol-163x90.jpg 163w\" sizes=\"auto, (max-width: 2549px) 100vw, 2549px\" \/><div class=\"wp-block-cover__inner-container is-layout-flow wp-block-cover-is-layout-flow\">\n<p class=\"has-text-align-center has-large-font-size\"><\/p>\n<\/div><\/div>\n\n\n\n<p>Yazdan Saadi est n\u00e9 en 1974 \u00e0 T\u00e9h\u00e9ran en Iran o\u00f9 il vit et travaille encore actuellement. Apr\u00e8s des \u00e9tudes de graphisme et de design industriel, il se lance dans une carri\u00e8re artistique sur plusieurs fronts (litt\u00e9rature, documentaires, peinture\u2026) et s\u2019efforce \u00e9galement de promouvoir l\u2019art brut en Iran. <\/p>\n\n\n\n<p>Dans ses \u0153uvres, Saadi mobilise diff\u00e9rents m\u00e9diums tels que le collage, le dessin ou la peinture. Il combine des \u00e9l\u00e9ments de la mythologie et de la po\u00e9sie persane qu\u2019il confronte \u00e0 des situations sociales et politiques actuelles.Dans cette s\u00e9lection de travaux r\u00e9cents r\u00e9unis sous le titre \u00ab Il \u00e9tait une fois \/ Il n\u2019\u00e9tait pas une fois\u00bb (libre adaptation du \u00ab Y\u00e9ki Boud, Y\u00e9ki Naboud \u00bb, expression rituelle qui ouvre les contes et renvoie au merveilleux), il poursuit sa narration mystique au travers de personnages \u00e9piques persans.<\/p>\n\n\n\n<p>Dans cette s\u00e9rie on voit des personnages inspir\u00e9s des r\u00e9cits \u00e9piques plac\u00e9s sur un \u00e9l\u00e9ment typique de la persiana : les pages d\u2019un recueil de po\u00e8mes de Hafez. Ce po\u00e8te classique est encore aujourd\u2019hui omnipr\u00e9sent au quotidien et son le c\u00e9l\u00e8bre recueil Divan s\u2019av\u00e8re un outil populaire pour tenter de deviner son futur en Iran. <\/p>\n\n\n\n<p>Si les protagonistes cherchent probablement la meilleure issue possible face \u00e0 leur destin tragique, les pages calligraphi\u00e9es constituent dans le cadre de ce collage une toile de fond graphique pour leur laisser libre cours. Surnaturelles et parfois presque absurdes (la t\u00eate d\u2019un Roi souriant coup\u00e9e par sa femme, la t\u00eate d\u2019un dragon en feu brul\u00e9, deux femmes et un homme se promenant debout sur un cheval, un cheval \u00e0 deux t\u00eates\u2026), ces sc\u00e8nes d\u2019une inqui\u00e9tante \u00e9tranget\u00e9 nous laissent imaginer nos propres narrations orientales et anciennes, celles qui n\u2019existent pas vraiment ou qui existent diff\u00e9remment\u2026<\/p>\n\n\n\n<p><\/p>\n\n\n<div data-block-name=\"woocommerce\/product-new\" data-categories=\"[547]\" data-columns=\"5\" data-rows=\"5\" class=\"wc-block-grid wp-block-product-new wp-block-woocommerce-product-new wc-block-product-new has-5-columns has-multiple-rows\"><ul class=\"wc-block-grid__products\"><li class=\"wc-block-grid__product\">\n\t\t\t\t<a href=\"https:\/\/golobolbol.shop\/en\/boutique\/art-en\/yazdan-saadi-en\/yazdan-saadi-yeki-boud-yeki-naboud-series-sawed-in-half\/\" class=\"wc-block-grid__product-link\">\n\t\t\t\t\t\n\t\t\t\t\t<div class=\"wc-block-grid__product-image\"><img loading=\"lazy\" decoding=\"async\" width=\"322\" height=\"474\" src=\"https:\/\/golobolbol.shop\/wp-content\/uploads\/2021\/10\/yazdansaadigolobolbol13-9in12cm-1.jpg\" class=\"attachment-woocommerce_thumbnail size-woocommerce_thumbnail\" alt=\"Yazdan Saadi - Yeki boud, Yeki naboud series - &quot;Sawed in half&quot;\" srcset=\"https:\/\/golobolbol.shop\/wp-content\/uploads\/2021\/10\/yazdansaadigolobolbol13-9in12cm-1.jpg 322w, https:\/\/golobolbol.shop\/wp-content\/uploads\/2021\/10\/yazdansaadigolobolbol13-9in12cm-1-204x300.jpg 204w\" sizes=\"auto, (max-width: 322px) 100vw, 322px\" \/><\/div>\n\t\t\t\t\t<div class=\"wc-block-grid__product-title\">Yazdan Saadi &#8211; Yeki boud, Yeki naboud series &#8211; &#8220;Sawed in half&#8221;<\/div>\n\t\t\t\t<\/a>\n\t\t\t\t<div class=\"wc-block-grid__product-price price\"><span class=\"woocommerce-Price-amount amount\">110,00<span class=\"woocommerce-Price-currencySymbol\">&euro;<\/span><\/span><\/div>\n\t\t\t\t\n\t\t\t\t<div class=\"wp-block-button wc-block-grid__product-add-to-cart\"><a href=\"\/en\/wp-json\/wp\/v2\/pages\/14629?add-to-cart=14578\" aria-label=\"Add to cart: &ldquo;Yazdan Saadi - Yeki boud, Yeki naboud series - &quot;Sawed in half&quot;&rdquo;\" data-quantity=\"1\" data-product_id=\"14578\" data-product_sku=\"\" data-price=\"110\" rel=\"nofollow\" class=\"wp-block-button__link  add_to_cart_button ajax_add_to_cart\">Add to cart<\/a><\/div>\n\t\t\t<\/li><li class=\"wc-block-grid__product\">\n\t\t\t\t<a href=\"https:\/\/golobolbol.shop\/en\/boutique\/art-en\/yazdan-saadi-en\/yazdan-saadi-yeki-boud-yeki-naboud-series-like-father-like-daughter\/\" class=\"wc-block-grid__product-link\">\n\t\t\t\t\t\n\t\t\t\t\t<div class=\"wc-block-grid__product-image\"><img loading=\"lazy\" decoding=\"async\" width=\"348\" height=\"496\" src=\"https:\/\/golobolbol.shop\/wp-content\/uploads\/2021\/10\/yazdansaadigolobolbol8-9in12cm-1.jpg\" class=\"attachment-woocommerce_thumbnail size-woocommerce_thumbnail\" alt=\"Yazdan Saadi - Yeki boud, Yeki naboud series - &quot;Like father, like daughter&quot;\" srcset=\"https:\/\/golobolbol.shop\/wp-content\/uploads\/2021\/10\/yazdansaadigolobolbol8-9in12cm-1.jpg 348w, https:\/\/golobolbol.shop\/wp-content\/uploads\/2021\/10\/yazdansaadigolobolbol8-9in12cm-1-210x300.jpg 210w\" sizes=\"auto, (max-width: 348px) 100vw, 348px\" \/><\/div>\n\t\t\t\t\t<div class=\"wc-block-grid__product-title\">Yazdan Saadi &#8211; Yeki boud, Yeki naboud series &#8211; &#8220;Like father, like daughter&#8221;<\/div>\n\t\t\t\t<\/a>\n\t\t\t\t<div class=\"wc-block-grid__product-price price\"><span class=\"woocommerce-Price-amount amount\">130,00<span class=\"woocommerce-Price-currencySymbol\">&euro;<\/span><\/span><\/div>\n\t\t\t\t\n\t\t\t\t<div class=\"wp-block-button wc-block-grid__product-add-to-cart\"><a href=\"https:\/\/golobolbol.shop\/en\/boutique\/art-en\/yazdan-saadi-en\/yazdan-saadi-yeki-boud-yeki-naboud-series-like-father-like-daughter\/\" aria-label=\"Read more about &ldquo;Yazdan Saadi - Yeki boud, Yeki naboud series - &quot;Like father, like daughter&quot;&rdquo;\" data-quantity=\"1\" data-product_id=\"14583\" data-product_sku=\"\" data-price=\"130\" rel=\"nofollow\" class=\"wp-block-button__link  add_to_cart_button\">Read more<\/a><\/div>\n\t\t\t<\/li><li class=\"wc-block-grid__product\">\n\t\t\t\t<a href=\"https:\/\/golobolbol.shop\/en\/boutique\/art-en\/yazdan-saadi-en\/yazdan-saadi-yeki-boud-yeki-naboud-series-a-gift-from-heaven\/\" class=\"wc-block-grid__product-link\">\n\t\t\t\t\t\n\t\t\t\t\t<div class=\"wc-block-grid__product-image\"><img loading=\"lazy\" decoding=\"async\" width=\"500\" height=\"640\" src=\"https:\/\/golobolbol.shop\/wp-content\/uploads\/2021\/10\/yazdansaadigolobolbol2-25in35-1-500x640.jpg\" class=\"attachment-woocommerce_thumbnail size-woocommerce_thumbnail\" alt=\"Yazdan Saadi - Yeki boud, Yeki naboud series - &quot;A gift from heaven&quot;\" \/><\/div>\n\t\t\t\t\t<div class=\"wc-block-grid__product-title\">Yazdan Saadi &#8211; Yeki boud, Yeki naboud series &#8211; &#8220;A gift from heaven&#8221;<\/div>\n\t\t\t\t<\/a>\n\t\t\t\t<div class=\"wc-block-grid__product-price price\"><span class=\"woocommerce-Price-amount amount\">380,00<span class=\"woocommerce-Price-currencySymbol\">&euro;<\/span><\/span><\/div>\n\t\t\t\t\n\t\t\t\t<div class=\"wp-block-button wc-block-grid__product-add-to-cart\"><a href=\"\/en\/wp-json\/wp\/v2\/pages\/14629?add-to-cart=14587\" aria-label=\"Add to cart: &ldquo;Yazdan Saadi - Yeki boud, Yeki naboud series - &quot;A gift from heaven&quot;&rdquo;\" data-quantity=\"1\" data-product_id=\"14587\" data-product_sku=\"\" data-price=\"380\" rel=\"nofollow\" class=\"wp-block-button__link  add_to_cart_button ajax_add_to_cart\">Add to cart<\/a><\/div>\n\t\t\t<\/li><\/ul><\/div>\n\n\n<p>Mehrin Mokhtari was born in Saveh (Central Iran) in 1959. She lives and works in Tehran. She started painting when the Revolution shut down the university where she was studying economics (indeed, all universities were closed in 1981 for 4 years). She also opened her own gallery and art school in Tehran. She is notably inspired by the political expressionism of the German painter Kathe Kullwits and followed the courses of the Iranian painter Hannibal Alkhas. She worked a lot on the figure of women before taking a more abstract approach and focusing on landscapes and nature, especially with the extensive use of the ceramic technique: she can cook and cook again ceramics until to obtain the desired shapes, including the accidents that occur during the process. Her works may seem abstract but, if we take a closer look, they are indeed very pictorial and very intimate. <\/p>\n\n\n\n<p>Here are different aspects of her painting work. <a href=\"https:\/\/golobolbol.shop\/en\/contact\/\">Contact us<\/a> for more information.<\/p>\n\n\n\n<p><\/p>\n\n\n\n<p><\/p>\n\n\n\n<div class=\"wp-block-getbowtied-tr-banner gbt_18_tr_banner\" style=\"height:230px\"><a class=\"gbt_18_tr_banner_wrapper\" href=\"https:\/\/golobolbol.shop\/en\/art\/\" target=\"_blank\" rel=\"noopener noreferrer\"><div class=\"gbt_18_tr_banner_wrapper_inner\"><div class=\"gbt_18_tr_banner_background\" style=\"background-color:#1d0cf4;background-image:url()\"><\/div><div class=\"gbt_18_tr_banner_content\" style=\"border:2px solid #fff\"><div class=\"gbt_18_tr_banner_text_content\"><h3 class=\"gbt_18_tr_banner_title\" style=\"color:#fff;font-size:55px\">Back to all the artists of the gallery<\/h3><p class=\"gbt_18_tr_banner_subtitle\" style=\"color:#fff;font-size:10px\"><\/p><\/div><\/div><\/div><\/a><\/div>\n","protected":false},"excerpt":{"rendered":"<p>Yazdan Saadi est n\u00e9 en 1974 \u00e0 T\u00e9h\u00e9ran en Iran o\u00f9 il vit et travaille encore actuellement. Apr\u00e8s des \u00e9tudes de graphisme et de design industriel, il se lance dans une carri\u00e8re artistique sur plusieurs fronts (litt\u00e9rature, documentaires, peinture\u2026) et s\u2019efforce \u00e9galement de promouvoir l\u2019art brut en Iran. Dans ses \u0153uvres, Saadi mobilise diff\u00e9rents m\u00e9diums [&hellip;]<\/p>\n","protected":false},"author":2,"featured_media":0,"parent":0,"menu_order":0,"comment_status":"closed","ping_status":"closed","template":"","meta":{"footnotes":""},"class_list":["post-14629","page","type-page","status-publish","hentry"],"yoast_head":"<!-- This site is optimized with the Yoast SEO plugin v27.2 - https:\/\/yoast.com\/product\/yoast-seo-wordpress\/ -->\n<title>Yazdan Saadi &#8211; GoloBolBol persian webshop - \u06af\u0644 \u0648 \u0628\u0644\u0628\u0644<\/title>\n<meta name=\"robots\" content=\"index, follow, max-snippet:-1, max-image-preview:large, max-video-preview:-1\" \/>\n<link rel=\"canonical\" href=\"https:\/\/golobolbol.shop\/en\/yazdan-saadi\/\" \/>\n<meta property=\"og:locale\" content=\"en_US\" \/>\n<meta property=\"og:type\" content=\"article\" \/>\n<meta property=\"og:title\" content=\"Yazdan Saadi &#8211; GoloBolBol persian webshop - \u06af\u0644 \u0648 \u0628\u0644\u0628\u0644\" \/>\n<meta property=\"og:description\" content=\"Yazdan Saadi est n\u00e9 en 1974 \u00e0 T\u00e9h\u00e9ran en Iran o\u00f9 il vit et travaille encore actuellement. Apr\u00e8s des \u00e9tudes de graphisme et de design industriel, il se lance dans une carri\u00e8re artistique sur plusieurs fronts (litt\u00e9rature, documentaires, peinture\u2026) et s\u2019efforce \u00e9galement de promouvoir l\u2019art brut en Iran. Dans ses \u0153uvres, Saadi mobilise diff\u00e9rents m\u00e9diums [&hellip;]\" \/>\n<meta property=\"og:url\" content=\"https:\/\/golobolbol.shop\/en\/yazdan-saadi\/\" \/>\n<meta property=\"og:site_name\" content=\"GoloBolBol persian webshop - \u06af\u0644 \u0648 \u0628\u0644\u0628\u0644\" \/>\n<meta property=\"article:publisher\" content=\"https:\/\/www.facebook.com\/golobolbolpersianwebshop\/\" \/>\n<meta property=\"article:modified_time\" content=\"2021-10-23T16:31:21+00:00\" \/>\n<meta property=\"og:image\" content=\"https:\/\/golobolbol.shop\/wp-content\/uploads\/2021\/10\/yazdansaadigolobolbol.jpg\" \/>\n<meta name=\"twitter:card\" content=\"summary_large_image\" \/>\n<meta name=\"twitter:label1\" content=\"Est. reading time\" \/>\n\t<meta name=\"twitter:data1\" content=\"3 minutes\" \/>\n<script type=\"application\/ld+json\" class=\"yoast-schema-graph\">{\"@context\":\"https:\/\/schema.org\",\"@graph\":[{\"@type\":\"WebPage\",\"@id\":\"https:\/\/golobolbol.shop\/en\/yazdan-saadi\/\",\"url\":\"https:\/\/golobolbol.shop\/en\/yazdan-saadi\/\",\"name\":\"Yazdan Saadi &#8211; GoloBolBol persian webshop - \u06af\u0644 \u0648 \u0628\u0644\u0628\u0644\",\"isPartOf\":{\"@id\":\"https:\/\/golobolbol.shop\/en\/#website\"},\"primaryImageOfPage\":{\"@id\":\"https:\/\/golobolbol.shop\/en\/yazdan-saadi\/#primaryimage\"},\"image\":{\"@id\":\"https:\/\/golobolbol.shop\/en\/yazdan-saadi\/#primaryimage\"},\"thumbnailUrl\":\"https:\/\/golobolbol.shop\/wp-content\/uploads\/2021\/10\/yazdansaadigolobolbol.jpg\",\"datePublished\":\"2021-10-07T09:26:42+00:00\",\"dateModified\":\"2021-10-23T16:31:21+00:00\",\"breadcrumb\":{\"@id\":\"https:\/\/golobolbol.shop\/en\/yazdan-saadi\/#breadcrumb\"},\"inLanguage\":\"en-US\",\"potentialAction\":[{\"@type\":\"ReadAction\",\"target\":[\"https:\/\/golobolbol.shop\/en\/yazdan-saadi\/\"]}]},{\"@type\":\"ImageObject\",\"inLanguage\":\"en-US\",\"@id\":\"https:\/\/golobolbol.shop\/en\/yazdan-saadi\/#primaryimage\",\"url\":\"https:\/\/golobolbol.shop\/wp-content\/uploads\/2021\/10\/yazdansaadigolobolbol.jpg\",\"contentUrl\":\"https:\/\/golobolbol.shop\/wp-content\/uploads\/2021\/10\/yazdansaadigolobolbol.jpg\"},{\"@type\":\"BreadcrumbList\",\"@id\":\"https:\/\/golobolbol.shop\/en\/yazdan-saadi\/#breadcrumb\",\"itemListElement\":[{\"@type\":\"ListItem\",\"position\":1,\"name\":\"Homepage\",\"item\":\"https:\/\/golobolbol.shop\/en\/\"},{\"@type\":\"ListItem\",\"position\":2,\"name\":\"Yazdan Saadi\"}]},{\"@type\":\"WebSite\",\"@id\":\"https:\/\/golobolbol.shop\/en\/#website\",\"url\":\"https:\/\/golobolbol.shop\/en\/\",\"name\":\"GoloBolBol persian webshop - \u06af\u0644 \u0648 \u0628\u0644\u0628\u0644\",\"description\":\"From Persia with love !\",\"publisher\":{\"@id\":\"https:\/\/golobolbol.shop\/en\/#organization\"},\"potentialAction\":[{\"@type\":\"SearchAction\",\"target\":{\"@type\":\"EntryPoint\",\"urlTemplate\":\"https:\/\/golobolbol.shop\/en\/?s={search_term_string}\"},\"query-input\":{\"@type\":\"PropertyValueSpecification\",\"valueRequired\":true,\"valueName\":\"search_term_string\"}}],\"inLanguage\":\"en-US\"},{\"@type\":\"Organization\",\"@id\":\"https:\/\/golobolbol.shop\/en\/#organization\",\"name\":\"GoloBolBol Persian Webshop\",\"url\":\"https:\/\/golobolbol.shop\/en\/\",\"logo\":{\"@type\":\"ImageObject\",\"inLanguage\":\"en-US\",\"@id\":\"https:\/\/golobolbol.shop\/en\/#\/schema\/logo\/image\/\",\"url\":\"https:\/\/golobolbol.shop\/wp-content\/uploads\/2020\/03\/GOLTEST1-4.png\",\"contentUrl\":\"https:\/\/golobolbol.shop\/wp-content\/uploads\/2020\/03\/GOLTEST1-4.png\",\"width\":283,\"height\":151,\"caption\":\"GoloBolBol Persian Webshop\"},\"image\":{\"@id\":\"https:\/\/golobolbol.shop\/en\/#\/schema\/logo\/image\/\"},\"sameAs\":[\"https:\/\/www.facebook.com\/golobolbolpersianwebshop\/\",\"https:\/\/www.instagram.com\/golobolbol_persianwebshop\"]}]}<\/script>\n<!-- \/ Yoast SEO plugin. -->","yoast_head_json":{"title":"Yazdan Saadi &#8211; GoloBolBol persian webshop - \u06af\u0644 \u0648 \u0628\u0644\u0628\u0644","robots":{"index":"index","follow":"follow","max-snippet":"max-snippet:-1","max-image-preview":"max-image-preview:large","max-video-preview":"max-video-preview:-1"},"canonical":"https:\/\/golobolbol.shop\/en\/yazdan-saadi\/","og_locale":"en_US","og_type":"article","og_title":"Yazdan Saadi &#8211; GoloBolBol persian webshop - \u06af\u0644 \u0648 \u0628\u0644\u0628\u0644","og_description":"Yazdan Saadi est n\u00e9 en 1974 \u00e0 T\u00e9h\u00e9ran en Iran o\u00f9 il vit et travaille encore actuellement. Apr\u00e8s des \u00e9tudes de graphisme et de design industriel, il se lance dans une carri\u00e8re artistique sur plusieurs fronts (litt\u00e9rature, documentaires, peinture\u2026) et s\u2019efforce \u00e9galement de promouvoir l\u2019art brut en Iran. Dans ses \u0153uvres, Saadi mobilise diff\u00e9rents m\u00e9diums [&hellip;]","og_url":"https:\/\/golobolbol.shop\/en\/yazdan-saadi\/","og_site_name":"GoloBolBol persian webshop - \u06af\u0644 \u0648 \u0628\u0644\u0628\u0644","article_publisher":"https:\/\/www.facebook.com\/golobolbolpersianwebshop\/","article_modified_time":"2021-10-23T16:31:21+00:00","og_image":[{"url":"https:\/\/golobolbol.shop\/wp-content\/uploads\/2021\/10\/yazdansaadigolobolbol.jpg","type":"","width":"","height":""}],"twitter_card":"summary_large_image","twitter_misc":{"Est. reading time":"3 minutes"},"schema":{"@context":"https:\/\/schema.org","@graph":[{"@type":"WebPage","@id":"https:\/\/golobolbol.shop\/en\/yazdan-saadi\/","url":"https:\/\/golobolbol.shop\/en\/yazdan-saadi\/","name":"Yazdan Saadi &#8211; GoloBolBol persian webshop - \u06af\u0644 \u0648 \u0628\u0644\u0628\u0644","isPartOf":{"@id":"https:\/\/golobolbol.shop\/en\/#website"},"primaryImageOfPage":{"@id":"https:\/\/golobolbol.shop\/en\/yazdan-saadi\/#primaryimage"},"image":{"@id":"https:\/\/golobolbol.shop\/en\/yazdan-saadi\/#primaryimage"},"thumbnailUrl":"https:\/\/golobolbol.shop\/wp-content\/uploads\/2021\/10\/yazdansaadigolobolbol.jpg","datePublished":"2021-10-07T09:26:42+00:00","dateModified":"2021-10-23T16:31:21+00:00","breadcrumb":{"@id":"https:\/\/golobolbol.shop\/en\/yazdan-saadi\/#breadcrumb"},"inLanguage":"en-US","potentialAction":[{"@type":"ReadAction","target":["https:\/\/golobolbol.shop\/en\/yazdan-saadi\/"]}]},{"@type":"ImageObject","inLanguage":"en-US","@id":"https:\/\/golobolbol.shop\/en\/yazdan-saadi\/#primaryimage","url":"https:\/\/golobolbol.shop\/wp-content\/uploads\/2021\/10\/yazdansaadigolobolbol.jpg","contentUrl":"https:\/\/golobolbol.shop\/wp-content\/uploads\/2021\/10\/yazdansaadigolobolbol.jpg"},{"@type":"BreadcrumbList","@id":"https:\/\/golobolbol.shop\/en\/yazdan-saadi\/#breadcrumb","itemListElement":[{"@type":"ListItem","position":1,"name":"Homepage","item":"https:\/\/golobolbol.shop\/en\/"},{"@type":"ListItem","position":2,"name":"Yazdan Saadi"}]},{"@type":"WebSite","@id":"https:\/\/golobolbol.shop\/en\/#website","url":"https:\/\/golobolbol.shop\/en\/","name":"GoloBolBol persian webshop - \u06af\u0644 \u0648 \u0628\u0644\u0628\u0644","description":"From Persia with love !","publisher":{"@id":"https:\/\/golobolbol.shop\/en\/#organization"},"potentialAction":[{"@type":"SearchAction","target":{"@type":"EntryPoint","urlTemplate":"https:\/\/golobolbol.shop\/en\/?s={search_term_string}"},"query-input":{"@type":"PropertyValueSpecification","valueRequired":true,"valueName":"search_term_string"}}],"inLanguage":"en-US"},{"@type":"Organization","@id":"https:\/\/golobolbol.shop\/en\/#organization","name":"GoloBolBol Persian Webshop","url":"https:\/\/golobolbol.shop\/en\/","logo":{"@type":"ImageObject","inLanguage":"en-US","@id":"https:\/\/golobolbol.shop\/en\/#\/schema\/logo\/image\/","url":"https:\/\/golobolbol.shop\/wp-content\/uploads\/2020\/03\/GOLTEST1-4.png","contentUrl":"https:\/\/golobolbol.shop\/wp-content\/uploads\/2020\/03\/GOLTEST1-4.png","width":283,"height":151,"caption":"GoloBolBol Persian Webshop"},"image":{"@id":"https:\/\/golobolbol.shop\/en\/#\/schema\/logo\/image\/"},"sameAs":["https:\/\/www.facebook.com\/golobolbolpersianwebshop\/","https:\/\/www.instagram.com\/golobolbol_persianwebshop"]}]}},"_links":{"self":[{"href":"https:\/\/golobolbol.shop\/en\/wp-json\/wp\/v2\/pages\/14629","targetHints":{"allow":["GET"]}}],"collection":[{"href":"https:\/\/golobolbol.shop\/en\/wp-json\/wp\/v2\/pages"}],"about":[{"href":"https:\/\/golobolbol.shop\/en\/wp-json\/wp\/v2\/types\/page"}],"author":[{"embeddable":true,"href":"https:\/\/golobolbol.shop\/en\/wp-json\/wp\/v2\/users\/2"}],"replies":[{"embeddable":true,"href":"https:\/\/golobolbol.shop\/en\/wp-json\/wp\/v2\/comments?post=14629"}],"version-history":[{"count":0,"href":"https:\/\/golobolbol.shop\/en\/wp-json\/wp\/v2\/pages\/14629\/revisions"}],"wp:attachment":[{"href":"https:\/\/golobolbol.shop\/en\/wp-json\/wp\/v2\/media?parent=14629"}],"curies":[{"name":"wp","href":"https:\/\/api.w.org\/{rel}","templated":true}]}}