{"id":6845,"date":"2020-05-09T13:31:11","date_gmt":"2020-05-09T11:31:11","guid":{"rendered":"https:\/\/golobolbol.shop\/?page_id=6845"},"modified":"2020-05-09T13:31:13","modified_gmt":"2020-05-09T11:31:13","slug":"subscribe-to-our-mailing-list","status":"publish","type":"page","link":"https:\/\/golobolbol.shop\/en\/subscribe-to-our-mailing-list\/","title":{"rendered":"Subscribe to our mailing-list"},"content":{"rendered":"\n<!-- Begin Sendinblue Form -->\n<!-- START - We recommend to place the below code in head tag of your website html  -->\n<style>\n  @font-face {\n    font-display: block;\n    font-family: Roboto;\n    src: url(https:\/\/assets.sendinblue.com\/font\/Roboto\/Latin\/normal\/normal\/7529907e9eaf8ebb5220c5f9850e3811.woff2) format(\"woff2\"), url(https:\/\/assets.sendinblue.com\/font\/Roboto\/Latin\/normal\/normal\/25c678feafdc175a70922a116c9be3e7.woff) format(\"woff\")\n  }\n\n  @font-face {\n    font-display: fallback;\n    font-family: Roboto;\n    font-weight: 600;\n    src: url(https:\/\/assets.sendinblue.com\/font\/Roboto\/Latin\/medium\/normal\/6e9caeeafb1f3491be3e32744bc30440.woff2) format(\"woff2\"), url(https:\/\/assets.sendinblue.com\/font\/Roboto\/Latin\/medium\/normal\/71501f0d8d5aa95960f6475d5487d4c2.woff) format(\"woff\")\n  }\n\n  @font-face {\n    font-display: fallback;\n    font-family: Roboto;\n    font-weight: 700;\n    src: url(https:\/\/assets.sendinblue.com\/font\/Roboto\/Latin\/bold\/normal\/3ef7cf158f310cf752d5ad08cd0e7e60.woff2) format(\"woff2\"), url(https:\/\/assets.sendinblue.com\/font\/Roboto\/Latin\/bold\/normal\/ece3a1d82f18b60bcce0211725c476aa.woff) format(\"woff\")\n  }\n\n  #sib-container input:-ms-input-placeholder {\n    text-align: left;\n    font-family: \"Helvetica\", sans-serif;\n    color: #c0ccda;\n    border-width: px;\n  }\n\n  #sib-container input::placeholder {\n    text-align: left;\n    font-family: \"Helvetica\", sans-serif;\n    color: #c0ccda;\n    border-width: px;\n  }\n\n  #sib-container textarea::placeholder {\n    text-align: left;\n    font-family: \"Helvetica\", sans-serif;\n    color: #c0ccda;\n    border-width: px;\n  }\n<\/style>\n<link rel=\"stylesheet\" href=\"https:\/\/sibforms.com\/forms\/end-form\/build\/sib-styles.css\">\n<!--  END - We recommend to place the above code in head tag of your website html -->\n\n<!-- START - We recommend to place the below code where you want the form in your website html  -->\n<div class=\"sib-form\" style=\"text-align: left;\n                 background-image: url(https:\/\/img.mailinblue.com\/2584865\/images\/rnb\/original\/5e67db1d241aa3382204022d.png);           background-size: cover;         background-repeat: no-repeat;         background-position: center center; \">\n  <div id=\"sib-form-container\" class=\"sib-form-container\">\n    <div id=\"error-message\" class=\"sib-form-message-panel\" style=\"font-size:16px; text-align:left; font-family:&quot;Helvetica&quot;, sans-serif; color:#661d1d; background-color:#ffeded; border-radius:3px; border-width:px; border-color:#ff4949;max-width:540px; border-width:px;\">\n      <div class=\"sib-form-message-panel__text sib-form-message-panel__text--center\">\n        <svg viewBox=\"0 0 512 512\" class=\"sib-icon sib-notification__icon\">\n          <path d=\"M256 40c118.621 0 216 96.075 216 216 0 119.291-96.61 216-216 216-119.244 0-216-96.562-216-216 0-119.203 96.602-216 216-216m0-32C119.043 8 8 119.083 8 256c0 136.997 111.043 248 248 248s248-111.003 248-248C504 119.083 392.957 8 256 8zm-11.49 120h22.979c6.823 0 12.274 5.682 11.99 12.5l-7 168c-.268 6.428-5.556 11.5-11.99 11.5h-8.979c-6.433 0-11.722-5.073-11.99-11.5l-7-168c-.283-6.818 5.167-12.5 11.99-12.5zM256 340c-15.464 0-28 12.536-28 28s12.536 28 28 28 28-12.536 28-28-12.536-28-28-28z\"><\/path>\n        <\/svg>\n        <span class=\"sib-form-message-panel__inner-text\">\n                          Nous n&#8217;avons pas pu confirmer votre inscription.\n                      <\/span>\n      <\/div>\n    <\/div>\n    <div><\/div>\n    <div id=\"success-message\" class=\"sib-form-message-panel\" style=\"font-size:16px; text-align:left; font-family:&quot;Helvetica&quot;, sans-serif; color:#085229; background-color:#e7faf0; border-radius:3px; border-width:px; border-color:#13ce66;max-width:540px; border-width:px;\">\n      <div class=\"sib-form-message-panel__text sib-form-message-panel__text--center\">\n        <svg viewBox=\"0 0 512 512\" class=\"sib-icon sib-notification__icon\">\n          <path d=\"M256 8C119.033 8 8 119.033 8 256s111.033 248 248 248 248-111.033 248-248S392.967 8 256 8zm0 464c-118.664 0-216-96.055-216-216 0-118.663 96.055-216 216-216 118.664 0 216 96.055 216 216 0 118.663-96.055 216-216 216zm141.63-274.961L217.15 376.071c-4.705 4.667-12.303 4.637-16.97-.068l-85.878-86.572c-4.667-4.705-4.637-12.303.068-16.97l8.52-8.451c4.705-4.667 12.303-4.637 16.97.068l68.976 69.533 163.441-162.13c4.705-4.667 12.303-4.637 16.97.068l8.451 8.52c4.668 4.705 4.637 12.303-.068 16.97z\"><\/path>\n        <\/svg>\n        <span class=\"sib-form-message-panel__inner-text\">\n                          Votre inscription est confirm\u00e9e.\n                      <\/span>\n      <\/div>\n    <\/div>\n    <div><\/div>\n    <div id=\"sib-container\" class=\"sib-container--large sib-container--vertical\" style=\"text-align:left; background-color:rgba(255,255,255,1); max-width:540px; border-radius:3px; border-width:1px; border-color:#C0CCD9; border-style:solid;\">\n      <form id=\"sib-form\" method=\"POST\" action=\"https:\/\/3c9f57f9.sibforms.com\/serve\/MUIEAE4pMP3wIUeQT-IR0YADPrc5WYAc9kein__EQMn-hc2NIaFQgtQ6ZXCrXTLkXBuZsyDHze-6hZRYy8UF7qknQ_LPaHy-qDVooW72mjbzCuNhjDF8L2HWD4IlsKlkcriQ7P1P9gKniDvQ7PoE8vbFtSzxCSxgWVYSQrEdmnHYFoydO3cp5nEqYMtz1F3zrLnPokayLk5vbMKp\" data-type=\"subscription\">\n        <div style=\"padding: 16px 0;\">\n          <div class=\"sib-form-block\" style=\"font-size:16px; text-align:left; font-family:&quot;Helvetica&quot;, sans-serif; color:#3C4858; background-color:transparent; border-width:px;\">\n            <div class=\"sib-text-form-block\">\n              <p>Inscrivez-vous \u00e0 notre mailing-list pour suivre notre actualit\u00e9 !<\/p>\n            <\/div>\n          <\/div>\n        <\/div>\n        <div style=\"padding: 16px 0;\">\n          <div class=\"sib-input sib-form-block\">\n            <div class=\"form__entry entry_block\">\n              <div class=\"form__label-row \">\n                <label class=\"entry__label\" style=\"font-size:16px; text-align:left; font-weight:700; font-family:&quot;Helvetica&quot;, sans-serif; color:#3c4858; border-width:px;\" for=\"EMAIL\" data-required=\"*\">\n                  Veuillez renseigner votre adresse email pour vous inscrire\n                <\/label>\n\n                <div class=\"entry__field\">\n                  <input class=\"input\" type=\"text\" id=\"EMAIL\" name=\"EMAIL\" autocomplete=\"off\" placeholder=\"EMAIL\" data-required=\"true\" required=\"\">\n                <\/div>\n              <\/div>\n\n              <label class=\"entry__error entry__error--primary\" style=\"font-size:16px; text-align:left; font-family:&quot;Helvetica&quot;, sans-serif; color:#661d1d; background-color:#ffeded; border-radius:3px; border-width:px; border-color:#ff4949;\">\n              <\/label>\n              <label class=\"entry__specification\" style=\"font-size:12px; text-align:left; font-family:&quot;Helvetica&quot;, sans-serif; color:#8390A4; border-width:px;\">\n                Veuillez renseigner votre adresse email pour vous inscrire. Ex. : abc@xyz.com\n              <\/label>\n            <\/div>\n          <\/div>\n        <\/div>\n        <div style=\"padding: 16px 0;\">\n          <div class=\"sib-optin sib-form-block\">\n            <div class=\"form__entry entry_mcq\">\n              <div class=\"form__label-row \">\n                <div class=\"entry__choice\">\n                  <label>\n                    <input type=\"checkbox\" class=\"input_replaced\" value=\"1\" id=\"OPT_IN\" name=\"OPT_IN\">\n                    <span class=\"checkbox checkbox_tick_positive\"><\/span><span style=\"font-size:14px; text-align:left; font-family:&quot;Helvetica&quot;, sans-serif; color:#3C4858; background-color:transparent; border-width:px;\"><p>J&#8217;accepte de recevoir les e-mails de GoloBolBol Persian Shop et confirme avoir pris connaissance de votre <a href=\"https:\/\/golobolbol.shop\/politique-de-confidentialite\/\" target=\"_blank\" rel=\"noopener noreferrer\">politique de confidentialit\u00e9<\/a>.<\/p><\/span>                    <\/label>\n                <\/div>\n              <\/div>\n              <label class=\"entry__error entry__error--primary\" style=\"font-size:16px; text-align:left; font-family:&quot;Helvetica&quot;, sans-serif; color:#661d1d; background-color:#ffeded; border-radius:3px; border-width:px; border-color:#ff4949;\">\n              <\/label>\n              <label class=\"entry__specification\" style=\"font-size:12px; text-align:left; font-family:&quot;Helvetica&quot;, sans-serif; color:#8390A4; border-width:px;\">\n                Vous pouvez vous d\u00e9sinscrire \u00e0 tout moment en cliquant sur le lien pr\u00e9sent dans nos emails.\n              <\/label>\n            <\/div>\n          <\/div>\n        <\/div>\n        <div style=\"padding: 16px 0;\">\n          <div class=\"sib-form__declaration\">\n            <div class=\"declaration-block-icon\">\n              <svg class=\"icon__SVG\" width=\"0\" height=\"0\" version=\"1.1\" xmlns=\"http:\/\/www.w3.org\/2000\/svg\">\n                <defs>\n                  <symbol id=\"svgIcon-sphere\" viewBox=\"0 0 63 63\">\n                    <path class=\"path1\" d=\"M31.54 0l1.05 3.06 3.385-.01-2.735 1.897 1.05 3.042-2.748-1.886-2.738 1.886 1.044-3.05-2.745-1.897h3.393zm13.97 3.019L46.555 6.4l3.384.01-2.743 2.101 1.048 3.387-2.752-2.1-2.752 2.1 1.054-3.382-2.745-2.105h3.385zm9.998 10.056l1.039 3.382h3.38l-2.751 2.1 1.05 3.382-2.744-2.091-2.743 2.091 1.054-3.381-2.754-2.1h3.385zM58.58 27.1l1.04 3.372h3.379l-2.752 2.096 1.05 3.387-2.744-2.091-2.75 2.092 1.054-3.387-2.747-2.097h3.376zm-3.076 14.02l1.044 3.364h3.385l-2.743 2.09 1.05 3.392-2.744-2.097-2.743 2.097 1.052-3.377-2.752-2.117 3.385-.01zm-9.985 9.91l1.045 3.364h3.393l-2.752 2.09 1.05 3.393-2.745-2.097-2.743 2.097 1.05-3.383-2.751-2.1 3.384-.01zM31.45 55.01l1.044 3.043 3.393-.008-2.752 1.9L34.19 63l-2.744-1.895-2.748 1.891 1.054-3.05-2.743-1.9h3.384zm-13.934-3.98l1.036 3.364h3.402l-2.752 2.09 1.053 3.393-2.747-2.097-2.752 2.097 1.053-3.382-2.743-2.1 3.384-.01zm-9.981-9.91l1.045 3.364h3.398l-2.748 2.09 1.05 3.392-2.753-2.1-2.752 2.096 1.053-3.382-2.743-2.102 3.384-.009zM4.466 27.1l1.038 3.372H8.88l-2.752 2.097 1.053 3.387-2.743-2.09-2.748 2.09 1.053-3.387L0 30.472h3.385zm3.069-14.025l1.045 3.382h3.395L9.23 18.56l1.05 3.381-2.752-2.09-2.752 2.09 1.053-3.381-2.744-2.1h3.384zm9.99-10.056L18.57 6.4l3.393.01-2.743 2.1 1.05 3.373-2.754-2.092-2.751 2.092 1.053-3.382-2.744-2.1h3.384zm24.938 19.394l-10-4.22a2.48 2.48 0 00-1.921 0l-10 4.22A2.529 2.529 0 0019 24.75c0 10.47 5.964 17.705 11.537 20.057a2.48 2.48 0 001.921 0C36.921 42.924 44 36.421 44 24.75a2.532 2.532 0 00-1.537-2.336zm-2.46 6.023l-9.583 9.705a.83.83 0 01-1.177 0l-5.416-5.485a.855.855 0 010-1.192l1.177-1.192a.83.83 0 011.177 0l3.65 3.697 7.819-7.916a.83.83 0 011.177 0l1.177 1.191a.843.843 0 010 1.192z\" fill=\"#0092FF\"><\/path>\n                  <\/symbol>\n                <\/defs>\n              <\/svg>\n              <svg class=\"svgIcon-sphere\" style=\"width:63px; height:63px;\">\n                <use xlink:href=\"#svgIcon-sphere\"><\/use>\n              <\/svg>\n            <\/div>\n            <p style=\"font-size:14px; text-align:left; font-family:&quot;Helvetica&quot;, sans-serif; color:#687484; background-color:transparent; border-width:px;\">\n              Nous utilisons Sendinblue en tant que plateforme marketing. En soumettant ce formulaire, vous reconnaissez que les informations que vous allez fournir seront transmises \u00e0 Sendinblue en sa qualit\u00e9 de processeur de donn\u00e9es; et ce conform\u00e9ment \u00e0 ses\n              <a target=\"_blank\" class=\"clickable_link\" href=\"https:\/\/fr.sendinblue.com\/legal\/termsofuse\/\" rel=\"noopener noreferrer\">conditions g\u00e9n\u00e9rales d&#8217;utilisation<\/a>.\n            <\/p>\n          <\/div>\n\n        <\/div>\n        <div style=\"padding: 16px 0;\">\n          <div class=\"sib-captcha sib-form-block\">\n            <div class=\"form__entry entry_block\">\n              <div class=\"form__label-row \">\n                <script>\n                  function handleCaptchaResponse() {\n                    var event = new Event('captchaChange');\n                    document.getElementById('sib-captcha').dispatchEvent(event);\n                  }\n                <\/script>\n                <div class=\"g-recaptcha sib-visible-recaptcha\" id=\"sib-captcha\" data-sitekey=\"6LeRZeEUAAAAAMPZBSwNM_NxXr-ftyNn4hMK9OZJ\" data-callback=\"handleCaptchaResponse\"><\/div>\n              <\/div>\n              <label class=\"entry__error entry__error--primary\" style=\"font-size:16px; text-align:left; font-family:&quot;Helvetica&quot;, sans-serif; color:#661d1d; background-color:#ffeded; border-radius:3px; border-width:px; border-color:#ff4949;\">\n              <\/label>\n            <\/div>\n          <\/div>\n        <\/div>\n        <div style=\"padding: 16px 0;\">\n          <div class=\"sib-form-block\" style=\"text-align: left\">\n            <button class=\"sib-form-block__button sib-form-block__button-with-loader\" style=\"font-size:16px; text-align:left; font-weight:700; font-family:&quot;Helvetica&quot;, sans-serif; color:#FFFFFF; background-color:#3E4857; border-radius:3px; border-width:0px;\" form=\"sib-form\" type=\"submit\">\n              <svg class=\"icon clickable__icon progress-indicator__icon sib-hide-loader-icon\" viewBox=\"0 0 512 512\">\n                <path d=\"M460.116 373.846l-20.823-12.022c-5.541-3.199-7.54-10.159-4.663-15.874 30.137-59.886 28.343-131.652-5.386-189.946-33.641-58.394-94.896-95.833-161.827-99.676C261.028 55.961 256 50.751 256 44.352V20.309c0-6.904 5.808-12.337 12.703-11.982 83.556 4.306 160.163 50.864 202.11 123.677 42.063 72.696 44.079 162.316 6.031 236.832-3.14 6.148-10.75 8.461-16.728 5.01z\"><\/path>\n              <\/svg>\n              S&#8217;INSCRIRE\n            <\/button>\n          <\/div>\n        <\/div>\n\n        <input type=\"text\" name=\"email_address_check\" value=\"\" class=\"input--hidden\">\n        <input type=\"hidden\" name=\"locale\" value=\"fr\">\n      <\/form>\n    <\/div>\n  <\/div>\n<\/div>\n<!-- END - We recommend to place the below code where you want the form in your website html  -->\n\n<!-- START - We recommend to place the below code in footer or bottom of your website html  -->\n<script>\n  window.REQUIRED_CODE_ERROR_MESSAGE = 'Veuillez choisir un code pays';\n\n  window.EMAIL_INVALID_MESSAGE = window.SMS_INVALID_MESSAGE = \"Les informations que vous avez fournies ne sont pas valides. Veuillez v\u00e9rifier le format du champ et r\u00e9essayer.\";\n\n  window.REQUIRED_ERROR_MESSAGE = \"Vous devez renseigner ce champ. \";\n\n  window.GENERIC_INVALID_MESSAGE = \"Les informations que vous avez fournies ne sont pas valides. Veuillez v\u00e9rifier le format du champ et r\u00e9essayer.\";\n\n\n\n\n  window.translation = {\n    common: {\n      selectedList: '{quantity} liste s\u00e9lectionn\u00e9e',\n      selectedLists: '{quantity} listes s\u00e9lectionn\u00e9es'\n    }\n  };\n\n  var AUTOHIDE = Boolean(0);\n<\/script>\n<script src=\"https:\/\/sibforms.com\/forms\/end-form\/build\/main.js\">\n<\/script>\n<script src=\"https:\/\/www.google.com\/recaptcha\/api.js?hl=fr\"><\/script>\n<!-- END - We recommend to place the above code in footer or bottom of your website html  -->\n<!-- End Sendinblue Form -->\n\n\n\n<h2 class=\"has-text-align-center wp-block-heading\"><a href=\"https:\/\/golobolbol.shop\/shop\/\">Retourner au magasin<\/a><\/h2>\n\n\n\n<p><\/p>\n","protected":false},"excerpt":{"rendered":"<p>Nous n&#8217;avons pas pu confirmer votre inscription. Votre inscription est confirm\u00e9e. Inscrivez-vous \u00e0 notre mailing-list pour suivre notre actualit\u00e9 ! Veuillez renseigner votre adresse email pour vous inscrire Veuillez renseigner votre adresse email pour vous inscrire. Ex. : abc@xyz.com J&#8217;accepte de recevoir les e-mails de GoloBolBol Persian Shop et confirme avoir pris connaissance de votre [&hellip;]<\/p>\n","protected":false},"author":1,"featured_media":0,"parent":0,"menu_order":0,"comment_status":"closed","ping_status":"closed","template":"","meta":{"footnotes":""},"class_list":["post-6845","page","type-page","status-publish","hentry"],"yoast_head":"<!-- This site is optimized with the Yoast SEO plugin v27.2 - https:\/\/yoast.com\/product\/yoast-seo-wordpress\/ -->\n<title>Subscribe to our mailing-list &#8211; GoloBolBol persian webshop - \u06af\u0644 \u0648 \u0628\u0644\u0628\u0644<\/title>\n<meta name=\"robots\" content=\"index, follow, max-snippet:-1, max-image-preview:large, max-video-preview:-1\" \/>\n<link rel=\"canonical\" href=\"https:\/\/golobolbol.shop\/en\/subscribe-to-our-mailing-list\/\" \/>\n<meta property=\"og:locale\" content=\"en_US\" \/>\n<meta property=\"og:type\" content=\"article\" \/>\n<meta property=\"og:title\" content=\"Subscribe to our mailing-list &#8211; GoloBolBol persian webshop - \u06af\u0644 \u0648 \u0628\u0644\u0628\u0644\" \/>\n<meta property=\"og:description\" content=\"Nous n&#8217;avons pas pu confirmer votre inscription. Votre inscription est confirm\u00e9e. Inscrivez-vous \u00e0 notre mailing-list pour suivre notre actualit\u00e9 ! Veuillez renseigner votre adresse email pour vous inscrire Veuillez renseigner votre adresse email pour vous inscrire. Ex. : abc@xyz.com J&#8217;accepte de recevoir les e-mails de GoloBolBol Persian Shop et confirme avoir pris connaissance de votre [&hellip;]\" \/>\n<meta property=\"og:url\" content=\"https:\/\/golobolbol.shop\/en\/subscribe-to-our-mailing-list\/\" \/>\n<meta property=\"og:site_name\" content=\"GoloBolBol persian webshop - \u06af\u0644 \u0648 \u0628\u0644\u0628\u0644\" \/>\n<meta property=\"article:publisher\" content=\"https:\/\/www.facebook.com\/golobolbolpersianwebshop\/\" \/>\n<meta property=\"article:modified_time\" content=\"2020-05-09T11:31:13+00:00\" \/>\n<meta property=\"og:image\" content=\"https:\/\/golobolbol.shop\/wp-content\/uploads\/2020\/03\/89466360_234635144329943_8011376469726986240_n.jpg\" \/>\n\t<meta property=\"og:image:width\" content=\"1819\" \/>\n\t<meta property=\"og:image:height\" content=\"1063\" \/>\n\t<meta property=\"og:image:type\" content=\"image\/jpeg\" \/>\n<meta name=\"twitter:card\" content=\"summary_large_image\" \/>\n<meta name=\"twitter:label1\" content=\"Est. reading time\" \/>\n\t<meta name=\"twitter:data1\" content=\"1 minute\" \/>\n<script type=\"application\/ld+json\" class=\"yoast-schema-graph\">{\"@context\":\"https:\/\/schema.org\",\"@graph\":[{\"@type\":\"WebPage\",\"@id\":\"https:\/\/golobolbol.shop\/en\/subscribe-to-our-mailing-list\/\",\"url\":\"https:\/\/golobolbol.shop\/en\/subscribe-to-our-mailing-list\/\",\"name\":\"Subscribe to our mailing-list &#8211; GoloBolBol persian webshop - \u06af\u0644 \u0648 \u0628\u0644\u0628\u0644\",\"isPartOf\":{\"@id\":\"https:\/\/golobolbol.shop\/en\/#website\"},\"datePublished\":\"2020-05-09T11:31:11+00:00\",\"dateModified\":\"2020-05-09T11:31:13+00:00\",\"breadcrumb\":{\"@id\":\"https:\/\/golobolbol.shop\/en\/subscribe-to-our-mailing-list\/#breadcrumb\"},\"inLanguage\":\"en-US\",\"potentialAction\":[{\"@type\":\"ReadAction\",\"target\":[\"https:\/\/golobolbol.shop\/en\/subscribe-to-our-mailing-list\/\"]}]},{\"@type\":\"BreadcrumbList\",\"@id\":\"https:\/\/golobolbol.shop\/en\/subscribe-to-our-mailing-list\/#breadcrumb\",\"itemListElement\":[{\"@type\":\"ListItem\",\"position\":1,\"name\":\"Homepage\",\"item\":\"https:\/\/golobolbol.shop\/en\/\"},{\"@type\":\"ListItem\",\"position\":2,\"name\":\"Subscribe to our mailing-list\"}]},{\"@type\":\"WebSite\",\"@id\":\"https:\/\/golobolbol.shop\/en\/#website\",\"url\":\"https:\/\/golobolbol.shop\/en\/\",\"name\":\"GoloBolBol persian webshop - \u06af\u0644 \u0648 \u0628\u0644\u0628\u0644\",\"description\":\"From Persia with love !\",\"publisher\":{\"@id\":\"https:\/\/golobolbol.shop\/en\/#organization\"},\"potentialAction\":[{\"@type\":\"SearchAction\",\"target\":{\"@type\":\"EntryPoint\",\"urlTemplate\":\"https:\/\/golobolbol.shop\/en\/?s={search_term_string}\"},\"query-input\":{\"@type\":\"PropertyValueSpecification\",\"valueRequired\":true,\"valueName\":\"search_term_string\"}}],\"inLanguage\":\"en-US\"},{\"@type\":\"Organization\",\"@id\":\"https:\/\/golobolbol.shop\/en\/#organization\",\"name\":\"GoloBolBol Persian Webshop\",\"url\":\"https:\/\/golobolbol.shop\/en\/\",\"logo\":{\"@type\":\"ImageObject\",\"inLanguage\":\"en-US\",\"@id\":\"https:\/\/golobolbol.shop\/en\/#\/schema\/logo\/image\/\",\"url\":\"https:\/\/golobolbol.shop\/wp-content\/uploads\/2020\/03\/GOLTEST1-4.png\",\"contentUrl\":\"https:\/\/golobolbol.shop\/wp-content\/uploads\/2020\/03\/GOLTEST1-4.png\",\"width\":283,\"height\":151,\"caption\":\"GoloBolBol Persian Webshop\"},\"image\":{\"@id\":\"https:\/\/golobolbol.shop\/en\/#\/schema\/logo\/image\/\"},\"sameAs\":[\"https:\/\/www.facebook.com\/golobolbolpersianwebshop\/\",\"https:\/\/www.instagram.com\/golobolbol_persianwebshop\"]}]}<\/script>\n<!-- \/ Yoast SEO plugin. -->","yoast_head_json":{"title":"Subscribe to our mailing-list &#8211; GoloBolBol persian webshop - \u06af\u0644 \u0648 \u0628\u0644\u0628\u0644","robots":{"index":"index","follow":"follow","max-snippet":"max-snippet:-1","max-image-preview":"max-image-preview:large","max-video-preview":"max-video-preview:-1"},"canonical":"https:\/\/golobolbol.shop\/en\/subscribe-to-our-mailing-list\/","og_locale":"en_US","og_type":"article","og_title":"Subscribe to our mailing-list &#8211; GoloBolBol persian webshop - \u06af\u0644 \u0648 \u0628\u0644\u0628\u0644","og_description":"Nous n&#8217;avons pas pu confirmer votre inscription. Votre inscription est confirm\u00e9e. Inscrivez-vous \u00e0 notre mailing-list pour suivre notre actualit\u00e9 ! Veuillez renseigner votre adresse email pour vous inscrire Veuillez renseigner votre adresse email pour vous inscrire. Ex. : abc@xyz.com J&#8217;accepte de recevoir les e-mails de GoloBolBol Persian Shop et confirme avoir pris connaissance de votre [&hellip;]","og_url":"https:\/\/golobolbol.shop\/en\/subscribe-to-our-mailing-list\/","og_site_name":"GoloBolBol persian webshop - \u06af\u0644 \u0648 \u0628\u0644\u0628\u0644","article_publisher":"https:\/\/www.facebook.com\/golobolbolpersianwebshop\/","article_modified_time":"2020-05-09T11:31:13+00:00","og_image":[{"width":1819,"height":1063,"url":"https:\/\/golobolbol.shop\/wp-content\/uploads\/2020\/03\/89466360_234635144329943_8011376469726986240_n.jpg","type":"image\/jpeg"}],"twitter_card":"summary_large_image","twitter_misc":{"Est. reading time":"1 minute"},"schema":{"@context":"https:\/\/schema.org","@graph":[{"@type":"WebPage","@id":"https:\/\/golobolbol.shop\/en\/subscribe-to-our-mailing-list\/","url":"https:\/\/golobolbol.shop\/en\/subscribe-to-our-mailing-list\/","name":"Subscribe to our mailing-list &#8211; GoloBolBol persian webshop - \u06af\u0644 \u0648 \u0628\u0644\u0628\u0644","isPartOf":{"@id":"https:\/\/golobolbol.shop\/en\/#website"},"datePublished":"2020-05-09T11:31:11+00:00","dateModified":"2020-05-09T11:31:13+00:00","breadcrumb":{"@id":"https:\/\/golobolbol.shop\/en\/subscribe-to-our-mailing-list\/#breadcrumb"},"inLanguage":"en-US","potentialAction":[{"@type":"ReadAction","target":["https:\/\/golobolbol.shop\/en\/subscribe-to-our-mailing-list\/"]}]},{"@type":"BreadcrumbList","@id":"https:\/\/golobolbol.shop\/en\/subscribe-to-our-mailing-list\/#breadcrumb","itemListElement":[{"@type":"ListItem","position":1,"name":"Homepage","item":"https:\/\/golobolbol.shop\/en\/"},{"@type":"ListItem","position":2,"name":"Subscribe to our mailing-list"}]},{"@type":"WebSite","@id":"https:\/\/golobolbol.shop\/en\/#website","url":"https:\/\/golobolbol.shop\/en\/","name":"GoloBolBol persian webshop - \u06af\u0644 \u0648 \u0628\u0644\u0628\u0644","description":"From Persia with love !","publisher":{"@id":"https:\/\/golobolbol.shop\/en\/#organization"},"potentialAction":[{"@type":"SearchAction","target":{"@type":"EntryPoint","urlTemplate":"https:\/\/golobolbol.shop\/en\/?s={search_term_string}"},"query-input":{"@type":"PropertyValueSpecification","valueRequired":true,"valueName":"search_term_string"}}],"inLanguage":"en-US"},{"@type":"Organization","@id":"https:\/\/golobolbol.shop\/en\/#organization","name":"GoloBolBol Persian Webshop","url":"https:\/\/golobolbol.shop\/en\/","logo":{"@type":"ImageObject","inLanguage":"en-US","@id":"https:\/\/golobolbol.shop\/en\/#\/schema\/logo\/image\/","url":"https:\/\/golobolbol.shop\/wp-content\/uploads\/2020\/03\/GOLTEST1-4.png","contentUrl":"https:\/\/golobolbol.shop\/wp-content\/uploads\/2020\/03\/GOLTEST1-4.png","width":283,"height":151,"caption":"GoloBolBol Persian Webshop"},"image":{"@id":"https:\/\/golobolbol.shop\/en\/#\/schema\/logo\/image\/"},"sameAs":["https:\/\/www.facebook.com\/golobolbolpersianwebshop\/","https:\/\/www.instagram.com\/golobolbol_persianwebshop"]}]}},"_links":{"self":[{"href":"https:\/\/golobolbol.shop\/en\/wp-json\/wp\/v2\/pages\/6845","targetHints":{"allow":["GET"]}}],"collection":[{"href":"https:\/\/golobolbol.shop\/en\/wp-json\/wp\/v2\/pages"}],"about":[{"href":"https:\/\/golobolbol.shop\/en\/wp-json\/wp\/v2\/types\/page"}],"author":[{"embeddable":true,"href":"https:\/\/golobolbol.shop\/en\/wp-json\/wp\/v2\/users\/1"}],"replies":[{"embeddable":true,"href":"https:\/\/golobolbol.shop\/en\/wp-json\/wp\/v2\/comments?post=6845"}],"version-history":[{"count":0,"href":"https:\/\/golobolbol.shop\/en\/wp-json\/wp\/v2\/pages\/6845\/revisions"}],"wp:attachment":[{"href":"https:\/\/golobolbol.shop\/en\/wp-json\/wp\/v2\/media?parent=6845"}],"curies":[{"name":"wp","href":"https:\/\/api.w.org\/{rel}","templated":true}]}}