{"id":12606,"date":"2020-07-13T20:15:34","date_gmt":"2020-07-13T18:15:34","guid":{"rendered":"https:\/\/golobolbol.shop\/?post_type=product&#038;p=12606"},"modified":"2020-12-21T17:41:34","modified_gmt":"2020-12-21T16:41:34","slug":"cd-rangin-kamun-samin-baghtcheban","status":"publish","type":"product","link":"https:\/\/golobolbol.shop\/en\/boutique\/culture-en\/music\/cd-rangin-kamun-samin-baghtcheban\/","title":{"rendered":"CD &#8211; &#8220;Rangin Kamun&#8221;- Samin B\u00e2ghtcheb\u00e2n"},"content":{"rendered":"<p>&nbsp;<\/p>\n<p>CD &#8211; &#8220;Rangin Kamun&#8221;- Samin B\u00e2ghtcheb\u00e2n.<\/p>\n<p>Mahoor, 1979.<\/p>\n<p>Vienna symphonic orchestra and Mitr\u00e2 Ensemble (choirs).<\/p>\n<p>(Directed by Thomas Christian David et Evlin B\u00e2ghtcheb\u00e2n).<\/p>\n<p>This disc for children (but which will also delight their parents) contains 10 Persian nuggets orchestrated in an enchanting way and sung in chorus. Music that all Iranian children of yesterday know well. &#8220;Rangin Kamun&#8221; means Rainbow, and it is indeed the impression of joy that pierces the greyness that emerges from these compositions for children imagined by Samin B\u00e2ghtcheb\u00e2n (1925-2008).<\/p>\n<p>&nbsp;<\/p>\n<p><iframe loading=\"lazy\" title=\"Gonjishk, Barf, B\u00e2run\" width=\"500\" height=\"375\" src=\"https:\/\/www.youtube.com\/embed\/SnvjiE3yJxA?feature=oembed\" frameborder=\"0\" allow=\"accelerometer; autoplay; clipboard-write; encrypted-media; gyroscope; picture-in-picture; web-share\" referrerpolicy=\"strict-origin-when-cross-origin\" allowfullscreen><\/iframe><\/p>\n<p>\u062b\u0645\u06cc\u0646 \u0628\u0627\u063a\u0686\u0647\u200a\u0628\u0627\u0646<\/p>\n<p>\u0628\u0627 \u0634\u0631\u06a9\u062a \u0627\u0639\u0636\u0627\u06cc \u0627\u0631\u06a9\u0633\u062a\u0631 \u0633\u0645\u0641\u0648\u0646\u06cc\u06a9 \u0631\u0627\u062f\u06cc\u0648 \u0648\u06cc\u0646<\/p>\n<p>\u0628\u0647 \u0631\u0647\u0628\u0631\u06cc \u062a\u0648\u0645\u0627\u0633 \u06a9\u0631\u06cc\u0633\u062a\u06cc\u0627\u0646 \u062f\u0627\u0648\u06cc\u062f<\/p>\n<p>\u0647\u0645\u0633\u0631\u0627\u06cc\u0627\u0646 \u0645\u06cc\u062a\u0631\u0627<\/p>\n<p>\u0628\u0647 \u0631\u0647\u0628\u0631\u06cc: \u0627\u0650\u0648\u0644\u06cc\u0646 \u0628\u0627\u063a\u0686\u0647\u200c\u0628\u0627\u0646<\/p>\n<p>\u0633\u067e\u0631\u0627\u0646\u0648: \u0628\u0647\u062c\u062a \u0642\u0635\u0631\u06cc<\/p>\n<p>\u0645\u062a\u0632\u0648\u0633\u067e\u0631\u0627\u0646\u0648: \u0627\u0650\u0648\u0644\u06cc\u0646 \u0628\u0627\u063a\u0686\u0647\u200c\u0628\u0627\u0646<\/p>\n<p>\u06f1\u06f0\u00a0\u062a\u0631\u0627\u0646\u0647 \u0628\u0631\u0627\u06cc \u06a9\u0648\u062f\u06a9\u0627\u0646 \u0628\u0627 \u0622\u0647\u0646\u06af\u0633\u0627\u0632\u06cc\u00a0\u0648 \u0634\u0639\u0631 \u062b\u0645\u06cc\u0646 \u0628\u0627\u063a\u0686\u0647\u200a\u0628\u0627\u0646. \u0646\u0642\u0627\u0634\u06cc\u200a\u0647\u0627\u06cc \u067e\u0631\u0648\u06cc\u0632 \u06a9\u0644\u0627\u0646\u062a\u0631\u06cc \u0646\u06cc\u0632 \u00a0\u0632\u06cc\u0646\u062a\u200a\u0628\u062e\u0634 \u0635\u0641\u062d\u0627\u062a \u0634\u0639\u0631 \u0627\u06cc\u0646 \u0645\u062c\u0645\u0648\u0639\u0647 \u0627\u0633\u062a.\u00a0\u0627\u0633\u062a\u0641\u0627\u062f\u0647 \u0627\u0632 \u0645\u0636\u0627\u0645\u06cc\u0646 \u0634\u06cc\u0631\u06cc\u0646 \u0648 \u062c\u0630\u0627\u0628\u06cc \u0645\u0627\u0646\u0646\u062f \u0646\u0648\u0631\u0648\u0632\u060c \u0628\u0631\u0641\u200a\u0628\u0627\u0632\u06cc\u060c \u0648 \u0627\u0634\u0627\u0631\u0647 \u0628\u0647 \u0645\u0641\u0627\u0647\u06cc\u0645\u06cc \u0645\u062b\u0644 \u0622\u0647\u0648\u060c \u06af\u0631\u0628\u0647\u060c \u0639\u0631\u0648\u0633\u06a9\u060c \u0628\u0627\u063a \u0648 \u0645\u0627\u062f\u0631 \u0628\u0647 \u0647\u0631 \u0622\u0647\u0646\u06af \u0644\u0637\u0627\u0641\u062a\u06cc \u06a9\u0648\u062f\u06a9\u0627\u0646\u0647 \u0628\u062e\u0634\u06cc\u062f\u0647 \u0627\u0633\u062a. \u0628\u06cc\u0627\u0646 \u062e\u0627\u0637\u0631\u0647\u200c\u06cc \u0633\u0627\u062e\u062a \u0627\u06cc\u0646 \u0622\u0647\u0646\u06af\u200c\u0647\u0627\u00a0\u0628\u0647 \u0642\u0644\u0645 \u062e\u0648\u062f \u062b\u0645\u06cc\u0646 \u0628\u0627\u063a\u0686\u0647\u200a\u0628\u0627\u0646 \u062f\u0631 \u0646\u0648\u0631\u0648\u0632 \u06f1\u06f3\u06f5\u06f7\u00a0\u0646\u06cc\u0632 \u0648\u06cc\u0698\u06af\u06cc \u062f\u06cc\u06af\u0631 \u0627\u06cc\u0646 \u0645\u062c\u0645\u0648\u0639\u0647 \u0627\u0633\u062a.<\/p>\n","protected":false},"excerpt":{"rendered":"<p>CD &#8211; &#8220;Rangin Kamun&#8221;- Samin B\u00e2ghtcheb\u00e2n.<\/p>\n<p>Mahoor, 1979.<\/p>\n<p>Vienna symphonic orchestra and Mitr\u00e2 Ensemble (choirs).<\/p>\n<p>(Directed by Thomas Christian David et Evlin B\u00e2ghtcheb\u00e2n).<\/p>\n","protected":false},"featured_media":12636,"comment_status":"open","ping_status":"closed","template":"","meta":[],"product_brand":[],"product_cat":[200],"product_tag":[248,285,283],"class_list":{"0":"post-12606","1":"product","2":"type-product","3":"status-publish","4":"has-post-thumbnail","6":"product_cat-music","7":"product_tag-cd-en","8":"product_tag-children-music","9":"product_tag-music","10":"product_shipping_class-cd-en","12":"first","13":"instock","14":"shipping-taxable","15":"purchasable","16":"product-type-simple"},"yoast_head":"<!-- This site is optimized with the Yoast SEO plugin v27.2 - https:\/\/yoast.com\/product\/yoast-seo-wordpress\/ -->\n<title>CD - &quot;Rangin Kamun&quot;- Samin B\u00e2ghtcheb\u00e2n &#8211; GoloBolBol persian webshop - \u06af\u0644 \u0648 \u0628\u0644\u0628\u0644<\/title>\n<meta name=\"description\" content=\"CD - &quot;Rangin Kamun&quot;- Samin B\u00e2ghtcheb\u00e2n. Mahoor, 1979. Vienna symphonic orchestra and Mitr\u00e2 Ensemble (choirs). (Directed by Thomas Christian David et Evlin B\u00e2ghtcheb\u00e2n). This disc for children (but which will also delight their parents) contains 10 Persian nuggets orchestrated in an enchanting way and sung in chorus. Music that all Iranian children of yesterday know well. &quot;Rangin Kamun&quot; means Rainbow, and it is indeed the impression of joy that pierces the greyness that emerges from these compositions for children imagined by Samin B\u00e2ghtcheb\u00e2n (1925-2008).\" \/>\n<meta name=\"robots\" content=\"index, follow, max-snippet:-1, max-image-preview:large, max-video-preview:-1\" \/>\n<link rel=\"canonical\" href=\"https:\/\/golobolbol.shop\/en\/boutique\/culture-en\/music\/cd-rangin-kamun-samin-baghtcheban\/\" \/>\n<meta property=\"og:locale\" content=\"en_US\" \/>\n<meta property=\"og:type\" content=\"article\" \/>\n<meta property=\"og:title\" content=\"CD - &quot;Rangin Kamun&quot;- Samin B\u00e2ghtcheb\u00e2n &#8211; GoloBolBol persian webshop - \u06af\u0644 \u0648 \u0628\u0644\u0628\u0644\" \/>\n<meta property=\"og:description\" content=\"CD - &quot;Rangin Kamun&quot;- Samin B\u00e2ghtcheb\u00e2n. Mahoor, 1979. Vienna symphonic orchestra and Mitr\u00e2 Ensemble (choirs). (Directed by Thomas Christian David et Evlin B\u00e2ghtcheb\u00e2n). This disc for children (but which will also delight their parents) contains 10 Persian nuggets orchestrated in an enchanting way and sung in chorus. Music that all Iranian children of yesterday know well. &quot;Rangin Kamun&quot; means Rainbow, and it is indeed the impression of joy that pierces the greyness that emerges from these compositions for children imagined by Samin B\u00e2ghtcheb\u00e2n (1925-2008).\" \/>\n<meta property=\"og:url\" content=\"https:\/\/golobolbol.shop\/en\/boutique\/culture-en\/music\/cd-rangin-kamun-samin-baghtcheban\/\" \/>\n<meta property=\"og:site_name\" content=\"GoloBolBol persian webshop - \u06af\u0644 \u0648 \u0628\u0644\u0628\u0644\" \/>\n<meta property=\"article:publisher\" content=\"https:\/\/www.facebook.com\/golobolbolpersianwebshop\/\" \/>\n<meta property=\"article:modified_time\" content=\"2020-12-21T16:41:34+00:00\" \/>\n<meta property=\"og:image\" content=\"https:\/\/golobolbol.shop\/wp-content\/uploads\/2020\/12\/samin-baghcheban-musique-iran.jpg\" \/>\n\t<meta property=\"og:image:width\" content=\"500\" \/>\n\t<meta property=\"og:image:height\" content=\"500\" \/>\n\t<meta property=\"og:image:type\" content=\"image\/jpeg\" \/>\n<meta name=\"twitter:card\" content=\"summary_large_image\" \/>\n<meta name=\"twitter:label1\" content=\"Est. reading time\" \/>\n\t<meta name=\"twitter:data1\" content=\"1 minute\" \/>\n<script type=\"application\/ld+json\" class=\"yoast-schema-graph\">{\"@context\":\"https:\/\/schema.org\",\"@graph\":[{\"@type\":\"WebPage\",\"@id\":\"https:\/\/golobolbol.shop\/en\/boutique\/culture-en\/music\/cd-rangin-kamun-samin-baghtcheban\/\",\"url\":\"https:\/\/golobolbol.shop\/en\/boutique\/culture-en\/music\/cd-rangin-kamun-samin-baghtcheban\/\",\"name\":\"CD - \\\"Rangin Kamun\\\"- Samin B\u00e2ghtcheb\u00e2n &#8211; GoloBolBol persian webshop - \u06af\u0644 \u0648 \u0628\u0644\u0628\u0644\",\"isPartOf\":{\"@id\":\"https:\/\/golobolbol.shop\/en\/#website\"},\"primaryImageOfPage\":{\"@id\":\"https:\/\/golobolbol.shop\/en\/boutique\/culture-en\/music\/cd-rangin-kamun-samin-baghtcheban\/#primaryimage\"},\"image\":{\"@id\":\"https:\/\/golobolbol.shop\/en\/boutique\/culture-en\/music\/cd-rangin-kamun-samin-baghtcheban\/#primaryimage\"},\"thumbnailUrl\":\"https:\/\/golobolbol.shop\/wp-content\/uploads\/2020\/12\/samin-baghcheban-musique-iran.jpg\",\"datePublished\":\"2020-07-13T18:15:34+00:00\",\"dateModified\":\"2020-12-21T16:41:34+00:00\",\"description\":\"CD - \\\"Rangin Kamun\\\"- Samin B\u00e2ghtcheb\u00e2n. Mahoor, 1979. Vienna symphonic orchestra and Mitr\u00e2 Ensemble (choirs). (Directed by Thomas Christian David et Evlin B\u00e2ghtcheb\u00e2n). This disc for children (but which will also delight their parents) contains 10 Persian nuggets orchestrated in an enchanting way and sung in chorus. Music that all Iranian children of yesterday know well. \\\"Rangin Kamun\\\" means Rainbow, and it is indeed the impression of joy that pierces the greyness that emerges from these compositions for children imagined by Samin B\u00e2ghtcheb\u00e2n (1925-2008).\",\"breadcrumb\":{\"@id\":\"https:\/\/golobolbol.shop\/en\/boutique\/culture-en\/music\/cd-rangin-kamun-samin-baghtcheban\/#breadcrumb\"},\"inLanguage\":\"en-US\",\"potentialAction\":[{\"@type\":\"ReadAction\",\"target\":[\"https:\/\/golobolbol.shop\/en\/boutique\/culture-en\/music\/cd-rangin-kamun-samin-baghtcheban\/\"]}]},{\"@type\":\"ImageObject\",\"inLanguage\":\"en-US\",\"@id\":\"https:\/\/golobolbol.shop\/en\/boutique\/culture-en\/music\/cd-rangin-kamun-samin-baghtcheban\/#primaryimage\",\"url\":\"https:\/\/golobolbol.shop\/wp-content\/uploads\/2020\/12\/samin-baghcheban-musique-iran.jpg\",\"contentUrl\":\"https:\/\/golobolbol.shop\/wp-content\/uploads\/2020\/12\/samin-baghcheban-musique-iran.jpg\",\"width\":500,\"height\":500},{\"@type\":\"BreadcrumbList\",\"@id\":\"https:\/\/golobolbol.shop\/en\/boutique\/culture-en\/music\/cd-rangin-kamun-samin-baghtcheban\/#breadcrumb\",\"itemListElement\":[{\"@type\":\"ListItem\",\"position\":1,\"name\":\"Homepage\",\"item\":\"https:\/\/golobolbol.shop\/en\/\"},{\"@type\":\"ListItem\",\"position\":2,\"name\":\"Shop\",\"item\":\"https:\/\/golobolbol.shop\/en\/shop\/\"},{\"@type\":\"ListItem\",\"position\":3,\"name\":\"CD &#8211; &#8220;Rangin Kamun&#8221;- Samin B\u00e2ghtcheb\u00e2n\"}]},{\"@type\":\"WebSite\",\"@id\":\"https:\/\/golobolbol.shop\/en\/#website\",\"url\":\"https:\/\/golobolbol.shop\/en\/\",\"name\":\"GoloBolBol persian webshop - \u06af\u0644 \u0648 \u0628\u0644\u0628\u0644\",\"description\":\"From Persia with love !\",\"publisher\":{\"@id\":\"https:\/\/golobolbol.shop\/en\/#organization\"},\"potentialAction\":[{\"@type\":\"SearchAction\",\"target\":{\"@type\":\"EntryPoint\",\"urlTemplate\":\"https:\/\/golobolbol.shop\/en\/?s={search_term_string}\"},\"query-input\":{\"@type\":\"PropertyValueSpecification\",\"valueRequired\":true,\"valueName\":\"search_term_string\"}}],\"inLanguage\":\"en-US\"},{\"@type\":\"Organization\",\"@id\":\"https:\/\/golobolbol.shop\/en\/#organization\",\"name\":\"GoloBolBol Persian Webshop\",\"url\":\"https:\/\/golobolbol.shop\/en\/\",\"logo\":{\"@type\":\"ImageObject\",\"inLanguage\":\"en-US\",\"@id\":\"https:\/\/golobolbol.shop\/en\/#\/schema\/logo\/image\/\",\"url\":\"https:\/\/golobolbol.shop\/wp-content\/uploads\/2020\/03\/GOLTEST1-4.png\",\"contentUrl\":\"https:\/\/golobolbol.shop\/wp-content\/uploads\/2020\/03\/GOLTEST1-4.png\",\"width\":283,\"height\":151,\"caption\":\"GoloBolBol Persian Webshop\"},\"image\":{\"@id\":\"https:\/\/golobolbol.shop\/en\/#\/schema\/logo\/image\/\"},\"sameAs\":[\"https:\/\/www.facebook.com\/golobolbolpersianwebshop\/\",\"https:\/\/www.instagram.com\/golobolbol_persianwebshop\"]}]}<\/script>\n<!-- \/ Yoast SEO plugin. -->","yoast_head_json":{"title":"CD - \"Rangin Kamun\"- Samin B\u00e2ghtcheb\u00e2n &#8211; GoloBolBol persian webshop - \u06af\u0644 \u0648 \u0628\u0644\u0628\u0644","description":"CD - \"Rangin Kamun\"- Samin B\u00e2ghtcheb\u00e2n. Mahoor, 1979. Vienna symphonic orchestra and Mitr\u00e2 Ensemble (choirs). (Directed by Thomas Christian David et Evlin B\u00e2ghtcheb\u00e2n). This disc for children (but which will also delight their parents) contains 10 Persian nuggets orchestrated in an enchanting way and sung in chorus. Music that all Iranian children of yesterday know well. \"Rangin Kamun\" means Rainbow, and it is indeed the impression of joy that pierces the greyness that emerges from these compositions for children imagined by Samin B\u00e2ghtcheb\u00e2n (1925-2008).","robots":{"index":"index","follow":"follow","max-snippet":"max-snippet:-1","max-image-preview":"max-image-preview:large","max-video-preview":"max-video-preview:-1"},"canonical":"https:\/\/golobolbol.shop\/en\/boutique\/culture-en\/music\/cd-rangin-kamun-samin-baghtcheban\/","og_locale":"en_US","og_type":"article","og_title":"CD - \"Rangin Kamun\"- Samin B\u00e2ghtcheb\u00e2n &#8211; GoloBolBol persian webshop - \u06af\u0644 \u0648 \u0628\u0644\u0628\u0644","og_description":"CD - \"Rangin Kamun\"- Samin B\u00e2ghtcheb\u00e2n. Mahoor, 1979. Vienna symphonic orchestra and Mitr\u00e2 Ensemble (choirs). (Directed by Thomas Christian David et Evlin B\u00e2ghtcheb\u00e2n). This disc for children (but which will also delight their parents) contains 10 Persian nuggets orchestrated in an enchanting way and sung in chorus. Music that all Iranian children of yesterday know well. \"Rangin Kamun\" means Rainbow, and it is indeed the impression of joy that pierces the greyness that emerges from these compositions for children imagined by Samin B\u00e2ghtcheb\u00e2n (1925-2008).","og_url":"https:\/\/golobolbol.shop\/en\/boutique\/culture-en\/music\/cd-rangin-kamun-samin-baghtcheban\/","og_site_name":"GoloBolBol persian webshop - \u06af\u0644 \u0648 \u0628\u0644\u0628\u0644","article_publisher":"https:\/\/www.facebook.com\/golobolbolpersianwebshop\/","article_modified_time":"2020-12-21T16:41:34+00:00","og_image":[{"width":500,"height":500,"url":"https:\/\/golobolbol.shop\/wp-content\/uploads\/2020\/12\/samin-baghcheban-musique-iran.jpg","type":"image\/jpeg"}],"twitter_card":"summary_large_image","twitter_misc":{"Est. reading time":"1 minute"},"schema":{"@context":"https:\/\/schema.org","@graph":[{"@type":"WebPage","@id":"https:\/\/golobolbol.shop\/en\/boutique\/culture-en\/music\/cd-rangin-kamun-samin-baghtcheban\/","url":"https:\/\/golobolbol.shop\/en\/boutique\/culture-en\/music\/cd-rangin-kamun-samin-baghtcheban\/","name":"CD - \"Rangin Kamun\"- Samin B\u00e2ghtcheb\u00e2n &#8211; GoloBolBol persian webshop - \u06af\u0644 \u0648 \u0628\u0644\u0628\u0644","isPartOf":{"@id":"https:\/\/golobolbol.shop\/en\/#website"},"primaryImageOfPage":{"@id":"https:\/\/golobolbol.shop\/en\/boutique\/culture-en\/music\/cd-rangin-kamun-samin-baghtcheban\/#primaryimage"},"image":{"@id":"https:\/\/golobolbol.shop\/en\/boutique\/culture-en\/music\/cd-rangin-kamun-samin-baghtcheban\/#primaryimage"},"thumbnailUrl":"https:\/\/golobolbol.shop\/wp-content\/uploads\/2020\/12\/samin-baghcheban-musique-iran.jpg","datePublished":"2020-07-13T18:15:34+00:00","dateModified":"2020-12-21T16:41:34+00:00","description":"CD - \"Rangin Kamun\"- Samin B\u00e2ghtcheb\u00e2n. Mahoor, 1979. Vienna symphonic orchestra and Mitr\u00e2 Ensemble (choirs). (Directed by Thomas Christian David et Evlin B\u00e2ghtcheb\u00e2n). This disc for children (but which will also delight their parents) contains 10 Persian nuggets orchestrated in an enchanting way and sung in chorus. Music that all Iranian children of yesterday know well. \"Rangin Kamun\" means Rainbow, and it is indeed the impression of joy that pierces the greyness that emerges from these compositions for children imagined by Samin B\u00e2ghtcheb\u00e2n (1925-2008).","breadcrumb":{"@id":"https:\/\/golobolbol.shop\/en\/boutique\/culture-en\/music\/cd-rangin-kamun-samin-baghtcheban\/#breadcrumb"},"inLanguage":"en-US","potentialAction":[{"@type":"ReadAction","target":["https:\/\/golobolbol.shop\/en\/boutique\/culture-en\/music\/cd-rangin-kamun-samin-baghtcheban\/"]}]},{"@type":"ImageObject","inLanguage":"en-US","@id":"https:\/\/golobolbol.shop\/en\/boutique\/culture-en\/music\/cd-rangin-kamun-samin-baghtcheban\/#primaryimage","url":"https:\/\/golobolbol.shop\/wp-content\/uploads\/2020\/12\/samin-baghcheban-musique-iran.jpg","contentUrl":"https:\/\/golobolbol.shop\/wp-content\/uploads\/2020\/12\/samin-baghcheban-musique-iran.jpg","width":500,"height":500},{"@type":"BreadcrumbList","@id":"https:\/\/golobolbol.shop\/en\/boutique\/culture-en\/music\/cd-rangin-kamun-samin-baghtcheban\/#breadcrumb","itemListElement":[{"@type":"ListItem","position":1,"name":"Homepage","item":"https:\/\/golobolbol.shop\/en\/"},{"@type":"ListItem","position":2,"name":"Shop","item":"https:\/\/golobolbol.shop\/en\/shop\/"},{"@type":"ListItem","position":3,"name":"CD &#8211; &#8220;Rangin Kamun&#8221;- Samin B\u00e2ghtcheb\u00e2n"}]},{"@type":"WebSite","@id":"https:\/\/golobolbol.shop\/en\/#website","url":"https:\/\/golobolbol.shop\/en\/","name":"GoloBolBol persian webshop - \u06af\u0644 \u0648 \u0628\u0644\u0628\u0644","description":"From Persia with love !","publisher":{"@id":"https:\/\/golobolbol.shop\/en\/#organization"},"potentialAction":[{"@type":"SearchAction","target":{"@type":"EntryPoint","urlTemplate":"https:\/\/golobolbol.shop\/en\/?s={search_term_string}"},"query-input":{"@type":"PropertyValueSpecification","valueRequired":true,"valueName":"search_term_string"}}],"inLanguage":"en-US"},{"@type":"Organization","@id":"https:\/\/golobolbol.shop\/en\/#organization","name":"GoloBolBol Persian Webshop","url":"https:\/\/golobolbol.shop\/en\/","logo":{"@type":"ImageObject","inLanguage":"en-US","@id":"https:\/\/golobolbol.shop\/en\/#\/schema\/logo\/image\/","url":"https:\/\/golobolbol.shop\/wp-content\/uploads\/2020\/03\/GOLTEST1-4.png","contentUrl":"https:\/\/golobolbol.shop\/wp-content\/uploads\/2020\/03\/GOLTEST1-4.png","width":283,"height":151,"caption":"GoloBolBol Persian Webshop"},"image":{"@id":"https:\/\/golobolbol.shop\/en\/#\/schema\/logo\/image\/"},"sameAs":["https:\/\/www.facebook.com\/golobolbolpersianwebshop\/","https:\/\/www.instagram.com\/golobolbol_persianwebshop"]}]}},"_links":{"self":[{"href":"https:\/\/golobolbol.shop\/en\/wp-json\/wp\/v2\/product\/12606","targetHints":{"allow":["GET"]}}],"collection":[{"href":"https:\/\/golobolbol.shop\/en\/wp-json\/wp\/v2\/product"}],"about":[{"href":"https:\/\/golobolbol.shop\/en\/wp-json\/wp\/v2\/types\/product"}],"replies":[{"embeddable":true,"href":"https:\/\/golobolbol.shop\/en\/wp-json\/wp\/v2\/comments?post=12606"}],"wp:featuredmedia":[{"embeddable":true,"href":"https:\/\/golobolbol.shop\/en\/wp-json\/wp\/v2\/media\/12636"}],"wp:attachment":[{"href":"https:\/\/golobolbol.shop\/en\/wp-json\/wp\/v2\/media?parent=12606"}],"wp:term":[{"taxonomy":"product_brand","embeddable":true,"href":"https:\/\/golobolbol.shop\/en\/wp-json\/wp\/v2\/product_brand?post=12606"},{"taxonomy":"product_cat","embeddable":true,"href":"https:\/\/golobolbol.shop\/en\/wp-json\/wp\/v2\/product_cat?post=12606"},{"taxonomy":"product_tag","embeddable":true,"href":"https:\/\/golobolbol.shop\/en\/wp-json\/wp\/v2\/product_tag?post=12606"}],"curies":[{"name":"wp","href":"https:\/\/api.w.org\/{rel}","templated":true}]}}