{"id":12645,"date":"2020-07-13T20:22:00","date_gmt":"2020-07-13T18:22:00","guid":{"rendered":"https:\/\/golobolbol.shop\/?post_type=product&#038;p=12645"},"modified":"2020-12-21T17:57:14","modified_gmt":"2020-12-21T16:57:14","slug":"cd-mazandarani-music-mohammad-reza-darvishi","status":"publish","type":"product","link":"https:\/\/golobolbol.shop\/en\/boutique\/culture-en\/music\/cd-mazandarani-music-mohammad-reza-darvishi\/","title":{"rendered":"CD &#8211; M\u00e2zandar\u00e2ni music &#8211; Mohammad-Reza Darvishi"},"content":{"rendered":"<p>CD &#8211; M\u00e2zandar\u00e2ni music &#8211; Mohammad-Reza Darvishi.<\/p>\n<p>2003, Mahoor (r\u00e9\u00e9d. 1983).<\/p>\n<p>Orchestrated songs and music from northern Iran, a region bordered by the Caspian Sea and the Alborz mountain range.<\/p>\n<p>Orchestrated by Mohammad-Rez\u00e2 Darvishi.<br \/>\nVocals : Nuroll\u00e2h Aliz\u00e2deh and Abolhasan Khoshru.<\/p>\n<p>Listen to some extracts <a href=\"https:\/\/www.mahoor.com\/en\/cd\/28-%D9%85%D9%88%D8%B3%DB%8C%D9%82%DB%8C-%D9%85%D8%B1%D8%AF%D9%85%DB%8C-%D8%AA%D9%86%D8%B8%DB%8C%D9%85-%D8%B4%D8%AF%D9%87\/514-m%C3%A2zandar%C3%A2ni-music\" target=\"_blank\" rel=\"noopener\">here.<\/a><\/p>\n<p>This is how Darvishi described himself the music of this area:<\/p>\n<p>&#8220;This music is based on melodies which were played on violin by renowned M\u00e2zandar\u00e2ni musician Ahmad Mohsenpur; in a cold winter night in Chel\u00e2b village located in mountainous areas of \u00c2mol he played them for us beside fire and I transcribed and later arranged them for the orchestra. (&#8230;)<br \/>\nMelodic roots of the collection can be traced back to Ahmad Mohsenpur&#8217;s meticulous and searching mind. In those years, we decided to use poems by contemporary Tabari-speaking\u00a0poets such as Ali H\u00e2shemi Chel\u00e2bi, Asqar Mahjuri\u00e2n Nam\u00e2ri, and other poets among our friends rather than using old poems. And thus these songs are deeply rooted in the music of central and eastern M\u00e2zandar\u00e2n and at the same time have very close affinity with the real moods of the people at that time &#8211; an affinity which still holds.&#8221;<\/p>\n<p>Performers of these pieces are:Hom\u00e2yun Rahimi\u00e2n, Manuchehr Ans\u00e2ri, Rez\u00e2 \u00c2lemi and Ali Ra&#8217;is Farshid (violin), Noruz Yazd\u00e2ni, Behruz K\u00e2fi (violin alto), Karim Qorb\u00e2ni, Hom\u00e2yun Khosravi (violincello), Ali-Rez\u00e2 Khorshidfar (counter bass), Farshid Shams (piccolo &amp; flute), Behruz Tur\u00e2ni (oboe), Mahmud Taqaddosi (clarinet &amp; clarinet bass), Rez\u00e2 Majlesi (faggot), Mas&#8217;ud Qaribnav\u00e2z (horn), Ali-Rez\u00e2 Shams\u00e2b\u00e2di (trumpet), Abb\u00e2s Dabird\u00e2nesh (trombone)<\/p>\n<p style=\"font-weight: 400;\">\n<div id=\"tracklist\" class=\"section tracklist\" data-toggle=\"tracklist\">\n<div class=\"section_content\">\n<table class=\"playlist\">\n<tbody>\n<tr class=\"first tracklist_track track\" data-track-position=\"1\">\n<td class=\"tracklist_track_pos\">1<\/td>\n<td class=\"track tracklist_track_title \"><span class=\"tracklist_track_title\">(\u0647\u0631\u0627\u06cc\u06cc (\u0628\u0627 \u06a9\u0644\u0627\u0645 = Herayi<\/span><\/td>\n<td class=\"tracklist_track_duration\" width=\"25\">10:09<\/td>\n<\/tr>\n<tr class=\" tracklist_track track\" data-track-position=\"2\">\n<td class=\"tracklist_track_pos\">2<\/td>\n<td class=\"track tracklist_track_title \"><span class=\"tracklist_track_title\">\u062f\u0633\u062a \u0646\u064e\u06cc\u0632\u0650\u0645\u0650\u0647 \u06af\u0648\u0631\u0650\u0647 \u0628\u0631 \u0627\u0633\u0627\u0633 \u0627\u06a9\u0628\u0631(\u0630\u0628\u06cc\u062d) \u067e\u0647\u0644\u0648\u0648\u0646 = Dast Nayreme Gure: Based On Akbar (Zabih) Pahlevun<\/span><\/td>\n<td class=\"tracklist_track_duration\" width=\"25\">7:20<\/td>\n<\/tr>\n<tr class=\" tracklist_track track\" data-track-position=\"3\">\n<td class=\"tracklist_track_pos\">3<\/td>\n<td class=\"track tracklist_track_title \"><span class=\"tracklist_track_title\">(\u067e\u0644\u0646\u06af\u0650 \u0633\u0631 \u06a9\u0648\u0647 (\u0628\u0627 \u06a9\u0644\u0627\u0645 = Palang-E Sar-E Kuh<\/span><\/td>\n<td class=\"tracklist_track_duration\" width=\"25\">3:48<\/td>\n<\/tr>\n<tr class=\" tracklist_track track\" data-track-position=\"4\">\n<td class=\"tracklist_track_pos\">4<\/td>\n<td class=\"track tracklist_track_title \"><span class=\"tracklist_track_title\">(\u0647\u064e\u0631\u0627\u06cc\u06cc (\u0628\u06cc \u06a9\u0644\u0627\u0645 Harayi = (Instrumental)<\/span><\/td>\n<td class=\"tracklist_track_duration\" width=\"25\">10:11<\/td>\n<\/tr>\n<tr class=\" tracklist_track track\" data-track-position=\"5\">\n<td class=\"tracklist_track_pos\">5<\/td>\n<td class=\"track tracklist_track_title \"><span class=\"tracklist_track_title\">\u067e\u0650\u063a\u0648\u0645 \u0628\u0631 \u0627\u0633\u0627\u0633 \u0622\u0642 \u0646\u0646\u0647\u060c \u0627\u0645\u06cc\u0631\u06cc\u060c \u0644\u06cc\u0644\u06cc \u062c\u0627\u0646\u060c \u06a9\u0650\u0644 \u062d\u0627\u0644 \u0648 \u062f\u0631 = Pequm: Based On Aq Nane,Amiri,Leyli Jan,Kel Hal &amp; Darya Udaarre<\/span><\/td>\n<td class=\"tracklist_track_duration\" width=\"25\">14:39<\/td>\n<\/tr>\n<tr class=\" tracklist_track track\" data-track-position=\"6\">\n<td class=\"tracklist_track_pos\">6<\/td>\n<td class=\"track tracklist_track_title \"><span class=\"tracklist_track_title\">\u062f\u0648\u0634 \u0628\u0650\u0631\u0627\u0631\u0628\u0631 \u0627\u0633\u0627\u0633 \u0644\u06cc\u0644\u0627 \u062e\u0627\u0646\u0645 = Dush Berar: Based On Leyli Khanum<\/span><\/td>\n<td class=\"tracklist_track_duration\" width=\"25\">9:54<\/td>\n<\/tr>\n<tr class=\" tracklist_track track\" data-track-position=\"7\">\n<td class=\"tracklist_track_pos\">7<\/td>\n<td class=\"track tracklist_track_title \"><span class=\"tracklist_track_title\">(\u067e\u0644\u0646\u06af\u0650 \u0633\u0631\u0650 \u06a9\u0648\u0647 (\u0628\u06cc \u06a9\u0644\u0627\u0645 = Palang-E Sar-E Kuh (Instrumental)<\/span><\/td>\n<td class=\"tracklist_track_duration\" width=\"25\">3:47<\/td>\n<\/tr>\n<\/tbody>\n<\/table>\n<\/div>\n<\/div>\n<p>\u062a\u0646\u0638\u06cc\u0645 \u0628\u0631\u0627\u06cc \u0627\u0631\u06a9\u0633\u062a\u0631: \u0645\u062d\u0645\u062f\u0631\u0636\u0627 \u062f\u0631\u0648\u06cc\u0634\u06cc<\/p>\n<p>\u062e\u0648\u0627\u0646\u0646\u062f\u06af\u0627\u0646: \u0646\u0648\u0631\u0627\u0644\u0644\u0647 \u0639\u0644\u06cc\u0632\u0627\u062f\u0647 \u0648 \u0627\u0628\u0648\u0627\u0644\u062d\u0633\u0646 \u062e\u0648\u0634\u0631\u0648<\/p>\n<p>\u062f\u0631\u0628\u0627\u0631\u0647\u200c\u06cc \u0627\u06cc\u0646 \u0627\u062b\u0631\u060c\u00a0\u0628\u0647 \u0642\u0644\u0645 \u0645\u062d\u0645\u062f\u0631\u0636\u0627 \u062f\u0631\u0648\u06cc\u0634\u06cc \u0645\u06cc\u200c\u062e\u0648\u0627\u0646\u06cc\u0645:\u00ab\u067e\u0627\u06cc\u0647 \u0648 \u0627\u0633\u0627\u0633 \u0627\u06cc\u0646 \u0645\u0648\u0633\u06cc\u0642\u06cc \u0645\u0644\u0648\u062f\u06cc\u200c\u0647\u0627\u06cc\u06cc \u0627\u0633\u062a \u06a9\u0647 \u0645\u0648\u0633\u06cc\u0642\u06cc\u062f\u0627\u0646 \u0633\u0631\u0634\u0646\u0627\u0633 \u0645\u0627\u0632\u0646\u062f\u0627\u0631\u0627\u0646 \u0627\u062d\u0645\u062f \u0645\u062d\u0633\u0646\u200c\u067e\u0648\u0631 \u062f\u0631 \u06cc\u06a9 \u0634\u0628 \u0633\u0631\u062f \u0632\u0645\u0633\u062a\u0627\u0646\u06cc \u062f\u0631 \u06a9\u0648\u0647\u0633\u062a\u0627\u0646 \u0622\u0645\u0644 \u0648 \u062f\u0631 \u0631\u0648\u0633\u062a\u0627\u06cc \u0686\u0650\u0644\u0627\u0628 \u062f\u0631 \u06a9\u0646\u0627\u0631 \u0622\u062a\u0634 \u0628\u0627 \u0648\u06cc\u064f\u0644\u0646 \u0646\u0648\u0627\u062e\u062a \u0648 \u0645\u0646 \u0622\u0646\u0647\u0627 \u0631\u0627 \u0628\u0647 \u0646\u062a \u0646\u0648\u0634\u062a\u0645 \u0648 \u0628\u0631\u0627\u06cc \u0627\u0631\u06a9\u0633\u062a\u0631 \u062a\u0646\u0638\u06cc\u0645 \u06a9\u0631\u062f\u0645. \u0634\u0627\u06cc\u062f \u0622\u0646 \u0634\u0628 \u0628\u0647\u200c\u06cc\u0627\u062f\u0645\u0627\u0646\u062f\u0646\u06cc \u0634\u0628 \u0639\u0627\u0634\u0648\u0631\u0627 \u0628\u0648\u062f \u0648 \u0627\u06cc\u0646 \u0634\u0628 \u062d\u06a9\u0645\u062a\u06cc \u062f\u0631 \u062e\u0648\u062f \u062f\u0627\u0634\u062a \u0628\u0631\u0627\u06cc \u0633\u0631\u0646\u0648\u0634\u062a \u067e\u064f\u0631\u067e\u06cc\u0686 \u0648 \u062e\u0645 \u0627\u06cc\u0646 \u0645\u062c\u0645\u0648\u0639\u0647 \u0631\u06cc\u0634\u0647\u200c\u0647\u0627\u06cc \u0645\u0644\u0648\u062f\u06cc\u06a9 \u0627\u06cc\u0646 \u0645\u062c\u0645\u0648\u0639\u0647 \u062d\u0627\u0635\u0644 \u0622\u0646 \u0686\u06cc\u0632\u06cc \u0627\u0633\u062a \u06a9\u0647 \u062f\u0631 \u0630\u0647\u0646 \u062f\u0642\u06cc\u0642 \u0648 \u067e\u0698\u0648\u0647\u0634\u06af\u0631\u0627\u0646\u0647\u200c\u06cc \u0627\u062d\u0645\u062f \u0645\u062d\u0633\u0646\u200c\u067e\u0648\u0631 \u0628\u0648\u062f\u0647 \u0627\u0633\u062a. \u062f\u0631 \u0622\u0646 \u0633\u0627\u0644\u200c\u0647\u0627 \u062a\u0631\u062c\u06cc\u062d \u062f\u0627\u062f\u0647 \u0634\u062f \u0628\u0647 \u062c\u0627\u06cc \u0627\u0633\u062a\u0641\u0627\u062f\u0647 \u0627\u0632 \u0627\u0634\u0639\u0627\u0631 \u0642\u062f\u06cc\u0645\u06cc\u060c \u0634\u0627\u0639\u0631\u0627\u0646 \u062a\u064e\u0628\u064e\u0631\u06cc\u200c\u06af\u0648\u06cc \u0645\u0639\u0627\u0635\u0631 \u0645\u0627\u0632\u0646\u062f\u0627\u0631\u0627\u0646 \u0645\u0627\u0646\u0646\u062f \u0639\u0644\u06cc \u0647\u0627\u0634\u0645\u06cc \u0686\u0650\u0644\u0627\u0628\u06cc\u060c \u0627\u0635\u063a\u0631 \u0645\u0647\u062c\u0648\u0631\u06cc\u0627\u0646 \u0646\u064e\u0645\u0627\u0631\u06cc \u0648 \u062f\u06cc\u06af\u0631 \u062f\u0648\u0633\u062a\u0627\u0646 \u0634\u0627\u0639\u0631 \u0628\u0631\u0627\u06cc \u0645\u0648\u0633\u06cc\u0642\u06cc \u0622\u0646 \u0634\u0639\u0631 \u0628\u0633\u0631\u0627\u06cc\u0646\u062f. \u0648 \u0686\u0646\u06cc\u0646 \u0634\u062f \u06a9\u0647 \u0627\u06cc\u0646 \u062a\u0631\u0627\u0646\u0647\u200c\u0647\u0627 \u0636\u0645\u0646 \u062f\u0627\u0634\u062a\u0646 \u0631\u06cc\u0634\u0647\u200c\u0647\u0627\u06cc \u0645\u062d\u06a9\u0645 \u062f\u0631 \u0645\u0648\u0633\u06cc\u0642\u06cc \u0645\u0646\u0627\u0637\u0642 \u0645\u0631\u06a9\u0632\u06cc \u0648 \u0634\u0631\u0642\u06cc \u0645\u0627\u0632\u0646\u062f\u0631\u0627\u0646 \u0628\u0627 \u0631\u0648\u062d\u06cc\u0627\u062a \u0648\u0627\u0642\u0639\u06cc \u0622\u0646 \u200c\u0632\u0645\u0627\u0646 \u0645\u0631\u062f\u0645 \u0646\u06cc\u0632 \u06af\u0631\u0647 \u062e\u0648\u0631\u062f \u0648 \u0627\u06cc\u0646 \u067e\u06cc\u0648\u0646\u062f \u0647\u0645\u0686\u0646\u0627\u0646 \u062a\u062f\u0627\u0648\u0645 \u06cc\u0627\u0641\u062a\u0647 \u0627\u0633\u062a\u00bb.<\/p>\n","protected":false},"excerpt":{"rendered":"<p>CD &#8211; M\u00e2zandar\u00e2ni music &#8211; Mohammad-Reza Darvishi.<\/p>\n<p>2003, Mahoor (r\u00e9\u00e9d. 1983).<\/p>\n<p>Orchestrated songs and music from northern Iran, a region bordered by the Caspian Sea and the Alborz mountain range.<\/p>\n<p>Orchestrated by Mohammad-Rez\u00e2 Darvishi.<br \/>\nVocals : Nuroll\u00e2h Aliz\u00e2deh and Abolhasan Khoshru.<\/p>\n","protected":false},"featured_media":12630,"comment_status":"open","ping_status":"closed","template":"","meta":[],"product_brand":[],"product_cat":[200],"product_tag":[248,283],"class_list":{"0":"post-12645","1":"product","2":"type-product","3":"status-publish","4":"has-post-thumbnail","6":"product_cat-music","7":"product_tag-cd-en","8":"product_tag-music","9":"product_shipping_class-cd-en","11":"first","12":"instock","13":"shipping-taxable","14":"purchasable","15":"product-type-simple"},"yoast_head":"<!-- This site is optimized with the Yoast SEO plugin v27.4 - https:\/\/yoast.com\/product\/yoast-seo-wordpress\/ -->\n<title>CD - M\u00e2zandar\u00e2ni music - Mohammad-Reza Darvishi &#8211; GoloBolBol persian webshop - \u06af\u0644 \u0648 \u0628\u0644\u0628\u0644<\/title>\n<meta name=\"description\" content=\"CD - M\u00e2zandar\u00e2ni music - Mohammad-Reza Darvishi. 2003, Mahoor (r\u00e9\u00e9d. 1983). Orchestrated songs and music from northern Iran, a region bordered by the Caspian Sea and the Alborz mountain range. Orchestrated by Mohammad-Rez\u00e2 Darvishi. Vocals : Nuroll\u00e2h Aliz\u00e2deh and Abolhasan Khoshru.\" \/>\n<meta name=\"robots\" content=\"index, follow, max-snippet:-1, max-image-preview:large, max-video-preview:-1\" \/>\n<link rel=\"canonical\" href=\"https:\/\/golobolbol.shop\/en\/boutique\/culture-en\/music\/cd-mazandarani-music-mohammad-reza-darvishi\/\" \/>\n<meta property=\"og:locale\" content=\"en_US\" \/>\n<meta property=\"og:type\" content=\"article\" \/>\n<meta property=\"og:title\" content=\"CD - M\u00e2zandar\u00e2ni music - Mohammad-Reza Darvishi &#8211; GoloBolBol persian webshop - \u06af\u0644 \u0648 \u0628\u0644\u0628\u0644\" \/>\n<meta property=\"og:description\" content=\"CD - M\u00e2zandar\u00e2ni music - Mohammad-Reza Darvishi. 2003, Mahoor (r\u00e9\u00e9d. 1983). Orchestrated songs and music from northern Iran, a region bordered by the Caspian Sea and the Alborz mountain range. Orchestrated by Mohammad-Rez\u00e2 Darvishi. Vocals : Nuroll\u00e2h Aliz\u00e2deh and Abolhasan Khoshru.\" \/>\n<meta property=\"og:url\" content=\"https:\/\/golobolbol.shop\/en\/boutique\/culture-en\/music\/cd-mazandarani-music-mohammad-reza-darvishi\/\" \/>\n<meta property=\"og:site_name\" content=\"GoloBolBol persian webshop - \u06af\u0644 \u0648 \u0628\u0644\u0628\u0644\" \/>\n<meta property=\"article:publisher\" content=\"https:\/\/www.facebook.com\/golobolbolpersianwebshop\/\" \/>\n<meta property=\"article:modified_time\" content=\"2020-12-21T16:57:14+00:00\" \/>\n<meta property=\"og:image\" content=\"https:\/\/golobolbol.shop\/wp-content\/uploads\/2020\/12\/mazandaran-musique-iran.jpg\" \/>\n\t<meta property=\"og:image:width\" content=\"500\" \/>\n\t<meta property=\"og:image:height\" content=\"500\" \/>\n\t<meta property=\"og:image:type\" content=\"image\/jpeg\" \/>\n<meta name=\"twitter:card\" content=\"summary_large_image\" \/>\n<meta name=\"twitter:label1\" content=\"Est. reading time\" \/>\n\t<meta name=\"twitter:data1\" content=\"2 minutes\" \/>\n<script type=\"application\/ld+json\" class=\"yoast-schema-graph\">{\"@context\":\"https:\\\/\\\/schema.org\",\"@graph\":[{\"@type\":\"WebPage\",\"@id\":\"https:\\\/\\\/golobolbol.shop\\\/en\\\/boutique\\\/culture-en\\\/music\\\/cd-mazandarani-music-mohammad-reza-darvishi\\\/\",\"url\":\"https:\\\/\\\/golobolbol.shop\\\/en\\\/boutique\\\/culture-en\\\/music\\\/cd-mazandarani-music-mohammad-reza-darvishi\\\/\",\"name\":\"CD - M\u00e2zandar\u00e2ni music - Mohammad-Reza Darvishi &#8211; GoloBolBol persian webshop - \u06af\u0644 \u0648 \u0628\u0644\u0628\u0644\",\"isPartOf\":{\"@id\":\"https:\\\/\\\/golobolbol.shop\\\/en\\\/#website\"},\"primaryImageOfPage\":{\"@id\":\"https:\\\/\\\/golobolbol.shop\\\/en\\\/boutique\\\/culture-en\\\/music\\\/cd-mazandarani-music-mohammad-reza-darvishi\\\/#primaryimage\"},\"image\":{\"@id\":\"https:\\\/\\\/golobolbol.shop\\\/en\\\/boutique\\\/culture-en\\\/music\\\/cd-mazandarani-music-mohammad-reza-darvishi\\\/#primaryimage\"},\"thumbnailUrl\":\"https:\\\/\\\/golobolbol.shop\\\/wp-content\\\/uploads\\\/2020\\\/12\\\/mazandaran-musique-iran.jpg\",\"datePublished\":\"2020-07-13T18:22:00+00:00\",\"dateModified\":\"2020-12-21T16:57:14+00:00\",\"description\":\"CD - M\u00e2zandar\u00e2ni music - Mohammad-Reza Darvishi. 2003, Mahoor (r\u00e9\u00e9d. 1983). Orchestrated songs and music from northern Iran, a region bordered by the Caspian Sea and the Alborz mountain range. Orchestrated by Mohammad-Rez\u00e2 Darvishi. Vocals : Nuroll\u00e2h Aliz\u00e2deh and Abolhasan Khoshru.\",\"breadcrumb\":{\"@id\":\"https:\\\/\\\/golobolbol.shop\\\/en\\\/boutique\\\/culture-en\\\/music\\\/cd-mazandarani-music-mohammad-reza-darvishi\\\/#breadcrumb\"},\"inLanguage\":\"en-US\",\"potentialAction\":[{\"@type\":\"ReadAction\",\"target\":[\"https:\\\/\\\/golobolbol.shop\\\/en\\\/boutique\\\/culture-en\\\/music\\\/cd-mazandarani-music-mohammad-reza-darvishi\\\/\"]}]},{\"@type\":\"ImageObject\",\"inLanguage\":\"en-US\",\"@id\":\"https:\\\/\\\/golobolbol.shop\\\/en\\\/boutique\\\/culture-en\\\/music\\\/cd-mazandarani-music-mohammad-reza-darvishi\\\/#primaryimage\",\"url\":\"https:\\\/\\\/golobolbol.shop\\\/wp-content\\\/uploads\\\/2020\\\/12\\\/mazandaran-musique-iran.jpg\",\"contentUrl\":\"https:\\\/\\\/golobolbol.shop\\\/wp-content\\\/uploads\\\/2020\\\/12\\\/mazandaran-musique-iran.jpg\",\"width\":500,\"height\":500},{\"@type\":\"BreadcrumbList\",\"@id\":\"https:\\\/\\\/golobolbol.shop\\\/en\\\/boutique\\\/culture-en\\\/music\\\/cd-mazandarani-music-mohammad-reza-darvishi\\\/#breadcrumb\",\"itemListElement\":[{\"@type\":\"ListItem\",\"position\":1,\"name\":\"Homepage\",\"item\":\"https:\\\/\\\/golobolbol.shop\\\/en\\\/\"},{\"@type\":\"ListItem\",\"position\":2,\"name\":\"Shop\",\"item\":\"https:\\\/\\\/golobolbol.shop\\\/en\\\/shop\\\/\"},{\"@type\":\"ListItem\",\"position\":3,\"name\":\"CD &#8211; M\u00e2zandar\u00e2ni music &#8211; Mohammad-Reza Darvishi\"}]},{\"@type\":\"WebSite\",\"@id\":\"https:\\\/\\\/golobolbol.shop\\\/en\\\/#website\",\"url\":\"https:\\\/\\\/golobolbol.shop\\\/en\\\/\",\"name\":\"GoloBolBol persian webshop - \u06af\u0644 \u0648 \u0628\u0644\u0628\u0644\",\"description\":\"From Persia with love !\",\"publisher\":{\"@id\":\"https:\\\/\\\/golobolbol.shop\\\/en\\\/#organization\"},\"potentialAction\":[{\"@type\":\"SearchAction\",\"target\":{\"@type\":\"EntryPoint\",\"urlTemplate\":\"https:\\\/\\\/golobolbol.shop\\\/en\\\/?s={search_term_string}\"},\"query-input\":{\"@type\":\"PropertyValueSpecification\",\"valueRequired\":true,\"valueName\":\"search_term_string\"}}],\"inLanguage\":\"en-US\"},{\"@type\":\"Organization\",\"@id\":\"https:\\\/\\\/golobolbol.shop\\\/en\\\/#organization\",\"name\":\"GoloBolBol Persian Webshop\",\"url\":\"https:\\\/\\\/golobolbol.shop\\\/en\\\/\",\"logo\":{\"@type\":\"ImageObject\",\"inLanguage\":\"en-US\",\"@id\":\"https:\\\/\\\/golobolbol.shop\\\/en\\\/#\\\/schema\\\/logo\\\/image\\\/\",\"url\":\"https:\\\/\\\/golobolbol.shop\\\/wp-content\\\/uploads\\\/2020\\\/03\\\/GOLTEST1-4.png\",\"contentUrl\":\"https:\\\/\\\/golobolbol.shop\\\/wp-content\\\/uploads\\\/2020\\\/03\\\/GOLTEST1-4.png\",\"width\":283,\"height\":151,\"caption\":\"GoloBolBol Persian Webshop\"},\"image\":{\"@id\":\"https:\\\/\\\/golobolbol.shop\\\/en\\\/#\\\/schema\\\/logo\\\/image\\\/\"},\"sameAs\":[\"https:\\\/\\\/www.facebook.com\\\/golobolbolpersianwebshop\\\/\",\"https:\\\/\\\/www.instagram.com\\\/golobolbol_persianwebshop\"]}]}<\/script>\n<!-- \/ Yoast SEO plugin. -->","yoast_head_json":{"title":"CD - M\u00e2zandar\u00e2ni music - Mohammad-Reza Darvishi &#8211; GoloBolBol persian webshop - \u06af\u0644 \u0648 \u0628\u0644\u0628\u0644","description":"CD - M\u00e2zandar\u00e2ni music - Mohammad-Reza Darvishi. 2003, Mahoor (r\u00e9\u00e9d. 1983). Orchestrated songs and music from northern Iran, a region bordered by the Caspian Sea and the Alborz mountain range. Orchestrated by Mohammad-Rez\u00e2 Darvishi. Vocals : Nuroll\u00e2h Aliz\u00e2deh and Abolhasan Khoshru.","robots":{"index":"index","follow":"follow","max-snippet":"max-snippet:-1","max-image-preview":"max-image-preview:large","max-video-preview":"max-video-preview:-1"},"canonical":"https:\/\/golobolbol.shop\/en\/boutique\/culture-en\/music\/cd-mazandarani-music-mohammad-reza-darvishi\/","og_locale":"en_US","og_type":"article","og_title":"CD - M\u00e2zandar\u00e2ni music - Mohammad-Reza Darvishi &#8211; GoloBolBol persian webshop - \u06af\u0644 \u0648 \u0628\u0644\u0628\u0644","og_description":"CD - M\u00e2zandar\u00e2ni music - Mohammad-Reza Darvishi. 2003, Mahoor (r\u00e9\u00e9d. 1983). Orchestrated songs and music from northern Iran, a region bordered by the Caspian Sea and the Alborz mountain range. Orchestrated by Mohammad-Rez\u00e2 Darvishi. Vocals : Nuroll\u00e2h Aliz\u00e2deh and Abolhasan Khoshru.","og_url":"https:\/\/golobolbol.shop\/en\/boutique\/culture-en\/music\/cd-mazandarani-music-mohammad-reza-darvishi\/","og_site_name":"GoloBolBol persian webshop - \u06af\u0644 \u0648 \u0628\u0644\u0628\u0644","article_publisher":"https:\/\/www.facebook.com\/golobolbolpersianwebshop\/","article_modified_time":"2020-12-21T16:57:14+00:00","og_image":[{"width":500,"height":500,"url":"https:\/\/golobolbol.shop\/wp-content\/uploads\/2020\/12\/mazandaran-musique-iran.jpg","type":"image\/jpeg"}],"twitter_card":"summary_large_image","twitter_misc":{"Est. reading time":"2 minutes"},"schema":{"@context":"https:\/\/schema.org","@graph":[{"@type":"WebPage","@id":"https:\/\/golobolbol.shop\/en\/boutique\/culture-en\/music\/cd-mazandarani-music-mohammad-reza-darvishi\/","url":"https:\/\/golobolbol.shop\/en\/boutique\/culture-en\/music\/cd-mazandarani-music-mohammad-reza-darvishi\/","name":"CD - M\u00e2zandar\u00e2ni music - Mohammad-Reza Darvishi &#8211; GoloBolBol persian webshop - \u06af\u0644 \u0648 \u0628\u0644\u0628\u0644","isPartOf":{"@id":"https:\/\/golobolbol.shop\/en\/#website"},"primaryImageOfPage":{"@id":"https:\/\/golobolbol.shop\/en\/boutique\/culture-en\/music\/cd-mazandarani-music-mohammad-reza-darvishi\/#primaryimage"},"image":{"@id":"https:\/\/golobolbol.shop\/en\/boutique\/culture-en\/music\/cd-mazandarani-music-mohammad-reza-darvishi\/#primaryimage"},"thumbnailUrl":"https:\/\/golobolbol.shop\/wp-content\/uploads\/2020\/12\/mazandaran-musique-iran.jpg","datePublished":"2020-07-13T18:22:00+00:00","dateModified":"2020-12-21T16:57:14+00:00","description":"CD - M\u00e2zandar\u00e2ni music - Mohammad-Reza Darvishi. 2003, Mahoor (r\u00e9\u00e9d. 1983). Orchestrated songs and music from northern Iran, a region bordered by the Caspian Sea and the Alborz mountain range. Orchestrated by Mohammad-Rez\u00e2 Darvishi. Vocals : Nuroll\u00e2h Aliz\u00e2deh and Abolhasan Khoshru.","breadcrumb":{"@id":"https:\/\/golobolbol.shop\/en\/boutique\/culture-en\/music\/cd-mazandarani-music-mohammad-reza-darvishi\/#breadcrumb"},"inLanguage":"en-US","potentialAction":[{"@type":"ReadAction","target":["https:\/\/golobolbol.shop\/en\/boutique\/culture-en\/music\/cd-mazandarani-music-mohammad-reza-darvishi\/"]}]},{"@type":"ImageObject","inLanguage":"en-US","@id":"https:\/\/golobolbol.shop\/en\/boutique\/culture-en\/music\/cd-mazandarani-music-mohammad-reza-darvishi\/#primaryimage","url":"https:\/\/golobolbol.shop\/wp-content\/uploads\/2020\/12\/mazandaran-musique-iran.jpg","contentUrl":"https:\/\/golobolbol.shop\/wp-content\/uploads\/2020\/12\/mazandaran-musique-iran.jpg","width":500,"height":500},{"@type":"BreadcrumbList","@id":"https:\/\/golobolbol.shop\/en\/boutique\/culture-en\/music\/cd-mazandarani-music-mohammad-reza-darvishi\/#breadcrumb","itemListElement":[{"@type":"ListItem","position":1,"name":"Homepage","item":"https:\/\/golobolbol.shop\/en\/"},{"@type":"ListItem","position":2,"name":"Shop","item":"https:\/\/golobolbol.shop\/en\/shop\/"},{"@type":"ListItem","position":3,"name":"CD &#8211; M\u00e2zandar\u00e2ni music &#8211; Mohammad-Reza Darvishi"}]},{"@type":"WebSite","@id":"https:\/\/golobolbol.shop\/en\/#website","url":"https:\/\/golobolbol.shop\/en\/","name":"GoloBolBol persian webshop - \u06af\u0644 \u0648 \u0628\u0644\u0628\u0644","description":"From Persia with love !","publisher":{"@id":"https:\/\/golobolbol.shop\/en\/#organization"},"potentialAction":[{"@type":"SearchAction","target":{"@type":"EntryPoint","urlTemplate":"https:\/\/golobolbol.shop\/en\/?s={search_term_string}"},"query-input":{"@type":"PropertyValueSpecification","valueRequired":true,"valueName":"search_term_string"}}],"inLanguage":"en-US"},{"@type":"Organization","@id":"https:\/\/golobolbol.shop\/en\/#organization","name":"GoloBolBol Persian Webshop","url":"https:\/\/golobolbol.shop\/en\/","logo":{"@type":"ImageObject","inLanguage":"en-US","@id":"https:\/\/golobolbol.shop\/en\/#\/schema\/logo\/image\/","url":"https:\/\/golobolbol.shop\/wp-content\/uploads\/2020\/03\/GOLTEST1-4.png","contentUrl":"https:\/\/golobolbol.shop\/wp-content\/uploads\/2020\/03\/GOLTEST1-4.png","width":283,"height":151,"caption":"GoloBolBol Persian Webshop"},"image":{"@id":"https:\/\/golobolbol.shop\/en\/#\/schema\/logo\/image\/"},"sameAs":["https:\/\/www.facebook.com\/golobolbolpersianwebshop\/","https:\/\/www.instagram.com\/golobolbol_persianwebshop"]}]}},"_links":{"self":[{"href":"https:\/\/golobolbol.shop\/en\/wp-json\/wp\/v2\/product\/12645","targetHints":{"allow":["GET"]}}],"collection":[{"href":"https:\/\/golobolbol.shop\/en\/wp-json\/wp\/v2\/product"}],"about":[{"href":"https:\/\/golobolbol.shop\/en\/wp-json\/wp\/v2\/types\/product"}],"replies":[{"embeddable":true,"href":"https:\/\/golobolbol.shop\/en\/wp-json\/wp\/v2\/comments?post=12645"}],"wp:featuredmedia":[{"embeddable":true,"href":"https:\/\/golobolbol.shop\/en\/wp-json\/wp\/v2\/media\/12630"}],"wp:attachment":[{"href":"https:\/\/golobolbol.shop\/en\/wp-json\/wp\/v2\/media?parent=12645"}],"wp:term":[{"taxonomy":"product_brand","embeddable":true,"href":"https:\/\/golobolbol.shop\/en\/wp-json\/wp\/v2\/product_brand?post=12645"},{"taxonomy":"product_cat","embeddable":true,"href":"https:\/\/golobolbol.shop\/en\/wp-json\/wp\/v2\/product_cat?post=12645"},{"taxonomy":"product_tag","embeddable":true,"href":"https:\/\/golobolbol.shop\/en\/wp-json\/wp\/v2\/product_tag?post=12645"}],"curies":[{"name":"wp","href":"https:\/\/api.w.org\/{rel}","templated":true}]}}