{"id":12647,"date":"2020-07-13T20:22:03","date_gmt":"2020-07-13T18:22:03","guid":{"rendered":"https:\/\/golobolbol.shop\/?post_type=product&#038;p=12647"},"modified":"2020-12-21T17:59:23","modified_gmt":"2020-12-21T16:59:23","slug":"cd-music-of-northern-khorasan-sorna-playing","status":"publish","type":"product","link":"https:\/\/golobolbol.shop\/en\/boutique\/culture-en\/music\/cd-music-of-northern-khorasan-sorna-playing\/","title":{"rendered":"CD &#8211; &#8220;Music of Northern Khor\u00e2s\u00e2n, Sorn\u00e2 Playing&#8221;"},"content":{"rendered":"<p>&nbsp;<\/p>\n<div>CD &#8211; &#8220;Music of Northern Khor\u00e2s\u00e2n, Sorn\u00e2 Playing&#8221;<\/div>\n<div class=\"sub header\">Mahoor, 2016<\/div>\n<div class=\"prodDesc\">\n<p>Ali-Akbar Bah\u00e2ri : Sorna<\/p>\n<p>Mohsen Bah\u00e2ri : Dohol<\/p>\n<\/div>\n<p>Folk and regional music of Khor\u00e2s\u00e2n, North-Western Iran, on the road to Turkmenistan whose influences are very present here.<\/p>\n<p>Listen to one track here:<\/p>\n<p><iframe loading=\"lazy\" src=\"https:\/\/w.soundcloud.com\/player\/?url=https%3A\/\/api.soundcloud.com\/tracks\/258591311&amp;color=%23ff5500&amp;auto_play=false&amp;hide_related=false&amp;show_comments=true&amp;show_user=true&amp;show_reposts=false&amp;show_teaser=true&amp;visual=true\" width=\"100%\" height=\"300\" frameborder=\"no\" scrolling=\"no\"><\/iframe><\/p>\n<div style=\"font-size: 10px; color: #cccccc; line-break: anywhere; word-break: normal; overflow: hidden; white-space: nowrap; text-overflow: ellipsis; font-family: Interstate,Lucida Grande,Lucida Sans Unicode,Lucida Sans,Garuda,Verdana,Tahoma,sans-serif; font-weight: 100;\"><a style=\"color: #cccccc; text-decoration: none;\" title=\"Mahoor Institute\" href=\"https:\/\/soundcloud.com\/mahoor-institute\" target=\"_blank\" rel=\"noopener\">Mahoor Institute<\/a>\u00a0\u00b7\u00a0<a style=\"color: #cccccc; text-decoration: none;\" title=\"Gol-e Anar\/\u06af\u0644 \u0627\u0646\u0627\u0631\/Sorna Playing\" href=\"https:\/\/soundcloud.com\/mahoor-institute\/gol-e-anar-sorna-playing\" target=\"_blank\" rel=\"noopener\">Gol-e Anar\/\u06af\u0644 \u0627\u0646\u0627\u0631\/Sorna Playing<\/a><\/div>\n<p>\u0633\u0631\u0646\u0627: \u0639\u0644\u06cc\u200c\u0627\u06a9\u0628\u0631 \u0628\u0647\u0627\u0631\u06cc<\/p>\n<p>\u062f\u0647\u0644: \u0645\u062d\u0633\u0646 \u0628\u0647\u0627\u0631\u06cc<\/p>\n<p>\u0645\u0648\u0633\u06cc\u0642\u06cc \u0645\u062a\u062f\u0627\u0648\u0644 \u062f\u0631 \u0634\u0645\u0627\u0644 \u062e\u0631\u0627\u0633\u0627\u0646 \u062f\u0648 \u062c\u0631\u06cc\u0627\u0646 \u0639\u0645\u062f\u0647 \u062f\u0627\u0631\u062f: \u0645\u0648\u0633\u06cc\u0642\u06cc \u0628\u062e\u0634\u06cc\u200c\u0647\u0627 \u0648 \u0645\u0648\u0633\u06cc\u0642\u06cc \u0639\u0627\u0634\u0642\u200c\u0647\u0627. \u00ab\u0628\u062e\u0634\u06cc\u00bb \u0645\u0648\u0633\u06cc\u0642\u06cc\u062f\u0627\u0646\u06cc \u0627\u0633\u062a \u06a9\u0647 \u062e\u0648\u0627\u0646\u0646\u062f\u0647 \u0648 \u0631\u0648\u0627\u06cc\u062a\u06af\u0631 \u062f\u0627\u0633\u062a\u0627\u0646 \u0648 \u0646\u0648\u0627\u0632\u0646\u062f\u0647\u200c\u06cc \u062f\u0648\u062a\u0627\u0631 \u0627\u0633\u062a. \u00ab\u0639\u0627\u0634\u0642\u00bb \u0639\u0646\u0648\u0627\u0646\u06cc \u0627\u0633\u062a \u06a9\u0647 \u0628\u0631\u0627\u06cc \u0646\u0648\u0627\u0632\u0646\u062f\u06af\u0627\u0646 \u200c\u0633\u064f\u0631\u0646\u0627\u060c \u200c\u0642\u064f\u0634\u0645\u0647\u060c \u06a9\u0645\u0627\u0646\u0686\u0647 \u0648 \u0633\u0627\u0632\u0647\u0627\u06cc \u06a9\u0648\u0628\u0647\u200c\u0627\u06cc (\u0645\u0627\u0646\u0646\u062f \u062f\u064f\u0647\u064f\u0644) \u0628\u0647\u200c\u06a9\u0627\u0631 \u0645\u06cc\u200c\u0631\u0648\u062f. \u0639\u0627\u0634\u0642\u200c\u0647\u0627 \u0645\u0639\u0645\u0648\u0644\u0627\u064b \u0627\u062c\u0631\u0627\u06a9\u0646\u0646\u062f\u0647\u200c\u06cc \u0622\u0647\u0646\u06af\u200c\u0647\u0627\u06cc \u0628\u0627\u0632\u06cc\u200c\u0647\u0627 (\u0631\u0642\u0635\u200c\u0647\u0627) \u0648 \u0622\u0647\u0646\u06af\u200c\u0647\u0627\u06cc \u0645\u062c\u0644\u0633\u06cc (\u0645\u062c\u0627\u0644\u0633 \u062c\u0634\u0646 \u0648 \u0645\u0631\u0627\u0633\u0645 \u06a9\u0634\u062a\u06cc) \u0647\u0633\u062a\u0646\u062f. \u062f\u0631 \u0627\u06cc\u0646 \u0645\u062c\u0645\u0648\u0639\u0647 \u0622\u0647\u0646\u06af\u200c\u0647\u0627\u06cc \u0634\u0627\u062e\u0635 \u0648 \u0645\u0639\u0631\u0648\u0641\u06cc \u0627\u0632 \u06a9\u0627\u0631\u06af\u0627\u0646 \u0633\u064f\u0631\u0646\u0627 \u062f\u0631 \u0645\u0648\u0633\u06cc\u0642\u06cc \u0634\u0645\u0627\u0644 \u062e\u0631\u0627\u0633\u0627\u0646 \u0631\u0627 \u06a9\u0647 \u0627\u0633\u062a\u0627\u062f \u0639\u0644\u06cc\u200c\u0627\u06a9\u0628\u0631 \u0628\u0647\u0627\u0631\u06cc\u060c \u0646\u0648\u0627\u0632\u0646\u062f\u0647\u200c\u06cc \u0635\u0627\u062d\u0628 \u0633\u0628\u06a9 \u0633\u064f\u0631\u0646\u0627 \u0648\u00a0 \u0642\u064f\u0634\u0645\u0647 \u0627\u062c\u0631\u0627 \u06a9\u0631\u062f\u0647\u200c\u0627\u0646\u062f\u060c \u0645\u06cc\u200c\u0634\u0646\u0648\u06cc\u062f.<\/p>\n","protected":false},"excerpt":{"rendered":"<div>CD &#8211; &#8220;Music of Northern Khor\u00e2s\u00e2n, Sorn\u00e2 Playing&#8221;<\/div>\n<div class=\"sub header\">Mahoor, 2016<\/div>\n<div class=\"prodDesc\">\n<p>Ali-Akbar Bah\u00e2ri : Sorna<\/p>\n<p>Mohsen Bah\u00e2ri : Dohol<\/p>\n<\/div>\n<p>Folk and regional music of Khor\u00e2s\u00e2n, North-Western Iran, on the road to Turkmenistan whose influences are very present here.<\/p>\n","protected":false},"featured_media":12627,"comment_status":"open","ping_status":"closed","template":"","meta":[],"product_brand":[],"product_cat":[200],"product_tag":[248,283],"class_list":{"0":"post-12647","1":"product","2":"type-product","3":"status-publish","4":"has-post-thumbnail","6":"product_cat-music","7":"product_tag-cd-en","8":"product_tag-music","9":"product_shipping_class-cd-en","11":"first","12":"outofstock","13":"shipping-taxable","14":"purchasable","15":"product-type-simple"},"yoast_head":"<!-- This site is optimized with the Yoast SEO plugin v27.2 - https:\/\/yoast.com\/product\/yoast-seo-wordpress\/ -->\n<title>CD - &quot;Music of Northern Khor\u00e2s\u00e2n, Sorn\u00e2 Playing&quot; &#8211; GoloBolBol persian webshop - \u06af\u0644 \u0648 \u0628\u0644\u0628\u0644<\/title>\n<meta name=\"description\" content=\"CD - &quot;Music of Northern Khor\u00e2s\u00e2n, Sorn\u00e2 Playing&quot; Mahoor, 2016 Ali-Akbar Bah\u00e2ri : Sorna Mohsen Bah\u00e2ri : Dohol Folk and regional music of Khor\u00e2s\u00e2n, North-Western Iran, on the road to Turkmenistan whose influences are very present here.\" \/>\n<meta name=\"robots\" content=\"index, follow, max-snippet:-1, max-image-preview:large, max-video-preview:-1\" \/>\n<link rel=\"canonical\" href=\"https:\/\/golobolbol.shop\/en\/boutique\/culture-en\/music\/cd-music-of-northern-khorasan-sorna-playing\/\" \/>\n<meta property=\"og:locale\" content=\"en_US\" \/>\n<meta property=\"og:type\" content=\"article\" \/>\n<meta property=\"og:title\" content=\"CD - &quot;Music of Northern Khor\u00e2s\u00e2n, Sorn\u00e2 Playing&quot; &#8211; GoloBolBol persian webshop - \u06af\u0644 \u0648 \u0628\u0644\u0628\u0644\" \/>\n<meta property=\"og:description\" content=\"CD - &quot;Music of Northern Khor\u00e2s\u00e2n, Sorn\u00e2 Playing&quot; Mahoor, 2016 Ali-Akbar Bah\u00e2ri : Sorna Mohsen Bah\u00e2ri : Dohol Folk and regional music of Khor\u00e2s\u00e2n, North-Western Iran, on the road to Turkmenistan whose influences are very present here.\" \/>\n<meta property=\"og:url\" content=\"https:\/\/golobolbol.shop\/en\/boutique\/culture-en\/music\/cd-music-of-northern-khorasan-sorna-playing\/\" \/>\n<meta property=\"og:site_name\" content=\"GoloBolBol persian webshop - \u06af\u0644 \u0648 \u0628\u0644\u0628\u0644\" \/>\n<meta property=\"article:publisher\" content=\"https:\/\/www.facebook.com\/golobolbolpersianwebshop\/\" \/>\n<meta property=\"article:modified_time\" content=\"2020-12-21T16:59:23+00:00\" \/>\n<meta property=\"og:image\" content=\"https:\/\/golobolbol.shop\/wp-content\/uploads\/2020\/12\/khorasan-musique-iran.jpg\" \/>\n\t<meta property=\"og:image:width\" content=\"500\" \/>\n\t<meta property=\"og:image:height\" content=\"500\" \/>\n\t<meta property=\"og:image:type\" content=\"image\/jpeg\" \/>\n<meta name=\"twitter:card\" content=\"summary_large_image\" \/>\n<script type=\"application\/ld+json\" class=\"yoast-schema-graph\">{\"@context\":\"https:\/\/schema.org\",\"@graph\":[{\"@type\":\"WebPage\",\"@id\":\"https:\/\/golobolbol.shop\/en\/boutique\/culture-en\/music\/cd-music-of-northern-khorasan-sorna-playing\/\",\"url\":\"https:\/\/golobolbol.shop\/en\/boutique\/culture-en\/music\/cd-music-of-northern-khorasan-sorna-playing\/\",\"name\":\"CD - \\\"Music of Northern Khor\u00e2s\u00e2n, Sorn\u00e2 Playing\\\" &#8211; GoloBolBol persian webshop - \u06af\u0644 \u0648 \u0628\u0644\u0628\u0644\",\"isPartOf\":{\"@id\":\"https:\/\/golobolbol.shop\/en\/#website\"},\"primaryImageOfPage\":{\"@id\":\"https:\/\/golobolbol.shop\/en\/boutique\/culture-en\/music\/cd-music-of-northern-khorasan-sorna-playing\/#primaryimage\"},\"image\":{\"@id\":\"https:\/\/golobolbol.shop\/en\/boutique\/culture-en\/music\/cd-music-of-northern-khorasan-sorna-playing\/#primaryimage\"},\"thumbnailUrl\":\"https:\/\/golobolbol.shop\/wp-content\/uploads\/2020\/12\/khorasan-musique-iran.jpg\",\"datePublished\":\"2020-07-13T18:22:03+00:00\",\"dateModified\":\"2020-12-21T16:59:23+00:00\",\"description\":\"CD - \\\"Music of Northern Khor\u00e2s\u00e2n, Sorn\u00e2 Playing\\\" Mahoor, 2016 Ali-Akbar Bah\u00e2ri : Sorna Mohsen Bah\u00e2ri : Dohol Folk and regional music of Khor\u00e2s\u00e2n, North-Western Iran, on the road to Turkmenistan whose influences are very present here.\",\"breadcrumb\":{\"@id\":\"https:\/\/golobolbol.shop\/en\/boutique\/culture-en\/music\/cd-music-of-northern-khorasan-sorna-playing\/#breadcrumb\"},\"inLanguage\":\"en-US\",\"potentialAction\":[{\"@type\":\"ReadAction\",\"target\":[\"https:\/\/golobolbol.shop\/en\/boutique\/culture-en\/music\/cd-music-of-northern-khorasan-sorna-playing\/\"]}]},{\"@type\":\"ImageObject\",\"inLanguage\":\"en-US\",\"@id\":\"https:\/\/golobolbol.shop\/en\/boutique\/culture-en\/music\/cd-music-of-northern-khorasan-sorna-playing\/#primaryimage\",\"url\":\"https:\/\/golobolbol.shop\/wp-content\/uploads\/2020\/12\/khorasan-musique-iran.jpg\",\"contentUrl\":\"https:\/\/golobolbol.shop\/wp-content\/uploads\/2020\/12\/khorasan-musique-iran.jpg\",\"width\":500,\"height\":500},{\"@type\":\"BreadcrumbList\",\"@id\":\"https:\/\/golobolbol.shop\/en\/boutique\/culture-en\/music\/cd-music-of-northern-khorasan-sorna-playing\/#breadcrumb\",\"itemListElement\":[{\"@type\":\"ListItem\",\"position\":1,\"name\":\"Homepage\",\"item\":\"https:\/\/golobolbol.shop\/en\/\"},{\"@type\":\"ListItem\",\"position\":2,\"name\":\"Shop\",\"item\":\"https:\/\/golobolbol.shop\/en\/shop\/\"},{\"@type\":\"ListItem\",\"position\":3,\"name\":\"CD &#8211; &#8220;Music of Northern Khor\u00e2s\u00e2n, Sorn\u00e2 Playing&#8221;\"}]},{\"@type\":\"WebSite\",\"@id\":\"https:\/\/golobolbol.shop\/en\/#website\",\"url\":\"https:\/\/golobolbol.shop\/en\/\",\"name\":\"GoloBolBol persian webshop - \u06af\u0644 \u0648 \u0628\u0644\u0628\u0644\",\"description\":\"From Persia with love !\",\"publisher\":{\"@id\":\"https:\/\/golobolbol.shop\/en\/#organization\"},\"potentialAction\":[{\"@type\":\"SearchAction\",\"target\":{\"@type\":\"EntryPoint\",\"urlTemplate\":\"https:\/\/golobolbol.shop\/en\/?s={search_term_string}\"},\"query-input\":{\"@type\":\"PropertyValueSpecification\",\"valueRequired\":true,\"valueName\":\"search_term_string\"}}],\"inLanguage\":\"en-US\"},{\"@type\":\"Organization\",\"@id\":\"https:\/\/golobolbol.shop\/en\/#organization\",\"name\":\"GoloBolBol Persian Webshop\",\"url\":\"https:\/\/golobolbol.shop\/en\/\",\"logo\":{\"@type\":\"ImageObject\",\"inLanguage\":\"en-US\",\"@id\":\"https:\/\/golobolbol.shop\/en\/#\/schema\/logo\/image\/\",\"url\":\"https:\/\/golobolbol.shop\/wp-content\/uploads\/2020\/03\/GOLTEST1-4.png\",\"contentUrl\":\"https:\/\/golobolbol.shop\/wp-content\/uploads\/2020\/03\/GOLTEST1-4.png\",\"width\":283,\"height\":151,\"caption\":\"GoloBolBol Persian Webshop\"},\"image\":{\"@id\":\"https:\/\/golobolbol.shop\/en\/#\/schema\/logo\/image\/\"},\"sameAs\":[\"https:\/\/www.facebook.com\/golobolbolpersianwebshop\/\",\"https:\/\/www.instagram.com\/golobolbol_persianwebshop\"]}]}<\/script>\n<!-- \/ Yoast SEO plugin. -->","yoast_head_json":{"title":"CD - \"Music of Northern Khor\u00e2s\u00e2n, Sorn\u00e2 Playing\" &#8211; GoloBolBol persian webshop - \u06af\u0644 \u0648 \u0628\u0644\u0628\u0644","description":"CD - \"Music of Northern Khor\u00e2s\u00e2n, Sorn\u00e2 Playing\" Mahoor, 2016 Ali-Akbar Bah\u00e2ri : Sorna Mohsen Bah\u00e2ri : Dohol Folk and regional music of Khor\u00e2s\u00e2n, North-Western Iran, on the road to Turkmenistan whose influences are very present here.","robots":{"index":"index","follow":"follow","max-snippet":"max-snippet:-1","max-image-preview":"max-image-preview:large","max-video-preview":"max-video-preview:-1"},"canonical":"https:\/\/golobolbol.shop\/en\/boutique\/culture-en\/music\/cd-music-of-northern-khorasan-sorna-playing\/","og_locale":"en_US","og_type":"article","og_title":"CD - \"Music of Northern Khor\u00e2s\u00e2n, Sorn\u00e2 Playing\" &#8211; GoloBolBol persian webshop - \u06af\u0644 \u0648 \u0628\u0644\u0628\u0644","og_description":"CD - \"Music of Northern Khor\u00e2s\u00e2n, Sorn\u00e2 Playing\" Mahoor, 2016 Ali-Akbar Bah\u00e2ri : Sorna Mohsen Bah\u00e2ri : Dohol Folk and regional music of Khor\u00e2s\u00e2n, North-Western Iran, on the road to Turkmenistan whose influences are very present here.","og_url":"https:\/\/golobolbol.shop\/en\/boutique\/culture-en\/music\/cd-music-of-northern-khorasan-sorna-playing\/","og_site_name":"GoloBolBol persian webshop - \u06af\u0644 \u0648 \u0628\u0644\u0628\u0644","article_publisher":"https:\/\/www.facebook.com\/golobolbolpersianwebshop\/","article_modified_time":"2020-12-21T16:59:23+00:00","og_image":[{"width":500,"height":500,"url":"https:\/\/golobolbol.shop\/wp-content\/uploads\/2020\/12\/khorasan-musique-iran.jpg","type":"image\/jpeg"}],"twitter_card":"summary_large_image","schema":{"@context":"https:\/\/schema.org","@graph":[{"@type":"WebPage","@id":"https:\/\/golobolbol.shop\/en\/boutique\/culture-en\/music\/cd-music-of-northern-khorasan-sorna-playing\/","url":"https:\/\/golobolbol.shop\/en\/boutique\/culture-en\/music\/cd-music-of-northern-khorasan-sorna-playing\/","name":"CD - \"Music of Northern Khor\u00e2s\u00e2n, Sorn\u00e2 Playing\" &#8211; GoloBolBol persian webshop - \u06af\u0644 \u0648 \u0628\u0644\u0628\u0644","isPartOf":{"@id":"https:\/\/golobolbol.shop\/en\/#website"},"primaryImageOfPage":{"@id":"https:\/\/golobolbol.shop\/en\/boutique\/culture-en\/music\/cd-music-of-northern-khorasan-sorna-playing\/#primaryimage"},"image":{"@id":"https:\/\/golobolbol.shop\/en\/boutique\/culture-en\/music\/cd-music-of-northern-khorasan-sorna-playing\/#primaryimage"},"thumbnailUrl":"https:\/\/golobolbol.shop\/wp-content\/uploads\/2020\/12\/khorasan-musique-iran.jpg","datePublished":"2020-07-13T18:22:03+00:00","dateModified":"2020-12-21T16:59:23+00:00","description":"CD - \"Music of Northern Khor\u00e2s\u00e2n, Sorn\u00e2 Playing\" Mahoor, 2016 Ali-Akbar Bah\u00e2ri : Sorna Mohsen Bah\u00e2ri : Dohol Folk and regional music of Khor\u00e2s\u00e2n, North-Western Iran, on the road to Turkmenistan whose influences are very present here.","breadcrumb":{"@id":"https:\/\/golobolbol.shop\/en\/boutique\/culture-en\/music\/cd-music-of-northern-khorasan-sorna-playing\/#breadcrumb"},"inLanguage":"en-US","potentialAction":[{"@type":"ReadAction","target":["https:\/\/golobolbol.shop\/en\/boutique\/culture-en\/music\/cd-music-of-northern-khorasan-sorna-playing\/"]}]},{"@type":"ImageObject","inLanguage":"en-US","@id":"https:\/\/golobolbol.shop\/en\/boutique\/culture-en\/music\/cd-music-of-northern-khorasan-sorna-playing\/#primaryimage","url":"https:\/\/golobolbol.shop\/wp-content\/uploads\/2020\/12\/khorasan-musique-iran.jpg","contentUrl":"https:\/\/golobolbol.shop\/wp-content\/uploads\/2020\/12\/khorasan-musique-iran.jpg","width":500,"height":500},{"@type":"BreadcrumbList","@id":"https:\/\/golobolbol.shop\/en\/boutique\/culture-en\/music\/cd-music-of-northern-khorasan-sorna-playing\/#breadcrumb","itemListElement":[{"@type":"ListItem","position":1,"name":"Homepage","item":"https:\/\/golobolbol.shop\/en\/"},{"@type":"ListItem","position":2,"name":"Shop","item":"https:\/\/golobolbol.shop\/en\/shop\/"},{"@type":"ListItem","position":3,"name":"CD &#8211; &#8220;Music of Northern Khor\u00e2s\u00e2n, Sorn\u00e2 Playing&#8221;"}]},{"@type":"WebSite","@id":"https:\/\/golobolbol.shop\/en\/#website","url":"https:\/\/golobolbol.shop\/en\/","name":"GoloBolBol persian webshop - \u06af\u0644 \u0648 \u0628\u0644\u0628\u0644","description":"From Persia with love !","publisher":{"@id":"https:\/\/golobolbol.shop\/en\/#organization"},"potentialAction":[{"@type":"SearchAction","target":{"@type":"EntryPoint","urlTemplate":"https:\/\/golobolbol.shop\/en\/?s={search_term_string}"},"query-input":{"@type":"PropertyValueSpecification","valueRequired":true,"valueName":"search_term_string"}}],"inLanguage":"en-US"},{"@type":"Organization","@id":"https:\/\/golobolbol.shop\/en\/#organization","name":"GoloBolBol Persian Webshop","url":"https:\/\/golobolbol.shop\/en\/","logo":{"@type":"ImageObject","inLanguage":"en-US","@id":"https:\/\/golobolbol.shop\/en\/#\/schema\/logo\/image\/","url":"https:\/\/golobolbol.shop\/wp-content\/uploads\/2020\/03\/GOLTEST1-4.png","contentUrl":"https:\/\/golobolbol.shop\/wp-content\/uploads\/2020\/03\/GOLTEST1-4.png","width":283,"height":151,"caption":"GoloBolBol Persian Webshop"},"image":{"@id":"https:\/\/golobolbol.shop\/en\/#\/schema\/logo\/image\/"},"sameAs":["https:\/\/www.facebook.com\/golobolbolpersianwebshop\/","https:\/\/www.instagram.com\/golobolbol_persianwebshop"]}]}},"_links":{"self":[{"href":"https:\/\/golobolbol.shop\/en\/wp-json\/wp\/v2\/product\/12647","targetHints":{"allow":["GET"]}}],"collection":[{"href":"https:\/\/golobolbol.shop\/en\/wp-json\/wp\/v2\/product"}],"about":[{"href":"https:\/\/golobolbol.shop\/en\/wp-json\/wp\/v2\/types\/product"}],"replies":[{"embeddable":true,"href":"https:\/\/golobolbol.shop\/en\/wp-json\/wp\/v2\/comments?post=12647"}],"wp:featuredmedia":[{"embeddable":true,"href":"https:\/\/golobolbol.shop\/en\/wp-json\/wp\/v2\/media\/12627"}],"wp:attachment":[{"href":"https:\/\/golobolbol.shop\/en\/wp-json\/wp\/v2\/media?parent=12647"}],"wp:term":[{"taxonomy":"product_brand","embeddable":true,"href":"https:\/\/golobolbol.shop\/en\/wp-json\/wp\/v2\/product_brand?post=12647"},{"taxonomy":"product_cat","embeddable":true,"href":"https:\/\/golobolbol.shop\/en\/wp-json\/wp\/v2\/product_cat?post=12647"},{"taxonomy":"product_tag","embeddable":true,"href":"https:\/\/golobolbol.shop\/en\/wp-json\/wp\/v2\/product_tag?post=12647"}],"curies":[{"name":"wp","href":"https:\/\/api.w.org\/{rel}","templated":true}]}}