{"id":12649,"date":"2020-07-13T20:22:06","date_gmt":"2020-07-13T18:22:06","guid":{"rendered":"https:\/\/golobolbol.shop\/?post_type=product&#038;p=12649"},"modified":"2020-12-21T18:01:03","modified_gmt":"2020-12-21T17:01:03","slug":"cd-music-of-bakhtiari","status":"publish","type":"product","link":"https:\/\/golobolbol.shop\/en\/boutique\/culture-en\/music\/cd-music-of-bakhtiari\/","title":{"rendered":"CD &#8211; Music of Bakhti\u00e2ri"},"content":{"rendered":"<p>CD &#8211; Music of Bakhti\u00e2ri.<br \/>\nAli-Akbar Mehdipur, Ali Heydari, Ramez\u00e2n B\u00e2ruzeh &amp; Narim\u00e2n F\u00e2zeli.<br \/>\nMahoor, 2000.<br \/>\n66&#8242; \/ 11 tracks.<\/p>\n<p>the region where the Bakhti\u00e2ri live extends over the southern part of the Zagros ranges between Isfahan and Ahvaz. Encounters with Arab culture are frequent there. This disc features popular and folk songs played and sung by four important musicians.<\/p>\n<p>Vous pouvez \u00e9couter quelques extraits :<\/p>\n<p><iframe loading=\"lazy\" src=\"https:\/\/www.muziekweb.nl\/Embed\/KJX4030-0001\/Niet-vastgesteld?theme=static&amp;color=dark\" width=\"260\" height=\"60\" frameborder=\"no\" scrolling=\"no\"><\/iframe><\/p>\n<p><iframe loading=\"lazy\" src=\"https:\/\/www.muziekweb.nl\/Embed\/KJX4030-0003\/Niet-vastgesteld?theme=static&amp;color=dark\" width=\"260\" height=\"60\" frameborder=\"no\" scrolling=\"no\"><\/iframe><\/p>\n<p><iframe loading=\"lazy\" src=\"https:\/\/www.muziekweb.nl\/Embed\/KJX4030-0006\/Niet-vastgesteld?theme=static&amp;color=dark\" width=\"260\" height=\"60\" frameborder=\"no\" scrolling=\"no\"><\/iframe><\/p>\n<p>\u062e\u0648\u0627\u0646\u0646\u062f\u0647: \u0631\u0645\u0636\u0627\u0646\u0639\u0644\u06cc \u0628\u0627\u0631\u0648\u0632\u0647\u060c \u0646\u0631\u06cc\u0645\u0627\u0646 \u0641\u0627\u0636\u0644\u06cc<\/p>\n<p>\u0633\u064f\u0631\u0646\u0627 \u0648 \u06a9\u064f\u0631\u0646\u0627: \u0639\u0644\u06cc\u200a\u0627\u06a9\u0628\u0631 \u0645\u0647\u062f\u06cc\u200a\u067e\u0648\u0631<\/p>\n<p>\u062f\u0647\u0644\u060c \u062a\u0645\u0628\u06a9: \u0639\u0644\u06cc \u062d\u06cc\u062f\u0631\u06cc<\/p>\n<p>\u0627\u06cc\u0646 \u0645\u062c\u0645\u0648\u0639\u0647 \u0634\u0627\u0645\u0644 \u06f1\u06f0\u00a0\u0645\u0642\u0627\u0645 \u0648 \u0646\u063a\u0645\u0647\u200a\u06cc \u0645\u062e\u062a\u0644\u0641 \u0627\u0632 \u0645\u0648\u0633\u06cc\u0642\u06cc \u0628\u062e\u062a\u06cc\u0627\u0631\u06cc \u0627\u0633\u062a \u06a9\u0647 \u062f\u0631 \u0645\u0646\u0627\u0633\u0628\u062a\u200a\u0647\u0627\u060c \u0622\u06cc\u06cc\u0646\u200a\u0647\u0627 \u0648 \u0645\u0631\u0627\u0633\u0645 \u062e\u0627\u0635\u06cc \u0627\u062c\u0631\u0627 \u0645\u06cc\u200a\u0634\u0648\u0646\u062f. \u0639\u0644\u06cc\u200a\u0627\u06a9\u0628\u0631 \u0645\u0647\u062f\u06cc\u200a\u067e\u0648\u0631 (\u0633\u064f\u0631\u0646\u0627 \u0648 \u06a9\u0631\u0646\u0627)\u060c \u0639\u0644\u06cc \u062d\u06cc\u062f\u0631\u06cc (\u062f\u0647\u0644 \u0648 \u062a\u0645\u0628\u06a9) \u0648 \u0631\u0645\u0636\u0627\u0646 \u0628\u0627\u0631\u0648\u0632\u0647 \u0648 \u0646\u0631\u06cc\u0645\u0627\u0646 \u0641\u0627\u0636\u0644\u06cc (\u062e\u0648\u0627\u0646\u0646\u062f\u0647) \u0627\u062c\u0631\u0627\u06a9\u0646\u0646\u062f\u06af\u0627\u0646 \u0627\u06cc\u0646 \u0645\u062c\u0645\u0648\u0639\u0647 \u0647\u0633\u062a\u0646\u062f.<\/p>\n","protected":false},"excerpt":{"rendered":"<p>CD &#8211; Music of Bakhti\u00e2ri.<br \/>\nAli-Akbar Mehdipur, Ali Heydari, Ramez\u00e2n B\u00e2ruzeh &amp; Narim\u00e2n F\u00e2zeli.<br \/>\nMahoor, 2000.<br \/>\n66&#8242; \/ 11 tracks.<\/p>\n<p>the region where the Bakhti\u00e2ri live extends over the southern part of the Zagros ranges between Isfahan and Ahvaz. Encounters with Arab culture are frequent there. This disc features popular and folk songs played and sung by four important musicians.<\/p>\n","protected":false},"featured_media":12609,"comment_status":"open","ping_status":"closed","template":"","meta":[],"product_brand":[],"product_cat":[200],"product_tag":[248,283],"class_list":{"0":"post-12649","1":"product","2":"type-product","3":"status-publish","4":"has-post-thumbnail","6":"product_cat-music","7":"product_tag-cd-en","8":"product_tag-music","9":"product_shipping_class-cd-en","11":"first","12":"instock","13":"shipping-taxable","14":"purchasable","15":"product-type-simple"},"yoast_head":"<!-- This site is optimized with the Yoast SEO plugin v27.2 - https:\/\/yoast.com\/product\/yoast-seo-wordpress\/ -->\n<title>CD - Music of Bakhti\u00e2ri &#8211; GoloBolBol persian webshop - \u06af\u0644 \u0648 \u0628\u0644\u0628\u0644<\/title>\n<meta name=\"description\" content=\"CD - Music of Bakhti\u00e2ri. Ali-Akbar Mehdipur, Ali Heydari, Ramez\u00e2n B\u00e2ruzeh &amp; Narim\u00e2n F\u00e2zeli. Mahoor, 2000. 66&#039; \/ 11 tracks. the region where the Bakhti\u00e2ri live extends over the southern part of the Zagros ranges between Isfahan and Ahvaz. Encounters with Arab culture are frequent there. This disc features popular and folk songs played and sung by four important musicians.\" \/>\n<meta name=\"robots\" content=\"index, follow, max-snippet:-1, max-image-preview:large, max-video-preview:-1\" \/>\n<link rel=\"canonical\" href=\"https:\/\/golobolbol.shop\/en\/boutique\/culture-en\/music\/cd-music-of-bakhtiari\/\" \/>\n<meta property=\"og:locale\" content=\"en_US\" \/>\n<meta property=\"og:type\" content=\"article\" \/>\n<meta property=\"og:title\" content=\"CD - Music of Bakhti\u00e2ri &#8211; GoloBolBol persian webshop - \u06af\u0644 \u0648 \u0628\u0644\u0628\u0644\" \/>\n<meta property=\"og:description\" content=\"CD - Music of Bakhti\u00e2ri. Ali-Akbar Mehdipur, Ali Heydari, Ramez\u00e2n B\u00e2ruzeh &amp; Narim\u00e2n F\u00e2zeli. Mahoor, 2000. 66&#039; \/ 11 tracks. the region where the Bakhti\u00e2ri live extends over the southern part of the Zagros ranges between Isfahan and Ahvaz. Encounters with Arab culture are frequent there. This disc features popular and folk songs played and sung by four important musicians.\" \/>\n<meta property=\"og:url\" content=\"https:\/\/golobolbol.shop\/en\/boutique\/culture-en\/music\/cd-music-of-bakhtiari\/\" \/>\n<meta property=\"og:site_name\" content=\"GoloBolBol persian webshop - \u06af\u0644 \u0648 \u0628\u0644\u0628\u0644\" \/>\n<meta property=\"article:publisher\" content=\"https:\/\/www.facebook.com\/golobolbolpersianwebshop\/\" \/>\n<meta property=\"article:modified_time\" content=\"2020-12-21T17:01:03+00:00\" \/>\n<meta property=\"og:image\" content=\"https:\/\/golobolbol.shop\/wp-content\/uploads\/2020\/12\/bakhtiari-musique-iran.jpg\" \/>\n\t<meta property=\"og:image:width\" content=\"500\" \/>\n\t<meta property=\"og:image:height\" content=\"500\" \/>\n\t<meta property=\"og:image:type\" content=\"image\/jpeg\" \/>\n<meta name=\"twitter:card\" content=\"summary_large_image\" \/>\n<script type=\"application\/ld+json\" class=\"yoast-schema-graph\">{\"@context\":\"https:\/\/schema.org\",\"@graph\":[{\"@type\":\"WebPage\",\"@id\":\"https:\/\/golobolbol.shop\/en\/boutique\/culture-en\/music\/cd-music-of-bakhtiari\/\",\"url\":\"https:\/\/golobolbol.shop\/en\/boutique\/culture-en\/music\/cd-music-of-bakhtiari\/\",\"name\":\"CD - Music of Bakhti\u00e2ri &#8211; GoloBolBol persian webshop - \u06af\u0644 \u0648 \u0628\u0644\u0628\u0644\",\"isPartOf\":{\"@id\":\"https:\/\/golobolbol.shop\/en\/#website\"},\"primaryImageOfPage\":{\"@id\":\"https:\/\/golobolbol.shop\/en\/boutique\/culture-en\/music\/cd-music-of-bakhtiari\/#primaryimage\"},\"image\":{\"@id\":\"https:\/\/golobolbol.shop\/en\/boutique\/culture-en\/music\/cd-music-of-bakhtiari\/#primaryimage\"},\"thumbnailUrl\":\"https:\/\/golobolbol.shop\/wp-content\/uploads\/2020\/12\/bakhtiari-musique-iran.jpg\",\"datePublished\":\"2020-07-13T18:22:06+00:00\",\"dateModified\":\"2020-12-21T17:01:03+00:00\",\"description\":\"CD - Music of Bakhti\u00e2ri. Ali-Akbar Mehdipur, Ali Heydari, Ramez\u00e2n B\u00e2ruzeh & Narim\u00e2n F\u00e2zeli. Mahoor, 2000. 66' \/ 11 tracks. the region where the Bakhti\u00e2ri live extends over the southern part of the Zagros ranges between Isfahan and Ahvaz. Encounters with Arab culture are frequent there. This disc features popular and folk songs played and sung by four important musicians.\",\"breadcrumb\":{\"@id\":\"https:\/\/golobolbol.shop\/en\/boutique\/culture-en\/music\/cd-music-of-bakhtiari\/#breadcrumb\"},\"inLanguage\":\"en-US\",\"potentialAction\":[{\"@type\":\"ReadAction\",\"target\":[\"https:\/\/golobolbol.shop\/en\/boutique\/culture-en\/music\/cd-music-of-bakhtiari\/\"]}]},{\"@type\":\"ImageObject\",\"inLanguage\":\"en-US\",\"@id\":\"https:\/\/golobolbol.shop\/en\/boutique\/culture-en\/music\/cd-music-of-bakhtiari\/#primaryimage\",\"url\":\"https:\/\/golobolbol.shop\/wp-content\/uploads\/2020\/12\/bakhtiari-musique-iran.jpg\",\"contentUrl\":\"https:\/\/golobolbol.shop\/wp-content\/uploads\/2020\/12\/bakhtiari-musique-iran.jpg\",\"width\":500,\"height\":500},{\"@type\":\"BreadcrumbList\",\"@id\":\"https:\/\/golobolbol.shop\/en\/boutique\/culture-en\/music\/cd-music-of-bakhtiari\/#breadcrumb\",\"itemListElement\":[{\"@type\":\"ListItem\",\"position\":1,\"name\":\"Homepage\",\"item\":\"https:\/\/golobolbol.shop\/en\/\"},{\"@type\":\"ListItem\",\"position\":2,\"name\":\"Shop\",\"item\":\"https:\/\/golobolbol.shop\/en\/shop\/\"},{\"@type\":\"ListItem\",\"position\":3,\"name\":\"CD &#8211; Music of Bakhti\u00e2ri\"}]},{\"@type\":\"WebSite\",\"@id\":\"https:\/\/golobolbol.shop\/en\/#website\",\"url\":\"https:\/\/golobolbol.shop\/en\/\",\"name\":\"GoloBolBol persian webshop - \u06af\u0644 \u0648 \u0628\u0644\u0628\u0644\",\"description\":\"From Persia with love !\",\"publisher\":{\"@id\":\"https:\/\/golobolbol.shop\/en\/#organization\"},\"potentialAction\":[{\"@type\":\"SearchAction\",\"target\":{\"@type\":\"EntryPoint\",\"urlTemplate\":\"https:\/\/golobolbol.shop\/en\/?s={search_term_string}\"},\"query-input\":{\"@type\":\"PropertyValueSpecification\",\"valueRequired\":true,\"valueName\":\"search_term_string\"}}],\"inLanguage\":\"en-US\"},{\"@type\":\"Organization\",\"@id\":\"https:\/\/golobolbol.shop\/en\/#organization\",\"name\":\"GoloBolBol Persian Webshop\",\"url\":\"https:\/\/golobolbol.shop\/en\/\",\"logo\":{\"@type\":\"ImageObject\",\"inLanguage\":\"en-US\",\"@id\":\"https:\/\/golobolbol.shop\/en\/#\/schema\/logo\/image\/\",\"url\":\"https:\/\/golobolbol.shop\/wp-content\/uploads\/2020\/03\/GOLTEST1-4.png\",\"contentUrl\":\"https:\/\/golobolbol.shop\/wp-content\/uploads\/2020\/03\/GOLTEST1-4.png\",\"width\":283,\"height\":151,\"caption\":\"GoloBolBol Persian Webshop\"},\"image\":{\"@id\":\"https:\/\/golobolbol.shop\/en\/#\/schema\/logo\/image\/\"},\"sameAs\":[\"https:\/\/www.facebook.com\/golobolbolpersianwebshop\/\",\"https:\/\/www.instagram.com\/golobolbol_persianwebshop\"]}]}<\/script>\n<!-- \/ Yoast SEO plugin. -->","yoast_head_json":{"title":"CD - Music of Bakhti\u00e2ri &#8211; GoloBolBol persian webshop - \u06af\u0644 \u0648 \u0628\u0644\u0628\u0644","description":"CD - Music of Bakhti\u00e2ri. Ali-Akbar Mehdipur, Ali Heydari, Ramez\u00e2n B\u00e2ruzeh & Narim\u00e2n F\u00e2zeli. Mahoor, 2000. 66' \/ 11 tracks. the region where the Bakhti\u00e2ri live extends over the southern part of the Zagros ranges between Isfahan and Ahvaz. Encounters with Arab culture are frequent there. This disc features popular and folk songs played and sung by four important musicians.","robots":{"index":"index","follow":"follow","max-snippet":"max-snippet:-1","max-image-preview":"max-image-preview:large","max-video-preview":"max-video-preview:-1"},"canonical":"https:\/\/golobolbol.shop\/en\/boutique\/culture-en\/music\/cd-music-of-bakhtiari\/","og_locale":"en_US","og_type":"article","og_title":"CD - Music of Bakhti\u00e2ri &#8211; GoloBolBol persian webshop - \u06af\u0644 \u0648 \u0628\u0644\u0628\u0644","og_description":"CD - Music of Bakhti\u00e2ri. Ali-Akbar Mehdipur, Ali Heydari, Ramez\u00e2n B\u00e2ruzeh & Narim\u00e2n F\u00e2zeli. Mahoor, 2000. 66' \/ 11 tracks. the region where the Bakhti\u00e2ri live extends over the southern part of the Zagros ranges between Isfahan and Ahvaz. Encounters with Arab culture are frequent there. This disc features popular and folk songs played and sung by four important musicians.","og_url":"https:\/\/golobolbol.shop\/en\/boutique\/culture-en\/music\/cd-music-of-bakhtiari\/","og_site_name":"GoloBolBol persian webshop - \u06af\u0644 \u0648 \u0628\u0644\u0628\u0644","article_publisher":"https:\/\/www.facebook.com\/golobolbolpersianwebshop\/","article_modified_time":"2020-12-21T17:01:03+00:00","og_image":[{"width":500,"height":500,"url":"https:\/\/golobolbol.shop\/wp-content\/uploads\/2020\/12\/bakhtiari-musique-iran.jpg","type":"image\/jpeg"}],"twitter_card":"summary_large_image","schema":{"@context":"https:\/\/schema.org","@graph":[{"@type":"WebPage","@id":"https:\/\/golobolbol.shop\/en\/boutique\/culture-en\/music\/cd-music-of-bakhtiari\/","url":"https:\/\/golobolbol.shop\/en\/boutique\/culture-en\/music\/cd-music-of-bakhtiari\/","name":"CD - Music of Bakhti\u00e2ri &#8211; GoloBolBol persian webshop - \u06af\u0644 \u0648 \u0628\u0644\u0628\u0644","isPartOf":{"@id":"https:\/\/golobolbol.shop\/en\/#website"},"primaryImageOfPage":{"@id":"https:\/\/golobolbol.shop\/en\/boutique\/culture-en\/music\/cd-music-of-bakhtiari\/#primaryimage"},"image":{"@id":"https:\/\/golobolbol.shop\/en\/boutique\/culture-en\/music\/cd-music-of-bakhtiari\/#primaryimage"},"thumbnailUrl":"https:\/\/golobolbol.shop\/wp-content\/uploads\/2020\/12\/bakhtiari-musique-iran.jpg","datePublished":"2020-07-13T18:22:06+00:00","dateModified":"2020-12-21T17:01:03+00:00","description":"CD - Music of Bakhti\u00e2ri. Ali-Akbar Mehdipur, Ali Heydari, Ramez\u00e2n B\u00e2ruzeh & Narim\u00e2n F\u00e2zeli. Mahoor, 2000. 66' \/ 11 tracks. the region where the Bakhti\u00e2ri live extends over the southern part of the Zagros ranges between Isfahan and Ahvaz. Encounters with Arab culture are frequent there. This disc features popular and folk songs played and sung by four important musicians.","breadcrumb":{"@id":"https:\/\/golobolbol.shop\/en\/boutique\/culture-en\/music\/cd-music-of-bakhtiari\/#breadcrumb"},"inLanguage":"en-US","potentialAction":[{"@type":"ReadAction","target":["https:\/\/golobolbol.shop\/en\/boutique\/culture-en\/music\/cd-music-of-bakhtiari\/"]}]},{"@type":"ImageObject","inLanguage":"en-US","@id":"https:\/\/golobolbol.shop\/en\/boutique\/culture-en\/music\/cd-music-of-bakhtiari\/#primaryimage","url":"https:\/\/golobolbol.shop\/wp-content\/uploads\/2020\/12\/bakhtiari-musique-iran.jpg","contentUrl":"https:\/\/golobolbol.shop\/wp-content\/uploads\/2020\/12\/bakhtiari-musique-iran.jpg","width":500,"height":500},{"@type":"BreadcrumbList","@id":"https:\/\/golobolbol.shop\/en\/boutique\/culture-en\/music\/cd-music-of-bakhtiari\/#breadcrumb","itemListElement":[{"@type":"ListItem","position":1,"name":"Homepage","item":"https:\/\/golobolbol.shop\/en\/"},{"@type":"ListItem","position":2,"name":"Shop","item":"https:\/\/golobolbol.shop\/en\/shop\/"},{"@type":"ListItem","position":3,"name":"CD &#8211; Music of Bakhti\u00e2ri"}]},{"@type":"WebSite","@id":"https:\/\/golobolbol.shop\/en\/#website","url":"https:\/\/golobolbol.shop\/en\/","name":"GoloBolBol persian webshop - \u06af\u0644 \u0648 \u0628\u0644\u0628\u0644","description":"From Persia with love !","publisher":{"@id":"https:\/\/golobolbol.shop\/en\/#organization"},"potentialAction":[{"@type":"SearchAction","target":{"@type":"EntryPoint","urlTemplate":"https:\/\/golobolbol.shop\/en\/?s={search_term_string}"},"query-input":{"@type":"PropertyValueSpecification","valueRequired":true,"valueName":"search_term_string"}}],"inLanguage":"en-US"},{"@type":"Organization","@id":"https:\/\/golobolbol.shop\/en\/#organization","name":"GoloBolBol Persian Webshop","url":"https:\/\/golobolbol.shop\/en\/","logo":{"@type":"ImageObject","inLanguage":"en-US","@id":"https:\/\/golobolbol.shop\/en\/#\/schema\/logo\/image\/","url":"https:\/\/golobolbol.shop\/wp-content\/uploads\/2020\/03\/GOLTEST1-4.png","contentUrl":"https:\/\/golobolbol.shop\/wp-content\/uploads\/2020\/03\/GOLTEST1-4.png","width":283,"height":151,"caption":"GoloBolBol Persian Webshop"},"image":{"@id":"https:\/\/golobolbol.shop\/en\/#\/schema\/logo\/image\/"},"sameAs":["https:\/\/www.facebook.com\/golobolbolpersianwebshop\/","https:\/\/www.instagram.com\/golobolbol_persianwebshop"]}]}},"_links":{"self":[{"href":"https:\/\/golobolbol.shop\/en\/wp-json\/wp\/v2\/product\/12649","targetHints":{"allow":["GET"]}}],"collection":[{"href":"https:\/\/golobolbol.shop\/en\/wp-json\/wp\/v2\/product"}],"about":[{"href":"https:\/\/golobolbol.shop\/en\/wp-json\/wp\/v2\/types\/product"}],"replies":[{"embeddable":true,"href":"https:\/\/golobolbol.shop\/en\/wp-json\/wp\/v2\/comments?post=12649"}],"wp:featuredmedia":[{"embeddable":true,"href":"https:\/\/golobolbol.shop\/en\/wp-json\/wp\/v2\/media\/12609"}],"wp:attachment":[{"href":"https:\/\/golobolbol.shop\/en\/wp-json\/wp\/v2\/media?parent=12649"}],"wp:term":[{"taxonomy":"product_brand","embeddable":true,"href":"https:\/\/golobolbol.shop\/en\/wp-json\/wp\/v2\/product_brand?post=12649"},{"taxonomy":"product_cat","embeddable":true,"href":"https:\/\/golobolbol.shop\/en\/wp-json\/wp\/v2\/product_cat?post=12649"},{"taxonomy":"product_tag","embeddable":true,"href":"https:\/\/golobolbol.shop\/en\/wp-json\/wp\/v2\/product_tag?post=12649"}],"curies":[{"name":"wp","href":"https:\/\/api.w.org\/{rel}","templated":true}]}}