{"id":12653,"date":"2020-07-13T20:22:13","date_gmt":"2020-07-13T18:22:13","guid":{"rendered":"https:\/\/golobolbol.shop\/?post_type=product&#038;p=12653"},"modified":"2020-12-21T18:04:00","modified_gmt":"2020-12-21T17:04:00","slug":"cd-from-rapture-to-ecstasy-baluchi-songs-music-of-baluchistan","status":"publish","type":"product","link":"https:\/\/golobolbol.shop\/en\/boutique\/culture-en\/music\/cd-from-rapture-to-ecstasy-baluchi-songs-music-of-baluchistan\/","title":{"rendered":"CD &#8211; &#8220;From rapture to ecstasy: Baluchi songs&#8221; &#8211; Music of Baluchistan"},"content":{"rendered":"<p>&nbsp;<\/p>\n<p>CD &#8211; &#8220;From rapture to ecstasy: Baluchi songs&#8221; &#8211; Music of Baluchistan<\/p>\n<p>Regional Music of Iran N\u00b075 (Mahoor, 2019)<\/p>\n<p>Baluchistan is located in the south-east of Iran, in a region bordered by Pakistan.<\/p>\n<p>This CD brings together a set of popular and traditional pieces from this region played by local musicians.<\/p>\n<table class=\"mymuse_cart tracks ui compact celled striped table\">\n<tbody>\n<tr>\n<td class=\"mytitle\"><span class=\"trackName\" data-content=\"\" data-variation=\"wide\">Solo Sorud (Gh\u0101fur Nalienti, Sorud with Tanburag and Zahirig Zirkeniki, Sowt)<\/span><\/td>\n<td class=\"mytime\">6:22<\/td>\n<td class=\"mypreviews tracks jp-gui ui-widget center aligned\"><\/td>\n<\/tr>\n<tr>\n<td class=\"mytitle\"><span class=\"trackName\" data-content=\"\" data-variation=\"wide\">Two Sowts (Rahima,Vocal, Pakir Mohammad Zangesh\u0101hi, Soru and Mob\u0101rak Mango Piri, Benju, Doholak, Tanburag)<\/span><\/td>\n<td class=\"mytime\">13:38<\/td>\n<td class=\"mypreviews tracks jp-gui ui-widget center aligned\"><\/td>\n<\/tr>\n<tr>\n<td class=\"mytitle\"><span class=\"trackName\" data-content=\"\" data-variation=\"wide\">Wedding Song (Ali Mohammad Zangesh\u0101hi, Vocal and Sorud with Tanburag)<\/span><\/td>\n<td class=\"mytime\">5:26<\/td>\n<td class=\"mypreviews tracks jp-gui ui-widget center aligned\"><\/td>\n<\/tr>\n<tr>\n<td class=\"mytitle\"><span class=\"trackName\" data-content=\"\" data-variation=\"wide\">Lullaby-Gu\u0101ti Song (Ali Mohammad Zangesh\u0101hi, Vocal and Sorud with Tanburag)<\/span><\/td>\n<td class=\"mytime\">7:08<\/td>\n<td class=\"mypreviews tracks jp-gui ui-widget center aligned\"><\/td>\n<\/tr>\n<tr>\n<td class=\"mytitle\"><span class=\"trackName\" data-content=\"\" data-variation=\"wide\">Two Songs (N\u0101zink) (M\u014dl\u0101baksh Nuri, Vocal, Tanburag and Karimbaksh Nuri, Sorud)<\/span><\/td>\n<td class=\"mytime\">15:14<\/td>\n<td class=\"mypreviews tracks jp-gui ui-widget center aligned\"><\/td>\n<\/tr>\n<tr>\n<td class=\"mytitle\"><span class=\"trackName\" data-content=\"\" data-variation=\"wide\">Sowt (Maz\u0101r Ebr\u0101him, Vocal and Sabzal Nalienti, Sorud with Tanburag)<\/span><\/td>\n<td class=\"mytime\">5:12<\/td>\n<td class=\"mypreviews tracks jp-gui ui-widget center aligned\"><\/td>\n<\/tr>\n<tr>\n<td class=\"mytitle\"><span class=\"trackName\" data-content=\"\" data-variation=\"wide\">Sowt (Maz\u0101r Ebr\u0101him, Vocal and Sabzal Nalienti, Sorud with Tanburag)<\/span><\/td>\n<td class=\"mytime\">6:44<\/td>\n<td class=\"mypreviews tracks jp-gui ui-widget center aligned\"><\/td>\n<\/tr>\n<tr>\n<td class=\"mytitle\"><span class=\"trackName\" data-content=\"\" data-variation=\"wide\">Wedding Songs (Rahima, Vocal, Ali Mohammad Zangesh\u0101hi, Vocal and Sorud with Tanburag)<\/span><\/td>\n<td class=\"mytime\">4:39<\/td>\n<td class=\"mypreviews tracks jp-gui ui-widget center aligned\"><\/td>\n<\/tr>\n<tr>\n<td class=\"mytitle\"><span class=\"trackName\" data-content=\"\" data-variation=\"wide\">Festival Songs Suite (Rahima, Vocal, Omar Sori, Sorud, Abdulrahman Surizehi, Benju, M\u014dl\u0101baksh Nuri, Vocal and Tanburag)<\/span><\/td>\n<td class=\"mytime\">22:13<\/td>\n<td class=\"mypreviews tracks jp-gui ui-widget center aligned\"><\/td>\n<\/tr>\n<tr>\n<td class=\"mytitle\"><span class=\"trackName\" data-content=\"\" data-variation=\"wide\">Solo Sorud (Gh\u0101fur Nalienti, Sorud with Tanburag)<\/span><\/td>\n<td class=\"mytime\">11:49<\/td>\n<td class=\"mypreviews tracks jp-gui ui-widget center aligned\"><\/td>\n<\/tr>\n<tr>\n<td class=\"mytitle\"><span class=\"trackName\" data-content=\"\" data-variation=\"wide\">Two Sowts (Mus\u0101 Baluch, Doneli, Zobeideh \u0100z\u0101di, Vocal and Q\u0101sem Hoseyni-nezh\u0101d, Rab\u0101b)<\/span><\/td>\n<td class=\"mytime\">13:54<\/td>\n<td class=\"mypreviews tracks jp-gui ui-widget center aligned\"><\/td>\n<\/tr>\n<tr>\n<td class=\"mytitle\"><span class=\"trackName\" data-content=\"\" data-variation=\"wide\">Qalandari Tunes (Ali Mohammad Zangesh\u0101hi, Vocal and Sorud with Tanburag)<\/span><\/td>\n<td class=\"mytime\">6:53<\/td>\n<td class=\"mypreviews tracks jp-gui ui-widget center aligned\"><\/td>\n<\/tr>\n<tr>\n<td class=\"mytitle\"><span class=\"trackName\" data-content=\"\" data-variation=\"wide\">Gu\u0101ti Tunes (Rahima, with S\u0101hiba Maliri, Vocal and Karimbaksh Nuri, Sorud with Tanburag and Doholak)<\/span><\/td>\n<td class=\"mytime\">12:51<\/td>\n<td class=\"mypreviews tracks jp-gui ui-widget center aligned\"><\/td>\n<\/tr>\n<tr>\n<td class=\"mytitle\"><span class=\"trackName\" data-content=\"\" data-variation=\"wide\">Gu\u0101ti Tunes (Ali Mohammad Zangesh\u0101hi , Vocal and Sorud with Tanburag)<\/span><\/td>\n<td class=\"mytime\">7:13<\/td>\n<td class=\"mypreviews tracks jp-gui ui-widget center aligned\"><\/td>\n<\/tr>\n<tr>\n<td class=\"mytitle\"><span class=\"trackName\" data-content=\"\" data-variation=\"wide\">Gu\u0101ti Songs Suite (Rahima, Vocal, Omar Sori, Sorud, Abdulrahman Surizehi, Benju and M\u014dl\u0101baksh Nuri, Vocal and Tanburag)<\/span><\/td>\n<td class=\"mytime\">29:25<\/td>\n<\/tr>\n<\/tbody>\n<\/table>\n<p>\u0627\u0632 \u0637\u0631\u0628 \u062a\u0627 \u062e\u0644\u0633\u0647: \u0622\u0647\u0646\u06af\u200c\u0647\u0627\u06cc \u0628\u0644\u0648\u0686\u06cc<\/p>\n<p>\u067e\u0698\u0648\u0647\u0634\u060c \u0636\u0628\u0637 \u0648 \u0646\u06af\u0631\u0634 \u0645\u062a\u0646: \u0698\u0627\u0646 \u062f\u0648\u0631\u06cc\u0646\u06af<\/p>\n<p>\u062f\u0631 \u0641\u0631\u0647\u0646\u06af \u0628\u0644\u0648\u0686\u200c\u0647\u0627\u060c \u0645\u0648\u0633\u06cc\u0642\u06cc \u0645\u0631\u062f\u0627\u0646 \u0648 \u0632\u0646\u0627\u0646 \u0631\u0627 \u0627\u0632 \u062a\u0648\u0644\u062f \u062a\u0627 \u0645\u0631\u06af \u0647\u0645\u0631\u0627\u0647\u06cc \u0645\u06cc\u200c\u06a9\u0646\u062f. \u0645\u0627\u0646\u0646\u062f \u0634\u067e\u062a\u0627\u06a9\u06cc\u060c \u06a9\u0647 \u0632\u0646\u0627\u0646 \u0634\u0634 \u0634\u0628 \u0645\u062a\u0648\u0627\u0644\u06cc \u067e\u0633 \u0627\u0632 \u062a\u0648\u0644\u062f \u06a9\u0648\u062f\u06a9 \u0645\u06cc\u200c\u062e\u0648\u0627\u0646\u0646\u062f \u062a\u0627 \u0645\u0648\u062a\u06a9 \u06cc\u0627 \u0622\u0648\u0627\u0632 \u0633\u0648\u06af\u0648\u0627\u0631\u06cc \u06a9\u0647 \u0632\u0646\u0627\u0646 \u062f\u0631 \u0645\u0631\u0627\u0633\u0645 \u062a\u062f\u0641\u06cc\u0646 \u0645\u06cc\u200c\u062e\u0648\u0627\u0646\u0646\u062f. \u0645\u0648\u0633\u06cc\u0642\u06cc \u06a9\u0648\u062f\u06a9 \u0631\u0627 \u0645\u06cc\u200c\u062e\u0648\u0627\u0628\u0627\u0646\u062f (\u0644\u06cc\u0644\u0648)\u060c \u0628\u0647 \u0645\u0631\u0627\u0633\u0645 \u062e\u062a\u0646\u0647\u200c\u0633\u0648\u0631\u0627\u0646 \u0648 \u0645\u0631\u0627\u062d\u0644 \u06af\u0648\u0646\u0627\u06af\u0648\u0646 \u0645\u0631\u0627\u0633\u0645 \u0639\u0631\u0648\u0633\u06cc (\u0633\u0627\u0644\u064f\u0646\u06a9\u060c \u0646\u0627\u0632\u06cc\u0646\u06a9\u060c \u0644\u064e\u0647\u0631\u0648\u060c \u0647\u0627\u0644\u0648 \u0648 \u063a\u06cc\u0631\u0647) \u0631\u0633\u0645\u06cc\u062a \u0645\u06cc\u200c\u062f\u0647\u062f\u060c \u062f\u0631 \u0645\u0631\u0627\u0633\u0645 \u06af\u0648\u0622\u062a\u06cc \u062f\u0631\u0645\u0627\u0646 \u0645\u06cc\u200c\u06a9\u0646\u062f\u060c \u062f\u0631 \u0645\u0631\u0627\u0633\u0645 \u062f\u064e\u0645\u0627\u0644\u060c \u0639\u0628\u0627\u062f\u062a \u0631\u0627 \u062a\u0639\u0627\u0644\u06cc \u0645\u06cc\u200c\u0628\u062e\u0634\u062f\u060c \u0634\u0627\u062f\u06cc \u0645\u06cc\u200c\u0622\u0648\u0631\u062f \u0648 \u0627\u0646\u062f\u0648\u0647 \u0631\u0627 \u0628\u0627 \u0633\u0627\u0632 \u0648 \u0622\u0648\u0627\u0632 \u0628\u0647 \u0634\u06a9\u0644 (\u0627\u0644\u062d\u0627\u0646) \u062f\u0631 \u0641\u0631\u0645\u200c\u0647\u0627\u06cc \u0645\u0642\u0627\u0645\u06cc (\u0632\u0647\u06cc\u0631\u06cc\u06a9\u060c \u0632\u0647\u06cc\u0631\u0648\u06a9\u060c \u0628\u0647 \u0645\u0639\u0646\u06cc \u0627\u0646\u062f\u0648\u0647) \u0628\u06cc\u0627\u0646 \u0645\u06cc\u200c\u06a9\u0646\u062f. \u062f\u0631 \u06a9\u0644\u060c \u0645\u0648\u0633\u06cc\u0642\u06cc \u0648\u0633\u06cc\u0644\u0647\u200c\u0627\u06cc \u0627\u0633\u062a \u0628\u0631\u0627\u06cc \u0628\u06cc\u0627\u0646 \u0634\u0639\u0631: \u0634\u0639\u0631 \u0628\u0644\u0648\u0686\u06cc\u060c \u063a\u0632\u0644\u200c\u0647\u0627\u06cc \u0635\u0648\u0641\u06cc\u0627\u0646\u0647\u200c\u06cc \u0641\u0627\u0631\u0633\u06cc\u060c \u0648 \u062d\u0645\u0627\u0633\u0647\u200c\u0647\u0627\u06cc \u0628\u0632\u0631\u06af (\u0647\u0627\u0646\u06cc \u0648 \u0634\u06cc \u0645\u064f\u0631\u06cc\u062f\u060c \u062f\u064f\u062f\u0627 \u0628\u0627\u0644\u0627\u0686\u060c \u0645\u06cc\u0631 \u06a9\u064e\u0645\u0628\u0631\u060c \u0644\u0627\u0644\u0627 \u0648 \u06af\u0631\u0627\u0646\u0627\u0632\u0648 \u063a\u06cc\u0631\u0647). \u0622\u0647\u0646\u06af\u200c\u0647\u0627\u06cc\u06cc \u06a9\u0647 \u0627\u06cc\u0646\u062c\u0627 \u0627\u0631\u0627\u0626\u0647 \u0645\u06cc\u200c\u200c\u0634\u0648\u0646\u062f \u0645\u062a\u0639\u0644\u0642 \u0628\u0647 \u0646\u0627\u062d\u06cc\u0647\u200c\u06cc \u0645\u06a9\u0631\u0627\u0646\u060c \u062f\u0631 \u062c\u0646\u0648\u0628 \u0628\u0644\u0648\u0686\u0633\u062a\u0627\u0646\u200c\u0627\u0646\u062f (\u0628\u0644\u0648\u0686\u0633\u062a\u0627\u0646 \u0627\u06cc\u0631\u0627\u0646 \u0648 \u067e\u0627\u06a9\u0633\u062a\u0627\u0646) \u06a9\u0647 \u0628\u0627 \u0622\u0648\u0627\u0632\u0647\u0627\u06cc \u0634\u0645\u0627\u0644 \u0634\u0631\u0642 \u0628\u0644\u0648\u0686\u0633\u062a\u0627\u0646 \u0641\u0631\u0642 \u062f\u0627\u0631\u062f. \u0645\u0648\u0633\u06cc\u0642\u06cc\u062f\u0627\u0646\u0627\u0646 \u0645\u06a9\u0631\u0627\u0646 \u0628\u0647\u200c\u0631\u0627\u062d\u062a\u06cc \u0628\u06cc\u0646 \u0627\u06cc\u0631\u0627\u0646 \u0648 \u067e\u0627\u06a9\u0633\u062a\u0627\u0646 \u0648 \u0639\u0645\u0627\u0646 \u0631\u0641\u062a\u200c\u0648\u200c\u0622\u0645\u062f \u0645\u06cc\u200c\u06a9\u0646\u0646\u062f \u0648 \u0628\u0631\u062e\u06cc \u0627\u0632 \u0622\u0646\u0647\u0627 \u0628\u0631\u0627\u06cc \u0647\u0645\u06cc\u0634\u0647 \u062f\u0631 \u06a9\u0631\u0627\u0686\u06cc \u0627\u0642\u0627\u0645\u062a \u06a9\u0631\u062f\u0647\u200c\u200c\u0627\u0646\u062f\u060c \u06a9\u0647 \u0628\u06cc\u0634\u062a\u0631 \u0634\u06cc\u0627\u0631\u0647\u0627\u06cc \u0627\u06cc\u0646 \u062f\u0648 \u0633\u06cc\u200c\u062f\u06cc \u062f\u0631 \u0622\u0646\u062c\u0627 \u0636\u0628\u0637 \u0634\u062f\u0647\u200c\u0627\u0646\u062f.<\/p>\n","protected":false},"excerpt":{"rendered":"<p>Paykubi<br \/>\nHoseyn Alizadeh, setar<br \/>\nDaryush Zargari, tombak<\/p>\n","protected":false},"featured_media":12612,"comment_status":"open","ping_status":"closed","template":"","meta":[],"product_brand":[],"product_cat":[200],"product_tag":[183,248,283],"class_list":{"0":"post-12653","1":"product","2":"type-product","3":"status-publish","4":"has-post-thumbnail","6":"product_cat-music","7":"product_tag-baluchi-en","8":"product_tag-cd-en","9":"product_tag-music","10":"product_shipping_class-cd-en","12":"first","13":"outofstock","14":"shipping-taxable","15":"purchasable","16":"product-type-simple"},"yoast_head":"<!-- This site is optimized with the Yoast SEO plugin v27.4 - https:\/\/yoast.com\/product\/yoast-seo-wordpress\/ -->\n<title>CD - &quot;From rapture to ecstasy: Baluchi songs&quot; - Music of Baluchistan &#8211; GoloBolBol persian webshop - \u06af\u0644 \u0648 \u0628\u0644\u0628\u0644<\/title>\n<meta name=\"description\" content=\"CD - &quot;From rapture to ecstasy: Baluchi songs&quot; - Music of Baluchistan Regional Music of Iran N\u00b075 (Mahoor, 2019) Baluchistan is located in the south-east of Iran, in a region bordered by Pakistan. This CD brings together a set of popular and traditional pieces from this region played by local musicians.\" \/>\n<meta name=\"robots\" content=\"index, follow, max-snippet:-1, max-image-preview:large, max-video-preview:-1\" \/>\n<link rel=\"canonical\" href=\"https:\/\/golobolbol.shop\/en\/boutique\/culture-en\/music\/cd-from-rapture-to-ecstasy-baluchi-songs-music-of-baluchistan\/\" \/>\n<meta property=\"og:locale\" content=\"en_US\" \/>\n<meta property=\"og:type\" content=\"article\" \/>\n<meta property=\"og:title\" content=\"CD - &quot;From rapture to ecstasy: Baluchi songs&quot; - Music of Baluchistan &#8211; GoloBolBol persian webshop - \u06af\u0644 \u0648 \u0628\u0644\u0628\u0644\" \/>\n<meta property=\"og:description\" content=\"CD - &quot;From rapture to ecstasy: Baluchi songs&quot; - Music of Baluchistan Regional Music of Iran N\u00b075 (Mahoor, 2019) Baluchistan is located in the south-east of Iran, in a region bordered by Pakistan. This CD brings together a set of popular and traditional pieces from this region played by local musicians.\" \/>\n<meta property=\"og:url\" content=\"https:\/\/golobolbol.shop\/en\/boutique\/culture-en\/music\/cd-from-rapture-to-ecstasy-baluchi-songs-music-of-baluchistan\/\" \/>\n<meta property=\"og:site_name\" content=\"GoloBolBol persian webshop - \u06af\u0644 \u0648 \u0628\u0644\u0628\u0644\" \/>\n<meta property=\"article:publisher\" content=\"https:\/\/www.facebook.com\/golobolbolpersianwebshop\/\" \/>\n<meta property=\"article:modified_time\" content=\"2020-12-21T17:04:00+00:00\" \/>\n<meta property=\"og:image\" content=\"https:\/\/golobolbol.shop\/wp-content\/uploads\/2020\/12\/balouchestan-musique-iran.jpg\" \/>\n\t<meta property=\"og:image:width\" content=\"1377\" \/>\n\t<meta property=\"og:image:height\" content=\"1377\" \/>\n\t<meta property=\"og:image:type\" content=\"image\/jpeg\" \/>\n<meta name=\"twitter:card\" content=\"summary_large_image\" \/>\n<meta name=\"twitter:label1\" content=\"Est. reading time\" \/>\n\t<meta name=\"twitter:data1\" content=\"1 minute\" \/>\n<script type=\"application\/ld+json\" class=\"yoast-schema-graph\">{\"@context\":\"https:\\\/\\\/schema.org\",\"@graph\":[{\"@type\":\"WebPage\",\"@id\":\"https:\\\/\\\/golobolbol.shop\\\/en\\\/boutique\\\/culture-en\\\/music\\\/cd-from-rapture-to-ecstasy-baluchi-songs-music-of-baluchistan\\\/\",\"url\":\"https:\\\/\\\/golobolbol.shop\\\/en\\\/boutique\\\/culture-en\\\/music\\\/cd-from-rapture-to-ecstasy-baluchi-songs-music-of-baluchistan\\\/\",\"name\":\"CD - \\\"From rapture to ecstasy: Baluchi songs\\\" - Music of Baluchistan &#8211; GoloBolBol persian webshop - \u06af\u0644 \u0648 \u0628\u0644\u0628\u0644\",\"isPartOf\":{\"@id\":\"https:\\\/\\\/golobolbol.shop\\\/en\\\/#website\"},\"primaryImageOfPage\":{\"@id\":\"https:\\\/\\\/golobolbol.shop\\\/en\\\/boutique\\\/culture-en\\\/music\\\/cd-from-rapture-to-ecstasy-baluchi-songs-music-of-baluchistan\\\/#primaryimage\"},\"image\":{\"@id\":\"https:\\\/\\\/golobolbol.shop\\\/en\\\/boutique\\\/culture-en\\\/music\\\/cd-from-rapture-to-ecstasy-baluchi-songs-music-of-baluchistan\\\/#primaryimage\"},\"thumbnailUrl\":\"https:\\\/\\\/golobolbol.shop\\\/wp-content\\\/uploads\\\/2020\\\/12\\\/balouchestan-musique-iran.jpg\",\"datePublished\":\"2020-07-13T18:22:13+00:00\",\"dateModified\":\"2020-12-21T17:04:00+00:00\",\"description\":\"CD - \\\"From rapture to ecstasy: Baluchi songs\\\" - Music of Baluchistan Regional Music of Iran N\u00b075 (Mahoor, 2019) Baluchistan is located in the south-east of Iran, in a region bordered by Pakistan. This CD brings together a set of popular and traditional pieces from this region played by local musicians.\",\"breadcrumb\":{\"@id\":\"https:\\\/\\\/golobolbol.shop\\\/en\\\/boutique\\\/culture-en\\\/music\\\/cd-from-rapture-to-ecstasy-baluchi-songs-music-of-baluchistan\\\/#breadcrumb\"},\"inLanguage\":\"en-US\",\"potentialAction\":[{\"@type\":\"ReadAction\",\"target\":[\"https:\\\/\\\/golobolbol.shop\\\/en\\\/boutique\\\/culture-en\\\/music\\\/cd-from-rapture-to-ecstasy-baluchi-songs-music-of-baluchistan\\\/\"]}]},{\"@type\":\"ImageObject\",\"inLanguage\":\"en-US\",\"@id\":\"https:\\\/\\\/golobolbol.shop\\\/en\\\/boutique\\\/culture-en\\\/music\\\/cd-from-rapture-to-ecstasy-baluchi-songs-music-of-baluchistan\\\/#primaryimage\",\"url\":\"https:\\\/\\\/golobolbol.shop\\\/wp-content\\\/uploads\\\/2020\\\/12\\\/balouchestan-musique-iran.jpg\",\"contentUrl\":\"https:\\\/\\\/golobolbol.shop\\\/wp-content\\\/uploads\\\/2020\\\/12\\\/balouchestan-musique-iran.jpg\",\"width\":1377,\"height\":1377},{\"@type\":\"BreadcrumbList\",\"@id\":\"https:\\\/\\\/golobolbol.shop\\\/en\\\/boutique\\\/culture-en\\\/music\\\/cd-from-rapture-to-ecstasy-baluchi-songs-music-of-baluchistan\\\/#breadcrumb\",\"itemListElement\":[{\"@type\":\"ListItem\",\"position\":1,\"name\":\"Homepage\",\"item\":\"https:\\\/\\\/golobolbol.shop\\\/en\\\/\"},{\"@type\":\"ListItem\",\"position\":2,\"name\":\"Shop\",\"item\":\"https:\\\/\\\/golobolbol.shop\\\/en\\\/shop\\\/\"},{\"@type\":\"ListItem\",\"position\":3,\"name\":\"CD &#8211; &#8220;From rapture to ecstasy: Baluchi songs&#8221; &#8211; Music of Baluchistan\"}]},{\"@type\":\"WebSite\",\"@id\":\"https:\\\/\\\/golobolbol.shop\\\/en\\\/#website\",\"url\":\"https:\\\/\\\/golobolbol.shop\\\/en\\\/\",\"name\":\"GoloBolBol persian webshop - \u06af\u0644 \u0648 \u0628\u0644\u0628\u0644\",\"description\":\"From Persia with love !\",\"publisher\":{\"@id\":\"https:\\\/\\\/golobolbol.shop\\\/en\\\/#organization\"},\"potentialAction\":[{\"@type\":\"SearchAction\",\"target\":{\"@type\":\"EntryPoint\",\"urlTemplate\":\"https:\\\/\\\/golobolbol.shop\\\/en\\\/?s={search_term_string}\"},\"query-input\":{\"@type\":\"PropertyValueSpecification\",\"valueRequired\":true,\"valueName\":\"search_term_string\"}}],\"inLanguage\":\"en-US\"},{\"@type\":\"Organization\",\"@id\":\"https:\\\/\\\/golobolbol.shop\\\/en\\\/#organization\",\"name\":\"GoloBolBol Persian Webshop\",\"url\":\"https:\\\/\\\/golobolbol.shop\\\/en\\\/\",\"logo\":{\"@type\":\"ImageObject\",\"inLanguage\":\"en-US\",\"@id\":\"https:\\\/\\\/golobolbol.shop\\\/en\\\/#\\\/schema\\\/logo\\\/image\\\/\",\"url\":\"https:\\\/\\\/golobolbol.shop\\\/wp-content\\\/uploads\\\/2020\\\/03\\\/GOLTEST1-4.png\",\"contentUrl\":\"https:\\\/\\\/golobolbol.shop\\\/wp-content\\\/uploads\\\/2020\\\/03\\\/GOLTEST1-4.png\",\"width\":283,\"height\":151,\"caption\":\"GoloBolBol Persian Webshop\"},\"image\":{\"@id\":\"https:\\\/\\\/golobolbol.shop\\\/en\\\/#\\\/schema\\\/logo\\\/image\\\/\"},\"sameAs\":[\"https:\\\/\\\/www.facebook.com\\\/golobolbolpersianwebshop\\\/\",\"https:\\\/\\\/www.instagram.com\\\/golobolbol_persianwebshop\"]}]}<\/script>\n<!-- \/ Yoast SEO plugin. -->","yoast_head_json":{"title":"CD - \"From rapture to ecstasy: Baluchi songs\" - Music of Baluchistan &#8211; GoloBolBol persian webshop - \u06af\u0644 \u0648 \u0628\u0644\u0628\u0644","description":"CD - \"From rapture to ecstasy: Baluchi songs\" - Music of Baluchistan Regional Music of Iran N\u00b075 (Mahoor, 2019) Baluchistan is located in the south-east of Iran, in a region bordered by Pakistan. This CD brings together a set of popular and traditional pieces from this region played by local musicians.","robots":{"index":"index","follow":"follow","max-snippet":"max-snippet:-1","max-image-preview":"max-image-preview:large","max-video-preview":"max-video-preview:-1"},"canonical":"https:\/\/golobolbol.shop\/en\/boutique\/culture-en\/music\/cd-from-rapture-to-ecstasy-baluchi-songs-music-of-baluchistan\/","og_locale":"en_US","og_type":"article","og_title":"CD - \"From rapture to ecstasy: Baluchi songs\" - Music of Baluchistan &#8211; GoloBolBol persian webshop - \u06af\u0644 \u0648 \u0628\u0644\u0628\u0644","og_description":"CD - \"From rapture to ecstasy: Baluchi songs\" - Music of Baluchistan Regional Music of Iran N\u00b075 (Mahoor, 2019) Baluchistan is located in the south-east of Iran, in a region bordered by Pakistan. This CD brings together a set of popular and traditional pieces from this region played by local musicians.","og_url":"https:\/\/golobolbol.shop\/en\/boutique\/culture-en\/music\/cd-from-rapture-to-ecstasy-baluchi-songs-music-of-baluchistan\/","og_site_name":"GoloBolBol persian webshop - \u06af\u0644 \u0648 \u0628\u0644\u0628\u0644","article_publisher":"https:\/\/www.facebook.com\/golobolbolpersianwebshop\/","article_modified_time":"2020-12-21T17:04:00+00:00","og_image":[{"width":1377,"height":1377,"url":"https:\/\/golobolbol.shop\/wp-content\/uploads\/2020\/12\/balouchestan-musique-iran.jpg","type":"image\/jpeg"}],"twitter_card":"summary_large_image","twitter_misc":{"Est. reading time":"1 minute"},"schema":{"@context":"https:\/\/schema.org","@graph":[{"@type":"WebPage","@id":"https:\/\/golobolbol.shop\/en\/boutique\/culture-en\/music\/cd-from-rapture-to-ecstasy-baluchi-songs-music-of-baluchistan\/","url":"https:\/\/golobolbol.shop\/en\/boutique\/culture-en\/music\/cd-from-rapture-to-ecstasy-baluchi-songs-music-of-baluchistan\/","name":"CD - \"From rapture to ecstasy: Baluchi songs\" - Music of Baluchistan &#8211; GoloBolBol persian webshop - \u06af\u0644 \u0648 \u0628\u0644\u0628\u0644","isPartOf":{"@id":"https:\/\/golobolbol.shop\/en\/#website"},"primaryImageOfPage":{"@id":"https:\/\/golobolbol.shop\/en\/boutique\/culture-en\/music\/cd-from-rapture-to-ecstasy-baluchi-songs-music-of-baluchistan\/#primaryimage"},"image":{"@id":"https:\/\/golobolbol.shop\/en\/boutique\/culture-en\/music\/cd-from-rapture-to-ecstasy-baluchi-songs-music-of-baluchistan\/#primaryimage"},"thumbnailUrl":"https:\/\/golobolbol.shop\/wp-content\/uploads\/2020\/12\/balouchestan-musique-iran.jpg","datePublished":"2020-07-13T18:22:13+00:00","dateModified":"2020-12-21T17:04:00+00:00","description":"CD - \"From rapture to ecstasy: Baluchi songs\" - Music of Baluchistan Regional Music of Iran N\u00b075 (Mahoor, 2019) Baluchistan is located in the south-east of Iran, in a region bordered by Pakistan. This CD brings together a set of popular and traditional pieces from this region played by local musicians.","breadcrumb":{"@id":"https:\/\/golobolbol.shop\/en\/boutique\/culture-en\/music\/cd-from-rapture-to-ecstasy-baluchi-songs-music-of-baluchistan\/#breadcrumb"},"inLanguage":"en-US","potentialAction":[{"@type":"ReadAction","target":["https:\/\/golobolbol.shop\/en\/boutique\/culture-en\/music\/cd-from-rapture-to-ecstasy-baluchi-songs-music-of-baluchistan\/"]}]},{"@type":"ImageObject","inLanguage":"en-US","@id":"https:\/\/golobolbol.shop\/en\/boutique\/culture-en\/music\/cd-from-rapture-to-ecstasy-baluchi-songs-music-of-baluchistan\/#primaryimage","url":"https:\/\/golobolbol.shop\/wp-content\/uploads\/2020\/12\/balouchestan-musique-iran.jpg","contentUrl":"https:\/\/golobolbol.shop\/wp-content\/uploads\/2020\/12\/balouchestan-musique-iran.jpg","width":1377,"height":1377},{"@type":"BreadcrumbList","@id":"https:\/\/golobolbol.shop\/en\/boutique\/culture-en\/music\/cd-from-rapture-to-ecstasy-baluchi-songs-music-of-baluchistan\/#breadcrumb","itemListElement":[{"@type":"ListItem","position":1,"name":"Homepage","item":"https:\/\/golobolbol.shop\/en\/"},{"@type":"ListItem","position":2,"name":"Shop","item":"https:\/\/golobolbol.shop\/en\/shop\/"},{"@type":"ListItem","position":3,"name":"CD &#8211; &#8220;From rapture to ecstasy: Baluchi songs&#8221; &#8211; Music of Baluchistan"}]},{"@type":"WebSite","@id":"https:\/\/golobolbol.shop\/en\/#website","url":"https:\/\/golobolbol.shop\/en\/","name":"GoloBolBol persian webshop - \u06af\u0644 \u0648 \u0628\u0644\u0628\u0644","description":"From Persia with love !","publisher":{"@id":"https:\/\/golobolbol.shop\/en\/#organization"},"potentialAction":[{"@type":"SearchAction","target":{"@type":"EntryPoint","urlTemplate":"https:\/\/golobolbol.shop\/en\/?s={search_term_string}"},"query-input":{"@type":"PropertyValueSpecification","valueRequired":true,"valueName":"search_term_string"}}],"inLanguage":"en-US"},{"@type":"Organization","@id":"https:\/\/golobolbol.shop\/en\/#organization","name":"GoloBolBol Persian Webshop","url":"https:\/\/golobolbol.shop\/en\/","logo":{"@type":"ImageObject","inLanguage":"en-US","@id":"https:\/\/golobolbol.shop\/en\/#\/schema\/logo\/image\/","url":"https:\/\/golobolbol.shop\/wp-content\/uploads\/2020\/03\/GOLTEST1-4.png","contentUrl":"https:\/\/golobolbol.shop\/wp-content\/uploads\/2020\/03\/GOLTEST1-4.png","width":283,"height":151,"caption":"GoloBolBol Persian Webshop"},"image":{"@id":"https:\/\/golobolbol.shop\/en\/#\/schema\/logo\/image\/"},"sameAs":["https:\/\/www.facebook.com\/golobolbolpersianwebshop\/","https:\/\/www.instagram.com\/golobolbol_persianwebshop"]}]}},"_links":{"self":[{"href":"https:\/\/golobolbol.shop\/en\/wp-json\/wp\/v2\/product\/12653","targetHints":{"allow":["GET"]}}],"collection":[{"href":"https:\/\/golobolbol.shop\/en\/wp-json\/wp\/v2\/product"}],"about":[{"href":"https:\/\/golobolbol.shop\/en\/wp-json\/wp\/v2\/types\/product"}],"replies":[{"embeddable":true,"href":"https:\/\/golobolbol.shop\/en\/wp-json\/wp\/v2\/comments?post=12653"}],"wp:featuredmedia":[{"embeddable":true,"href":"https:\/\/golobolbol.shop\/en\/wp-json\/wp\/v2\/media\/12612"}],"wp:attachment":[{"href":"https:\/\/golobolbol.shop\/en\/wp-json\/wp\/v2\/media?parent=12653"}],"wp:term":[{"taxonomy":"product_brand","embeddable":true,"href":"https:\/\/golobolbol.shop\/en\/wp-json\/wp\/v2\/product_brand?post=12653"},{"taxonomy":"product_cat","embeddable":true,"href":"https:\/\/golobolbol.shop\/en\/wp-json\/wp\/v2\/product_cat?post=12653"},{"taxonomy":"product_tag","embeddable":true,"href":"https:\/\/golobolbol.shop\/en\/wp-json\/wp\/v2\/product_tag?post=12653"}],"curies":[{"name":"wp","href":"https:\/\/api.w.org\/{rel}","templated":true}]}}