{"id":12657,"date":"2020-07-13T20:22:24","date_gmt":"2020-07-13T18:22:24","guid":{"rendered":"https:\/\/golobolbol.shop\/?post_type=product&#038;p=12657"},"modified":"2020-12-21T17:38:44","modified_gmt":"2020-12-21T16:38:44","slug":"cd-ney-nava-for-ney-and-string-orchestra-hossein-alizadeh","status":"publish","type":"product","link":"https:\/\/golobolbol.shop\/en\/boutique\/culture-en\/music\/cd-ney-nava-for-ney-and-string-orchestra-hossein-alizadeh\/","title":{"rendered":"CD &#8211; &#8220;Ney Nav\u00e2 (for Ney and String orchestra)&#8221; &#8211; Hossein Aliz\u00e2deh"},"content":{"rendered":"<p>&#8220;Ney Nav\u00e2 (for Ney and String orchestra)&#8221;.<\/p>\n<p>By Hossein Aliz\u00e2deh. (Released in 1983 by Mahoor Records)<\/p>\n<p>This concerto for Ney (a flute with a terminal reed mouthpiece, often played in an oblique position hence also the name of &#8220;oblique flute&#8221;) is a fantastic meeting between Western classical music and Persian composition around this emblematic instrument. Hossein Alizadeh is a virtuoso of tar, set\u00e2r and tamb\u00fbr and an Iranian composer who revived and influenced the entire Iranian music scene. This piece is one of the most successful. He has also composed many film scores.<\/p>\n<ol>\n<li><i>Dar\u00e2mad<\/i><\/li>\n<li><i>Naghmeh<\/i><\/li>\n<li><i>J\u00e2meh-dar\u00e2n<\/i><\/li>\n<li><i>Nahoft, Forud<\/i><\/li>\n<li><i>Dance Os Sam\u00e2<\/i><\/li>\n<\/ol>\n<p><iframe loading=\"lazy\" title=\"Ney Nava \/ Dar\u00e2mad\" width=\"500\" height=\"375\" src=\"https:\/\/www.youtube.com\/embed\/hwpjg8E5arg?feature=oembed\" frameborder=\"0\" allow=\"accelerometer; autoplay; clipboard-write; encrypted-media; gyroscope; picture-in-picture; web-share\" referrerpolicy=\"strict-origin-when-cross-origin\" allowfullscreen><\/iframe><\/p>\n<p>\u0628\u0631\u0627\u06cc \u0646\u06cc \u0648 \u0627\u0631\u06a9\u0633\u062a\u0631 \u0632\u0647\u06cc<\/p>\n<p>\u0622\u0647\u0646\u06af\u0633\u0627\u0632: \u062d\u0633\u06cc\u0646 \u0639\u0644\u06cc\u0632\u0627\u062f\u0647<\/p>\n<p>\u0646\u06cc: \u062c\u0645\u0634\u06cc\u062f \u0639\u0646\u062f\u0644\u06cc\u0628\u06cc<\/p>\n<p>\u0648\u06cc\u0644\u0646: \u062e\u0627\u0686\u06cc\u06a9 \u0628\u0627\u0628\u0627\u06cc\u0627\u0646<\/p>\n<p>\u0627\u0648\u0644\u064a\u0646 \u0637\u0631\u062d\u200c\u0647\u0627\u0649 \u0646\u0649\u200c\u0646\u0648\u0627 \u062f\u0631 \u0633\u0627\u0644 \u06f1\u06f3\u06f5\u06f5\u00a0\u0628\u0631 \u0627\u0633\u0627\u0633 \u062f\u0633\u062a\u06af\u0627\u0647 \u0646\u0648\u0627 \u062f\u0631 \u062c\u0634\u0646 \u0647\u0646\u0631 \u0634\u064a\u0631\u0627\u0632 \u0628\u0627 \u0647\u0645\u200c\u0646\u0648\u0627\u0632\u0649 \u0633\u0627\u0632\u0647\u0627\u0649 \u0627\u064a\u0631\u0627\u0646\u0649 \u0627\u062c\u0631\u0627 \u0634\u062f\u060c \u0628\u0627 \u0627\u064a\u0646 \u062a\u0641\u0627\u0648\u062a \u0643\u0647 \u0641\u0631\u0645 \u0627\u0635\u0644\u0649 \u0627\u062b\u0631 \u0643\u0627\u0645\u0644\u0627\u064b \u0645\u0628\u062a\u0646\u0649 \u0628\u0631 \u0631\u062f\u064a\u0641 \u0633\u0627\u0632\u0649 \u0648 \u0622\u0648\u0627\u0632\u0649 \u0628\u0646\u0627 \u0634\u062f\u0647 \u0628\u0648\u062f. \u062f\u0631 \u0633\u0627\u0644 \u06f1\u06f3\u06f6\u06f1 \u0647\u0645\u0627\u0646 \u0637\u0631\u062d \u0628\u0627 \u062a\u063a\u064a\u064a\u0631\u0627\u062a \u0627\u0633\u0627\u0633\u0649\u060c \u0627\u0632 \u0646\u0638\u0631 \u0645\u062d\u062a\u0648\u0627 \u0648 \u0641\u0631\u0645\u060c \u0628\u0631\u0627\u0649 \u0627\u0631\u0643\u0633\u062a\u0631 \u0632\u0647\u0649 \u0648 \u0646\u0649\u200c \u062a\u06a9\u200a\u0646\u0648\u0627\u0632 \u0646\u0648\u0634\u062a\u0647 \u0648 \u0646\u0647\u0627\u064a\u062a\u0627\u064b \u062f\u0631 \u062a\u0627\u0628\u0633\u062a\u0627\u0646 \u06f1\u06f3\u06f6\u06f2\u00a0\u0628\u0627 \u0639\u0646\u0648\u0627\u0646 \u0646\u0649\u200c\u0646\u0648\u0627 (\u0646\u0648\u0627\u0649 \u0646\u0649) \u0636\u0628\u0637 \u0634\u062f. \u0633\u0627\u062e\u062a\u0645\u0627\u0646 \u0627\u0635\u0644\u0649 \u0627\u062b\u0631 \u0627\u0632 \u0647\u0645\u0627\u0646 \u0633\u0627\u062e\u062a\u0645\u0627\u0646 \u0643\u0644\u0651\u0649 \u062f\u0633\u062a\u06af\u0627\u0647 \u0646\u0648\u0627 \u067e\u064a\u0631\u0648\u0649 \u0643\u0631\u062f\u0647 \u0627\u0633\u062a \u0643\u0647 \u062f\u0631 \u0643\u0644\u0650\u0651 \u0622\u0646 \u0627\u0646\u06af\u0627\u0631\u0647\u200c\u0647\u0627\u0649 \u06af\u0648\u0634\u0647\u200c\u0647\u0627\u0649 \u0627\u0635\u0644\u0649 \u0646\u0648\u0627\u060c \u062f\u0631 \u062d\u0631\u0643\u062a \u0645\u0644\u0648\u062f\u0649 \u0648 \u062a\u0631\u0643\u064a\u0628 \u0645\u0648\u0627\u0632\u0649 \u0622\u0646\u200a \u0648 \u0647\u0627\u0631\u0645\u0648\u0646\u0649 \u0627\u0632 \u062f\u0631\u062c\u0627\u062a \u0634\u0643\u0644\u200c\u062f\u0647\u0646\u062f\u0647\u200c\u0649 \u0645\u0642\u0627\u0645 \u064a\u0627 \u0645\u064f\u062f\u0647\u0627\u0649 \u06af\u0648\u0646\u0627\u06af\u0648\u0646 \u062f\u0633\u062a\u06af\u0627\u0647\u060c \u0628\u0633\u0637 \u0648 \u06af\u0633\u062a\u0631\u0634 \u064a\u0627\u0641\u062a\u0647 \u0627\u0633\u062a. \u0628\u0647\u200c\u062c\u0632 \u06af\u0648\u0634\u0647 \u064a\u0627 \u0645\u064f\u062f\u0647\u0627\u0649 \u0627\u0635\u0644\u0649\u060c \u0645\u0627\u0646\u0646\u062f \u062f\u0631\u0622\u0645\u062f\u060c \u0646\u064a\u0634\u0627\u0628\u0648\u0631\u06a9\u060c \u062c\u0627\u0645\u0647\u200c\u062f\u0631\u0627\u0646 \u0648 \u0646\u0647\u0641\u062a\u060c \u0627\u0646\u06af\u0627\u0631\u0647\u200c\u0647\u0627\u0649 \u06af\u0648\u0634\u0647\u200c\u0647\u0627\u0649 \u0641\u0631\u0639\u0649 \u0646\u064a\u0632 \u062f\u0631 \u0634\u0643\u0644\u200c\u06af\u064a\u0631\u0649 \u0648 \u062a\u0631\u0643\u064a\u0628 \u0645\u0644\u0648\u062f\u0649\u200c\u0647\u0627 \u0646\u0642\u0634 \u0627\u0633\u0627\u0633\u0649 \u062f\u0627\u0634\u062a\u0647\u200c\u0627\u0646\u062f. \u0627\u0646\u06af\u0627\u0631\u0647\u200c\u0647\u0627\u0649 \u0631\u064a\u062a\u0645\u064a\u06a9 \u062f\u0633\u062a\u06af\u0627\u0647 \u0646\u0648\u0627 \u0646\u064a\u0632 \u067e\u0627\u064a\u0647 \u0648 \u0627\u0633\u0627\u0633 \u0628\u0633\u0637 \u0648 \u06af\u0633\u062a\u0631\u0634 \u0631\u064a\u062a\u0645 \u062f\u0631 \u0646\u0649\u200c\u0646\u0648\u0627\u0633\u062a \u0643\u0647 \u0634\u0627\u0645\u0644 \u0627\u0646\u06af\u0627\u0631\u0647\u200c\u0647\u0627\u0649 \u0631\u064a\u062a\u0645\u064a\u06a9 \u062f\u0631\u0622\u0645\u062f\u060c \u0646\u064a\u0634\u0627\u0628\u0648\u0631\u06a9\u060c \u0646\u0647\u0641\u062a\u060c \u0645\u062b\u0646\u0648\u0649\u060c \u0646\u063a\u0645\u0647\u060c \u062c\u0627\u0645\u0647\u200c\u062f\u0631\u0627\u0646 \u0648&#8230; \u0645\u0649\u200c\u0634\u0648\u062f.<\/p>\n","protected":false},"excerpt":{"rendered":"<p>&#8220;Ney Nav\u00e2 (for Ney and String orchestra)&#8221;.<\/p>\n<p>By Hossein Aliz\u00e2deh. (Released in 1983 by Mahoor Records)<\/p>\n<ol>\n<li><i>Dar\u00e2mad<\/i><\/li>\n<li><i>Naghmeh<\/i><\/li>\n<li><i>J\u00e2meh-dar\u00e2n<\/i><\/li>\n<li><i>Nahoft, Forud<\/i><\/li>\n<li><i>Dance Os Sam\u00e2<\/i><\/li>\n<\/ol>\n","protected":false},"featured_media":12633,"comment_status":"open","ping_status":"closed","template":"","meta":[],"product_brand":[],"product_cat":[200],"product_tag":[248,283],"class_list":{"0":"post-12657","1":"product","2":"type-product","3":"status-publish","4":"has-post-thumbnail","6":"product_cat-music","7":"product_tag-cd-en","8":"product_tag-music","9":"product_shipping_class-cd-en","11":"first","12":"outofstock","13":"shipping-taxable","14":"purchasable","15":"product-type-simple"},"yoast_head":"<!-- This site is optimized with the Yoast SEO plugin v27.2 - https:\/\/yoast.com\/product\/yoast-seo-wordpress\/ -->\n<title>CD - &quot;Ney Nav\u00e2 (for Ney and String orchestra)&quot; - Hossein Aliz\u00e2deh &#8211; GoloBolBol persian webshop - \u06af\u0644 \u0648 \u0628\u0644\u0628\u0644<\/title>\n<meta name=\"description\" content=\"&quot;Ney Nav\u00e2 (for Ney and String orchestra)&quot;. By Hossein Aliz\u00e2deh. (Released in 1983 by Mahoor Records) This concerto for Ney (a flute with a terminal reed mouthpiece, often played in an oblique position hence also the name of &quot;oblique flute&quot;) is a fantastic meeting between Western classical music and Persian composition around this emblematic instrument. Hossein Alizadeh is a virtuoso of tar, set\u00e2r and tamb\u00fbr and an Iranian composer who revived and influenced the entire Iranian music scene. This piece is one of the most successful. He has also composed many film scores.\" \/>\n<meta name=\"robots\" content=\"index, follow, max-snippet:-1, max-image-preview:large, max-video-preview:-1\" \/>\n<link rel=\"canonical\" href=\"https:\/\/golobolbol.shop\/en\/boutique\/culture-en\/music\/cd-ney-nava-for-ney-and-string-orchestra-hossein-alizadeh\/\" \/>\n<meta property=\"og:locale\" content=\"en_US\" \/>\n<meta property=\"og:type\" content=\"article\" \/>\n<meta property=\"og:title\" content=\"CD - &quot;Ney Nav\u00e2 (for Ney and String orchestra)&quot; - Hossein Aliz\u00e2deh &#8211; GoloBolBol persian webshop - \u06af\u0644 \u0648 \u0628\u0644\u0628\u0644\" \/>\n<meta property=\"og:description\" content=\"&quot;Ney Nav\u00e2 (for Ney and String orchestra)&quot;. By Hossein Aliz\u00e2deh. (Released in 1983 by Mahoor Records) This concerto for Ney (a flute with a terminal reed mouthpiece, often played in an oblique position hence also the name of &quot;oblique flute&quot;) is a fantastic meeting between Western classical music and Persian composition around this emblematic instrument. Hossein Alizadeh is a virtuoso of tar, set\u00e2r and tamb\u00fbr and an Iranian composer who revived and influenced the entire Iranian music scene. This piece is one of the most successful. He has also composed many film scores.\" \/>\n<meta property=\"og:url\" content=\"https:\/\/golobolbol.shop\/en\/boutique\/culture-en\/music\/cd-ney-nava-for-ney-and-string-orchestra-hossein-alizadeh\/\" \/>\n<meta property=\"og:site_name\" content=\"GoloBolBol persian webshop - \u06af\u0644 \u0648 \u0628\u0644\u0628\u0644\" \/>\n<meta property=\"article:publisher\" content=\"https:\/\/www.facebook.com\/golobolbolpersianwebshop\/\" \/>\n<meta property=\"article:modified_time\" content=\"2020-12-21T16:38:44+00:00\" \/>\n<meta property=\"og:image\" content=\"https:\/\/golobolbol.shop\/wp-content\/uploads\/2020\/12\/neinava-alizadeh-musique-iran.jpg\" \/>\n\t<meta property=\"og:image:width\" content=\"500\" \/>\n\t<meta property=\"og:image:height\" content=\"500\" \/>\n\t<meta property=\"og:image:type\" content=\"image\/jpeg\" \/>\n<meta name=\"twitter:card\" content=\"summary_large_image\" \/>\n<meta name=\"twitter:label1\" content=\"Est. reading time\" \/>\n\t<meta name=\"twitter:data1\" content=\"1 minute\" \/>\n<script type=\"application\/ld+json\" class=\"yoast-schema-graph\">{\"@context\":\"https:\/\/schema.org\",\"@graph\":[{\"@type\":\"WebPage\",\"@id\":\"https:\/\/golobolbol.shop\/en\/boutique\/culture-en\/music\/cd-ney-nava-for-ney-and-string-orchestra-hossein-alizadeh\/\",\"url\":\"https:\/\/golobolbol.shop\/en\/boutique\/culture-en\/music\/cd-ney-nava-for-ney-and-string-orchestra-hossein-alizadeh\/\",\"name\":\"CD - \\\"Ney Nav\u00e2 (for Ney and String orchestra)\\\" - Hossein Aliz\u00e2deh &#8211; GoloBolBol persian webshop - \u06af\u0644 \u0648 \u0628\u0644\u0628\u0644\",\"isPartOf\":{\"@id\":\"https:\/\/golobolbol.shop\/en\/#website\"},\"primaryImageOfPage\":{\"@id\":\"https:\/\/golobolbol.shop\/en\/boutique\/culture-en\/music\/cd-ney-nava-for-ney-and-string-orchestra-hossein-alizadeh\/#primaryimage\"},\"image\":{\"@id\":\"https:\/\/golobolbol.shop\/en\/boutique\/culture-en\/music\/cd-ney-nava-for-ney-and-string-orchestra-hossein-alizadeh\/#primaryimage\"},\"thumbnailUrl\":\"https:\/\/golobolbol.shop\/wp-content\/uploads\/2020\/12\/neinava-alizadeh-musique-iran.jpg\",\"datePublished\":\"2020-07-13T18:22:24+00:00\",\"dateModified\":\"2020-12-21T16:38:44+00:00\",\"description\":\"\\\"Ney Nav\u00e2 (for Ney and String orchestra)\\\". By Hossein Aliz\u00e2deh. (Released in 1983 by Mahoor Records) This concerto for Ney (a flute with a terminal reed mouthpiece, often played in an oblique position hence also the name of \\\"oblique flute\\\") is a fantastic meeting between Western classical music and Persian composition around this emblematic instrument. Hossein Alizadeh is a virtuoso of tar, set\u00e2r and tamb\u00fbr and an Iranian composer who revived and influenced the entire Iranian music scene. This piece is one of the most successful. He has also composed many film scores.\",\"breadcrumb\":{\"@id\":\"https:\/\/golobolbol.shop\/en\/boutique\/culture-en\/music\/cd-ney-nava-for-ney-and-string-orchestra-hossein-alizadeh\/#breadcrumb\"},\"inLanguage\":\"en-US\",\"potentialAction\":[{\"@type\":\"ReadAction\",\"target\":[\"https:\/\/golobolbol.shop\/en\/boutique\/culture-en\/music\/cd-ney-nava-for-ney-and-string-orchestra-hossein-alizadeh\/\"]}]},{\"@type\":\"ImageObject\",\"inLanguage\":\"en-US\",\"@id\":\"https:\/\/golobolbol.shop\/en\/boutique\/culture-en\/music\/cd-ney-nava-for-ney-and-string-orchestra-hossein-alizadeh\/#primaryimage\",\"url\":\"https:\/\/golobolbol.shop\/wp-content\/uploads\/2020\/12\/neinava-alizadeh-musique-iran.jpg\",\"contentUrl\":\"https:\/\/golobolbol.shop\/wp-content\/uploads\/2020\/12\/neinava-alizadeh-musique-iran.jpg\",\"width\":500,\"height\":500},{\"@type\":\"BreadcrumbList\",\"@id\":\"https:\/\/golobolbol.shop\/en\/boutique\/culture-en\/music\/cd-ney-nava-for-ney-and-string-orchestra-hossein-alizadeh\/#breadcrumb\",\"itemListElement\":[{\"@type\":\"ListItem\",\"position\":1,\"name\":\"Homepage\",\"item\":\"https:\/\/golobolbol.shop\/en\/\"},{\"@type\":\"ListItem\",\"position\":2,\"name\":\"Shop\",\"item\":\"https:\/\/golobolbol.shop\/en\/shop\/\"},{\"@type\":\"ListItem\",\"position\":3,\"name\":\"CD &#8211; &#8220;Ney Nav\u00e2 (for Ney and String orchestra)&#8221; &#8211; Hossein Aliz\u00e2deh\"}]},{\"@type\":\"WebSite\",\"@id\":\"https:\/\/golobolbol.shop\/en\/#website\",\"url\":\"https:\/\/golobolbol.shop\/en\/\",\"name\":\"GoloBolBol persian webshop - \u06af\u0644 \u0648 \u0628\u0644\u0628\u0644\",\"description\":\"From Persia with love !\",\"publisher\":{\"@id\":\"https:\/\/golobolbol.shop\/en\/#organization\"},\"potentialAction\":[{\"@type\":\"SearchAction\",\"target\":{\"@type\":\"EntryPoint\",\"urlTemplate\":\"https:\/\/golobolbol.shop\/en\/?s={search_term_string}\"},\"query-input\":{\"@type\":\"PropertyValueSpecification\",\"valueRequired\":true,\"valueName\":\"search_term_string\"}}],\"inLanguage\":\"en-US\"},{\"@type\":\"Organization\",\"@id\":\"https:\/\/golobolbol.shop\/en\/#organization\",\"name\":\"GoloBolBol Persian Webshop\",\"url\":\"https:\/\/golobolbol.shop\/en\/\",\"logo\":{\"@type\":\"ImageObject\",\"inLanguage\":\"en-US\",\"@id\":\"https:\/\/golobolbol.shop\/en\/#\/schema\/logo\/image\/\",\"url\":\"https:\/\/golobolbol.shop\/wp-content\/uploads\/2020\/03\/GOLTEST1-4.png\",\"contentUrl\":\"https:\/\/golobolbol.shop\/wp-content\/uploads\/2020\/03\/GOLTEST1-4.png\",\"width\":283,\"height\":151,\"caption\":\"GoloBolBol Persian Webshop\"},\"image\":{\"@id\":\"https:\/\/golobolbol.shop\/en\/#\/schema\/logo\/image\/\"},\"sameAs\":[\"https:\/\/www.facebook.com\/golobolbolpersianwebshop\/\",\"https:\/\/www.instagram.com\/golobolbol_persianwebshop\"]}]}<\/script>\n<!-- \/ Yoast SEO plugin. -->","yoast_head_json":{"title":"CD - \"Ney Nav\u00e2 (for Ney and String orchestra)\" - Hossein Aliz\u00e2deh &#8211; GoloBolBol persian webshop - \u06af\u0644 \u0648 \u0628\u0644\u0628\u0644","description":"\"Ney Nav\u00e2 (for Ney and String orchestra)\". By Hossein Aliz\u00e2deh. (Released in 1983 by Mahoor Records) This concerto for Ney (a flute with a terminal reed mouthpiece, often played in an oblique position hence also the name of \"oblique flute\") is a fantastic meeting between Western classical music and Persian composition around this emblematic instrument. Hossein Alizadeh is a virtuoso of tar, set\u00e2r and tamb\u00fbr and an Iranian composer who revived and influenced the entire Iranian music scene. This piece is one of the most successful. He has also composed many film scores.","robots":{"index":"index","follow":"follow","max-snippet":"max-snippet:-1","max-image-preview":"max-image-preview:large","max-video-preview":"max-video-preview:-1"},"canonical":"https:\/\/golobolbol.shop\/en\/boutique\/culture-en\/music\/cd-ney-nava-for-ney-and-string-orchestra-hossein-alizadeh\/","og_locale":"en_US","og_type":"article","og_title":"CD - \"Ney Nav\u00e2 (for Ney and String orchestra)\" - Hossein Aliz\u00e2deh &#8211; GoloBolBol persian webshop - \u06af\u0644 \u0648 \u0628\u0644\u0628\u0644","og_description":"\"Ney Nav\u00e2 (for Ney and String orchestra)\". By Hossein Aliz\u00e2deh. (Released in 1983 by Mahoor Records) This concerto for Ney (a flute with a terminal reed mouthpiece, often played in an oblique position hence also the name of \"oblique flute\") is a fantastic meeting between Western classical music and Persian composition around this emblematic instrument. Hossein Alizadeh is a virtuoso of tar, set\u00e2r and tamb\u00fbr and an Iranian composer who revived and influenced the entire Iranian music scene. This piece is one of the most successful. He has also composed many film scores.","og_url":"https:\/\/golobolbol.shop\/en\/boutique\/culture-en\/music\/cd-ney-nava-for-ney-and-string-orchestra-hossein-alizadeh\/","og_site_name":"GoloBolBol persian webshop - \u06af\u0644 \u0648 \u0628\u0644\u0628\u0644","article_publisher":"https:\/\/www.facebook.com\/golobolbolpersianwebshop\/","article_modified_time":"2020-12-21T16:38:44+00:00","og_image":[{"width":500,"height":500,"url":"https:\/\/golobolbol.shop\/wp-content\/uploads\/2020\/12\/neinava-alizadeh-musique-iran.jpg","type":"image\/jpeg"}],"twitter_card":"summary_large_image","twitter_misc":{"Est. reading time":"1 minute"},"schema":{"@context":"https:\/\/schema.org","@graph":[{"@type":"WebPage","@id":"https:\/\/golobolbol.shop\/en\/boutique\/culture-en\/music\/cd-ney-nava-for-ney-and-string-orchestra-hossein-alizadeh\/","url":"https:\/\/golobolbol.shop\/en\/boutique\/culture-en\/music\/cd-ney-nava-for-ney-and-string-orchestra-hossein-alizadeh\/","name":"CD - \"Ney Nav\u00e2 (for Ney and String orchestra)\" - Hossein Aliz\u00e2deh &#8211; GoloBolBol persian webshop - \u06af\u0644 \u0648 \u0628\u0644\u0628\u0644","isPartOf":{"@id":"https:\/\/golobolbol.shop\/en\/#website"},"primaryImageOfPage":{"@id":"https:\/\/golobolbol.shop\/en\/boutique\/culture-en\/music\/cd-ney-nava-for-ney-and-string-orchestra-hossein-alizadeh\/#primaryimage"},"image":{"@id":"https:\/\/golobolbol.shop\/en\/boutique\/culture-en\/music\/cd-ney-nava-for-ney-and-string-orchestra-hossein-alizadeh\/#primaryimage"},"thumbnailUrl":"https:\/\/golobolbol.shop\/wp-content\/uploads\/2020\/12\/neinava-alizadeh-musique-iran.jpg","datePublished":"2020-07-13T18:22:24+00:00","dateModified":"2020-12-21T16:38:44+00:00","description":"\"Ney Nav\u00e2 (for Ney and String orchestra)\". By Hossein Aliz\u00e2deh. (Released in 1983 by Mahoor Records) This concerto for Ney (a flute with a terminal reed mouthpiece, often played in an oblique position hence also the name of \"oblique flute\") is a fantastic meeting between Western classical music and Persian composition around this emblematic instrument. Hossein Alizadeh is a virtuoso of tar, set\u00e2r and tamb\u00fbr and an Iranian composer who revived and influenced the entire Iranian music scene. This piece is one of the most successful. He has also composed many film scores.","breadcrumb":{"@id":"https:\/\/golobolbol.shop\/en\/boutique\/culture-en\/music\/cd-ney-nava-for-ney-and-string-orchestra-hossein-alizadeh\/#breadcrumb"},"inLanguage":"en-US","potentialAction":[{"@type":"ReadAction","target":["https:\/\/golobolbol.shop\/en\/boutique\/culture-en\/music\/cd-ney-nava-for-ney-and-string-orchestra-hossein-alizadeh\/"]}]},{"@type":"ImageObject","inLanguage":"en-US","@id":"https:\/\/golobolbol.shop\/en\/boutique\/culture-en\/music\/cd-ney-nava-for-ney-and-string-orchestra-hossein-alizadeh\/#primaryimage","url":"https:\/\/golobolbol.shop\/wp-content\/uploads\/2020\/12\/neinava-alizadeh-musique-iran.jpg","contentUrl":"https:\/\/golobolbol.shop\/wp-content\/uploads\/2020\/12\/neinava-alizadeh-musique-iran.jpg","width":500,"height":500},{"@type":"BreadcrumbList","@id":"https:\/\/golobolbol.shop\/en\/boutique\/culture-en\/music\/cd-ney-nava-for-ney-and-string-orchestra-hossein-alizadeh\/#breadcrumb","itemListElement":[{"@type":"ListItem","position":1,"name":"Homepage","item":"https:\/\/golobolbol.shop\/en\/"},{"@type":"ListItem","position":2,"name":"Shop","item":"https:\/\/golobolbol.shop\/en\/shop\/"},{"@type":"ListItem","position":3,"name":"CD &#8211; &#8220;Ney Nav\u00e2 (for Ney and String orchestra)&#8221; &#8211; Hossein Aliz\u00e2deh"}]},{"@type":"WebSite","@id":"https:\/\/golobolbol.shop\/en\/#website","url":"https:\/\/golobolbol.shop\/en\/","name":"GoloBolBol persian webshop - \u06af\u0644 \u0648 \u0628\u0644\u0628\u0644","description":"From Persia with love !","publisher":{"@id":"https:\/\/golobolbol.shop\/en\/#organization"},"potentialAction":[{"@type":"SearchAction","target":{"@type":"EntryPoint","urlTemplate":"https:\/\/golobolbol.shop\/en\/?s={search_term_string}"},"query-input":{"@type":"PropertyValueSpecification","valueRequired":true,"valueName":"search_term_string"}}],"inLanguage":"en-US"},{"@type":"Organization","@id":"https:\/\/golobolbol.shop\/en\/#organization","name":"GoloBolBol Persian Webshop","url":"https:\/\/golobolbol.shop\/en\/","logo":{"@type":"ImageObject","inLanguage":"en-US","@id":"https:\/\/golobolbol.shop\/en\/#\/schema\/logo\/image\/","url":"https:\/\/golobolbol.shop\/wp-content\/uploads\/2020\/03\/GOLTEST1-4.png","contentUrl":"https:\/\/golobolbol.shop\/wp-content\/uploads\/2020\/03\/GOLTEST1-4.png","width":283,"height":151,"caption":"GoloBolBol Persian Webshop"},"image":{"@id":"https:\/\/golobolbol.shop\/en\/#\/schema\/logo\/image\/"},"sameAs":["https:\/\/www.facebook.com\/golobolbolpersianwebshop\/","https:\/\/www.instagram.com\/golobolbol_persianwebshop"]}]}},"_links":{"self":[{"href":"https:\/\/golobolbol.shop\/en\/wp-json\/wp\/v2\/product\/12657","targetHints":{"allow":["GET"]}}],"collection":[{"href":"https:\/\/golobolbol.shop\/en\/wp-json\/wp\/v2\/product"}],"about":[{"href":"https:\/\/golobolbol.shop\/en\/wp-json\/wp\/v2\/types\/product"}],"replies":[{"embeddable":true,"href":"https:\/\/golobolbol.shop\/en\/wp-json\/wp\/v2\/comments?post=12657"}],"wp:featuredmedia":[{"embeddable":true,"href":"https:\/\/golobolbol.shop\/en\/wp-json\/wp\/v2\/media\/12633"}],"wp:attachment":[{"href":"https:\/\/golobolbol.shop\/en\/wp-json\/wp\/v2\/media?parent=12657"}],"wp:term":[{"taxonomy":"product_brand","embeddable":true,"href":"https:\/\/golobolbol.shop\/en\/wp-json\/wp\/v2\/product_brand?post=12657"},{"taxonomy":"product_cat","embeddable":true,"href":"https:\/\/golobolbol.shop\/en\/wp-json\/wp\/v2\/product_cat?post=12657"},{"taxonomy":"product_tag","embeddable":true,"href":"https:\/\/golobolbol.shop\/en\/wp-json\/wp\/v2\/product_tag?post=12657"}],"curies":[{"name":"wp","href":"https:\/\/api.w.org\/{rel}","templated":true}]}}