{"id":14817,"date":"2019-11-04T11:29:52","date_gmt":"2019-11-04T10:29:52","guid":{"rendered":"https:\/\/golobolbol.shop\/?post_type=product&#038;p=14817"},"modified":"2021-12-08T16:18:24","modified_gmt":"2021-12-08T15:18:24","slug":"azarakhsh-farahani-safar-the-journey","status":"publish","type":"product","link":"https:\/\/golobolbol.shop\/en\/boutique\/art-en\/azarakhsh-farahani-en\/azarakhsh-farahani-safar-the-journey\/","title":{"rendered":"Azarakhsh Farahani &#8211; &#8220;Saf\u00e2r&#8221; (The journey)"},"content":{"rendered":"<p>&#8220;Saf\u00e2r&#8221; (Voyage).<\/p>\n<p>De la s\u00e9rie &#8220;Couleurs&#8221;, 2018.<\/p>\n<p>Reproduction sign\u00e9e par l&#8217;artiste de la peinture &#8220;Goftegou&#8221; d&#8217;Azarakhsh Farahani.<\/p>\n<p>M\u00e9dium : Feutres sur papier.<\/p>\n<p>Format : A3 (29,7 x 42 cm).<\/p>\n<p>Art actuel d&#8217;Iran.<\/p>\n<p><strong>Bio :<\/strong><\/p>\n<p>N\u00e9 en 1981 \u00e0 T\u00e9h\u00e9ran o\u00f9 il continue de vivre et travailler, Azarakhsh Farahani est peintre et illustrateur mais il est aussi connu en Iran comme musicien (notamment dans le groupe Koochneshin) et acteur de plusieurs films. Issus de l&#8217;actualit\u00e9 autant que de ses r\u00eaves, les personnages qui peuplent ses peintures sont dessin\u00e9s aux feutres dans une vaste palette de couleurs qui renforcent l&#8217;aspect surr\u00e9aliste et symboliques de ses travaux.<\/p>\n<p><\/p>\n<p><strong>En pratique :<\/strong><\/p>\n<ul>\n<li>Il s&#8217;agit de reproduction imprim\u00e9e en offset et sign\u00e9 par l&#8217;artiste.<\/li>\n<li>Elle est envoy\u00e9e dans un colis sp\u00e9cialement adapt\u00e9 pour la prot\u00e9ger.<\/li>\n<li>Elle est livr\u00e9e sans cadre.<\/li>\n<li>Livraison en mains propres plus rapide possible \u00e0 Bruxelles.<\/li>\n<\/ul>\n<p>N\u2019h\u00e9sitez pas \u00e0\u00a0<a href=\"mailto:info@golobolbol.shop\">nous contacter<\/a>\u00a0si vous d\u00e9sirez voir l\u2019\u0153uvre avant achat. Nous pouvons organiser un rendez-vous.<\/p>\n<!-- \/wp:post-content -->","protected":false},"excerpt":{"rendered":"<p>Azarakhsh Farahani &#8211; &#8220;Saf\u00e2r&#8221; (The journey)<\/p>\n<p>From the series &#8220;Colours&#8221;, 2018.<\/p>\n<p>Reproduction signed by the artist of the painting &#8220;Saf\u00e2r&#8221; by Azarakhsh Farahani.<\/p>\n<p>Medium: Felt pen on paper.<\/p>\n<p>Format: A3 (29.7 x 42 cm).<\/p>\n<p>Today art from Iran.<\/p>\n","protected":false},"featured_media":14901,"comment_status":"open","ping_status":"closed","template":"","meta":[],"product_brand":[],"product_cat":[187,560],"product_tag":[245],"class_list":{"0":"post-14817","1":"product","2":"type-product","3":"status-publish","4":"has-post-thumbnail","6":"product_cat-art-en","7":"product_cat-azarakhsh-farahani-en","8":"product_tag-art-en","9":"product_shipping_class-work-of-art","11":"first","12":"instock","13":"sold-individually","14":"shipping-taxable","15":"purchasable","16":"product-type-simple"},"yoast_head":"<!-- This site is optimized with the Yoast SEO plugin v27.2 - https:\/\/yoast.com\/product\/yoast-seo-wordpress\/ -->\n<title>Azarakhsh Farahani - &quot;Saf\u00e2r&quot; (The journey) &#8211; GoloBolBol persian webshop - \u06af\u0644 \u0648 \u0628\u0644\u0628\u0644<\/title>\n<meta name=\"description\" content=\"Azarakhsh Farahani - &quot;Saf\u00e2r&quot; (The journey) From the series &quot;Colours&quot;, 2018. Reproduction signed by the artist of the painting &quot;Saf\u00e2r&quot; by Azarakhsh Farahani. Medium: Felt pen on paper. Format: A3 (29.7 x 42 cm). Today art from Iran. Bio: Born in 1981 in Tehran where he continues to live and work, Azarakhsh Farahani is a painter and illustrator but he is also known in Iran as a musician (notably in the group Koochneshin) and actor in several films. Coming from current events as much as from his dreams, the characters that populate his paintings are drawn with felt pens in a vast palette of colours that reinforce the surrealist and symbolic aspect of his work. In practice: This is an offset printed reproduction signed by the artist. It is sent in a specially adapted package to protect it. It is delivered unframed. Fastest personal delivery possible in Brussels. Do not hesitate to contact us if you wish to see the work before purchase. We can arrange an appointment.\" \/>\n<meta name=\"robots\" content=\"index, follow, max-snippet:-1, max-image-preview:large, max-video-preview:-1\" \/>\n<link rel=\"canonical\" href=\"https:\/\/golobolbol.shop\/en\/boutique\/art-en\/azarakhsh-farahani-en\/azarakhsh-farahani-safar-the-journey\/\" \/>\n<meta property=\"og:locale\" content=\"en_US\" \/>\n<meta property=\"og:type\" content=\"article\" \/>\n<meta property=\"og:title\" content=\"Azarakhsh Farahani - &quot;Saf\u00e2r&quot; (The journey) &#8211; GoloBolBol persian webshop - \u06af\u0644 \u0648 \u0628\u0644\u0628\u0644\" \/>\n<meta property=\"og:description\" content=\"Azarakhsh Farahani - &quot;Saf\u00e2r&quot; (The journey) From the series &quot;Colours&quot;, 2018. Reproduction signed by the artist of the painting &quot;Saf\u00e2r&quot; by Azarakhsh Farahani. Medium: Felt pen on paper. Format: A3 (29.7 x 42 cm). Today art from Iran. Bio: Born in 1981 in Tehran where he continues to live and work, Azarakhsh Farahani is a painter and illustrator but he is also known in Iran as a musician (notably in the group Koochneshin) and actor in several films. Coming from current events as much as from his dreams, the characters that populate his paintings are drawn with felt pens in a vast palette of colours that reinforce the surrealist and symbolic aspect of his work. In practice: This is an offset printed reproduction signed by the artist. It is sent in a specially adapted package to protect it. It is delivered unframed. Fastest personal delivery possible in Brussels. Do not hesitate to contact us if you wish to see the work before purchase. We can arrange an appointment.\" \/>\n<meta property=\"og:url\" content=\"https:\/\/golobolbol.shop\/en\/boutique\/art-en\/azarakhsh-farahani-en\/azarakhsh-farahani-safar-the-journey\/\" \/>\n<meta property=\"og:site_name\" content=\"GoloBolBol persian webshop - \u06af\u0644 \u0648 \u0628\u0644\u0628\u0644\" \/>\n<meta property=\"article:publisher\" content=\"https:\/\/www.facebook.com\/golobolbolpersianwebshop\/\" \/>\n<meta property=\"article:modified_time\" content=\"2021-12-08T15:18:24+00:00\" \/>\n<meta property=\"og:image\" content=\"https:\/\/golobolbol.shop\/wp-content\/uploads\/2021\/11\/Azarakhsh-Farahani-Art-golobolbol5-copy.jpg\" \/>\n\t<meta property=\"og:image:width\" content=\"823\" \/>\n\t<meta property=\"og:image:height\" content=\"576\" \/>\n\t<meta property=\"og:image:type\" content=\"image\/jpeg\" \/>\n<meta name=\"twitter:card\" content=\"summary_large_image\" \/>\n<meta name=\"twitter:label1\" content=\"Est. reading time\" \/>\n\t<meta name=\"twitter:data1\" content=\"1 minute\" \/>\n<script type=\"application\/ld+json\" class=\"yoast-schema-graph\">{\"@context\":\"https:\/\/schema.org\",\"@graph\":[{\"@type\":\"WebPage\",\"@id\":\"https:\/\/golobolbol.shop\/en\/boutique\/art-en\/azarakhsh-farahani-en\/azarakhsh-farahani-safar-the-journey\/\",\"url\":\"https:\/\/golobolbol.shop\/en\/boutique\/art-en\/azarakhsh-farahani-en\/azarakhsh-farahani-safar-the-journey\/\",\"name\":\"Azarakhsh Farahani - \\\"Saf\u00e2r\\\" (The journey) &#8211; GoloBolBol persian webshop - \u06af\u0644 \u0648 \u0628\u0644\u0628\u0644\",\"isPartOf\":{\"@id\":\"https:\/\/golobolbol.shop\/en\/#website\"},\"primaryImageOfPage\":{\"@id\":\"https:\/\/golobolbol.shop\/en\/boutique\/art-en\/azarakhsh-farahani-en\/azarakhsh-farahani-safar-the-journey\/#primaryimage\"},\"image\":{\"@id\":\"https:\/\/golobolbol.shop\/en\/boutique\/art-en\/azarakhsh-farahani-en\/azarakhsh-farahani-safar-the-journey\/#primaryimage\"},\"thumbnailUrl\":\"https:\/\/golobolbol.shop\/wp-content\/uploads\/2021\/11\/Azarakhsh-Farahani-Art-golobolbol5-copy.jpg\",\"datePublished\":\"2019-11-04T10:29:52+00:00\",\"dateModified\":\"2021-12-08T15:18:24+00:00\",\"description\":\"Azarakhsh Farahani - \\\"Saf\u00e2r\\\" (The journey) From the series \\\"Colours\\\", 2018. Reproduction signed by the artist of the painting \\\"Saf\u00e2r\\\" by Azarakhsh Farahani. Medium: Felt pen on paper. Format: A3 (29.7 x 42 cm). Today art from Iran. Bio: Born in 1981 in Tehran where he continues to live and work, Azarakhsh Farahani is a painter and illustrator but he is also known in Iran as a musician (notably in the group Koochneshin) and actor in several films. Coming from current events as much as from his dreams, the characters that populate his paintings are drawn with felt pens in a vast palette of colours that reinforce the surrealist and symbolic aspect of his work. In practice: This is an offset printed reproduction signed by the artist. It is sent in a specially adapted package to protect it. It is delivered unframed. Fastest personal delivery possible in Brussels. Do not hesitate to contact us if you wish to see the work before purchase. We can arrange an appointment.\",\"breadcrumb\":{\"@id\":\"https:\/\/golobolbol.shop\/en\/boutique\/art-en\/azarakhsh-farahani-en\/azarakhsh-farahani-safar-the-journey\/#breadcrumb\"},\"inLanguage\":\"en-US\",\"potentialAction\":[{\"@type\":\"ReadAction\",\"target\":[\"https:\/\/golobolbol.shop\/en\/boutique\/art-en\/azarakhsh-farahani-en\/azarakhsh-farahani-safar-the-journey\/\"]}]},{\"@type\":\"ImageObject\",\"inLanguage\":\"en-US\",\"@id\":\"https:\/\/golobolbol.shop\/en\/boutique\/art-en\/azarakhsh-farahani-en\/azarakhsh-farahani-safar-the-journey\/#primaryimage\",\"url\":\"https:\/\/golobolbol.shop\/wp-content\/uploads\/2021\/11\/Azarakhsh-Farahani-Art-golobolbol5-copy.jpg\",\"contentUrl\":\"https:\/\/golobolbol.shop\/wp-content\/uploads\/2021\/11\/Azarakhsh-Farahani-Art-golobolbol5-copy.jpg\",\"width\":823,\"height\":576},{\"@type\":\"BreadcrumbList\",\"@id\":\"https:\/\/golobolbol.shop\/en\/boutique\/art-en\/azarakhsh-farahani-en\/azarakhsh-farahani-safar-the-journey\/#breadcrumb\",\"itemListElement\":[{\"@type\":\"ListItem\",\"position\":1,\"name\":\"Homepage\",\"item\":\"https:\/\/golobolbol.shop\/en\/\"},{\"@type\":\"ListItem\",\"position\":2,\"name\":\"Shop\",\"item\":\"https:\/\/golobolbol.shop\/en\/shop\/\"},{\"@type\":\"ListItem\",\"position\":3,\"name\":\"Azarakhsh Farahani &#8211; &#8220;Saf\u00e2r&#8221; (The journey)\"}]},{\"@type\":\"WebSite\",\"@id\":\"https:\/\/golobolbol.shop\/en\/#website\",\"url\":\"https:\/\/golobolbol.shop\/en\/\",\"name\":\"GoloBolBol persian webshop - \u06af\u0644 \u0648 \u0628\u0644\u0628\u0644\",\"description\":\"From Persia with love !\",\"publisher\":{\"@id\":\"https:\/\/golobolbol.shop\/en\/#organization\"},\"potentialAction\":[{\"@type\":\"SearchAction\",\"target\":{\"@type\":\"EntryPoint\",\"urlTemplate\":\"https:\/\/golobolbol.shop\/en\/?s={search_term_string}\"},\"query-input\":{\"@type\":\"PropertyValueSpecification\",\"valueRequired\":true,\"valueName\":\"search_term_string\"}}],\"inLanguage\":\"en-US\"},{\"@type\":\"Organization\",\"@id\":\"https:\/\/golobolbol.shop\/en\/#organization\",\"name\":\"GoloBolBol Persian Webshop\",\"url\":\"https:\/\/golobolbol.shop\/en\/\",\"logo\":{\"@type\":\"ImageObject\",\"inLanguage\":\"en-US\",\"@id\":\"https:\/\/golobolbol.shop\/en\/#\/schema\/logo\/image\/\",\"url\":\"https:\/\/golobolbol.shop\/wp-content\/uploads\/2020\/03\/GOLTEST1-4.png\",\"contentUrl\":\"https:\/\/golobolbol.shop\/wp-content\/uploads\/2020\/03\/GOLTEST1-4.png\",\"width\":283,\"height\":151,\"caption\":\"GoloBolBol Persian Webshop\"},\"image\":{\"@id\":\"https:\/\/golobolbol.shop\/en\/#\/schema\/logo\/image\/\"},\"sameAs\":[\"https:\/\/www.facebook.com\/golobolbolpersianwebshop\/\",\"https:\/\/www.instagram.com\/golobolbol_persianwebshop\"]}]}<\/script>\n<!-- \/ Yoast SEO plugin. -->","yoast_head_json":{"title":"Azarakhsh Farahani - \"Saf\u00e2r\" (The journey) &#8211; GoloBolBol persian webshop - \u06af\u0644 \u0648 \u0628\u0644\u0628\u0644","description":"Azarakhsh Farahani - \"Saf\u00e2r\" (The journey) From the series \"Colours\", 2018. Reproduction signed by the artist of the painting \"Saf\u00e2r\" by Azarakhsh Farahani. Medium: Felt pen on paper. Format: A3 (29.7 x 42 cm). Today art from Iran. Bio: Born in 1981 in Tehran where he continues to live and work, Azarakhsh Farahani is a painter and illustrator but he is also known in Iran as a musician (notably in the group Koochneshin) and actor in several films. Coming from current events as much as from his dreams, the characters that populate his paintings are drawn with felt pens in a vast palette of colours that reinforce the surrealist and symbolic aspect of his work. In practice: This is an offset printed reproduction signed by the artist. It is sent in a specially adapted package to protect it. It is delivered unframed. Fastest personal delivery possible in Brussels. Do not hesitate to contact us if you wish to see the work before purchase. We can arrange an appointment.","robots":{"index":"index","follow":"follow","max-snippet":"max-snippet:-1","max-image-preview":"max-image-preview:large","max-video-preview":"max-video-preview:-1"},"canonical":"https:\/\/golobolbol.shop\/en\/boutique\/art-en\/azarakhsh-farahani-en\/azarakhsh-farahani-safar-the-journey\/","og_locale":"en_US","og_type":"article","og_title":"Azarakhsh Farahani - \"Saf\u00e2r\" (The journey) &#8211; GoloBolBol persian webshop - \u06af\u0644 \u0648 \u0628\u0644\u0628\u0644","og_description":"Azarakhsh Farahani - \"Saf\u00e2r\" (The journey) From the series \"Colours\", 2018. Reproduction signed by the artist of the painting \"Saf\u00e2r\" by Azarakhsh Farahani. Medium: Felt pen on paper. Format: A3 (29.7 x 42 cm). Today art from Iran. Bio: Born in 1981 in Tehran where he continues to live and work, Azarakhsh Farahani is a painter and illustrator but he is also known in Iran as a musician (notably in the group Koochneshin) and actor in several films. Coming from current events as much as from his dreams, the characters that populate his paintings are drawn with felt pens in a vast palette of colours that reinforce the surrealist and symbolic aspect of his work. In practice: This is an offset printed reproduction signed by the artist. It is sent in a specially adapted package to protect it. It is delivered unframed. Fastest personal delivery possible in Brussels. Do not hesitate to contact us if you wish to see the work before purchase. We can arrange an appointment.","og_url":"https:\/\/golobolbol.shop\/en\/boutique\/art-en\/azarakhsh-farahani-en\/azarakhsh-farahani-safar-the-journey\/","og_site_name":"GoloBolBol persian webshop - \u06af\u0644 \u0648 \u0628\u0644\u0628\u0644","article_publisher":"https:\/\/www.facebook.com\/golobolbolpersianwebshop\/","article_modified_time":"2021-12-08T15:18:24+00:00","og_image":[{"width":823,"height":576,"url":"https:\/\/golobolbol.shop\/wp-content\/uploads\/2021\/11\/Azarakhsh-Farahani-Art-golobolbol5-copy.jpg","type":"image\/jpeg"}],"twitter_card":"summary_large_image","twitter_misc":{"Est. reading time":"1 minute"},"schema":{"@context":"https:\/\/schema.org","@graph":[{"@type":"WebPage","@id":"https:\/\/golobolbol.shop\/en\/boutique\/art-en\/azarakhsh-farahani-en\/azarakhsh-farahani-safar-the-journey\/","url":"https:\/\/golobolbol.shop\/en\/boutique\/art-en\/azarakhsh-farahani-en\/azarakhsh-farahani-safar-the-journey\/","name":"Azarakhsh Farahani - \"Saf\u00e2r\" (The journey) &#8211; GoloBolBol persian webshop - \u06af\u0644 \u0648 \u0628\u0644\u0628\u0644","isPartOf":{"@id":"https:\/\/golobolbol.shop\/en\/#website"},"primaryImageOfPage":{"@id":"https:\/\/golobolbol.shop\/en\/boutique\/art-en\/azarakhsh-farahani-en\/azarakhsh-farahani-safar-the-journey\/#primaryimage"},"image":{"@id":"https:\/\/golobolbol.shop\/en\/boutique\/art-en\/azarakhsh-farahani-en\/azarakhsh-farahani-safar-the-journey\/#primaryimage"},"thumbnailUrl":"https:\/\/golobolbol.shop\/wp-content\/uploads\/2021\/11\/Azarakhsh-Farahani-Art-golobolbol5-copy.jpg","datePublished":"2019-11-04T10:29:52+00:00","dateModified":"2021-12-08T15:18:24+00:00","description":"Azarakhsh Farahani - \"Saf\u00e2r\" (The journey) From the series \"Colours\", 2018. Reproduction signed by the artist of the painting \"Saf\u00e2r\" by Azarakhsh Farahani. Medium: Felt pen on paper. Format: A3 (29.7 x 42 cm). Today art from Iran. Bio: Born in 1981 in Tehran where he continues to live and work, Azarakhsh Farahani is a painter and illustrator but he is also known in Iran as a musician (notably in the group Koochneshin) and actor in several films. Coming from current events as much as from his dreams, the characters that populate his paintings are drawn with felt pens in a vast palette of colours that reinforce the surrealist and symbolic aspect of his work. In practice: This is an offset printed reproduction signed by the artist. It is sent in a specially adapted package to protect it. It is delivered unframed. Fastest personal delivery possible in Brussels. Do not hesitate to contact us if you wish to see the work before purchase. We can arrange an appointment.","breadcrumb":{"@id":"https:\/\/golobolbol.shop\/en\/boutique\/art-en\/azarakhsh-farahani-en\/azarakhsh-farahani-safar-the-journey\/#breadcrumb"},"inLanguage":"en-US","potentialAction":[{"@type":"ReadAction","target":["https:\/\/golobolbol.shop\/en\/boutique\/art-en\/azarakhsh-farahani-en\/azarakhsh-farahani-safar-the-journey\/"]}]},{"@type":"ImageObject","inLanguage":"en-US","@id":"https:\/\/golobolbol.shop\/en\/boutique\/art-en\/azarakhsh-farahani-en\/azarakhsh-farahani-safar-the-journey\/#primaryimage","url":"https:\/\/golobolbol.shop\/wp-content\/uploads\/2021\/11\/Azarakhsh-Farahani-Art-golobolbol5-copy.jpg","contentUrl":"https:\/\/golobolbol.shop\/wp-content\/uploads\/2021\/11\/Azarakhsh-Farahani-Art-golobolbol5-copy.jpg","width":823,"height":576},{"@type":"BreadcrumbList","@id":"https:\/\/golobolbol.shop\/en\/boutique\/art-en\/azarakhsh-farahani-en\/azarakhsh-farahani-safar-the-journey\/#breadcrumb","itemListElement":[{"@type":"ListItem","position":1,"name":"Homepage","item":"https:\/\/golobolbol.shop\/en\/"},{"@type":"ListItem","position":2,"name":"Shop","item":"https:\/\/golobolbol.shop\/en\/shop\/"},{"@type":"ListItem","position":3,"name":"Azarakhsh Farahani &#8211; &#8220;Saf\u00e2r&#8221; (The journey)"}]},{"@type":"WebSite","@id":"https:\/\/golobolbol.shop\/en\/#website","url":"https:\/\/golobolbol.shop\/en\/","name":"GoloBolBol persian webshop - \u06af\u0644 \u0648 \u0628\u0644\u0628\u0644","description":"From Persia with love !","publisher":{"@id":"https:\/\/golobolbol.shop\/en\/#organization"},"potentialAction":[{"@type":"SearchAction","target":{"@type":"EntryPoint","urlTemplate":"https:\/\/golobolbol.shop\/en\/?s={search_term_string}"},"query-input":{"@type":"PropertyValueSpecification","valueRequired":true,"valueName":"search_term_string"}}],"inLanguage":"en-US"},{"@type":"Organization","@id":"https:\/\/golobolbol.shop\/en\/#organization","name":"GoloBolBol Persian Webshop","url":"https:\/\/golobolbol.shop\/en\/","logo":{"@type":"ImageObject","inLanguage":"en-US","@id":"https:\/\/golobolbol.shop\/en\/#\/schema\/logo\/image\/","url":"https:\/\/golobolbol.shop\/wp-content\/uploads\/2020\/03\/GOLTEST1-4.png","contentUrl":"https:\/\/golobolbol.shop\/wp-content\/uploads\/2020\/03\/GOLTEST1-4.png","width":283,"height":151,"caption":"GoloBolBol Persian Webshop"},"image":{"@id":"https:\/\/golobolbol.shop\/en\/#\/schema\/logo\/image\/"},"sameAs":["https:\/\/www.facebook.com\/golobolbolpersianwebshop\/","https:\/\/www.instagram.com\/golobolbol_persianwebshop"]}]}},"_links":{"self":[{"href":"https:\/\/golobolbol.shop\/en\/wp-json\/wp\/v2\/product\/14817","targetHints":{"allow":["GET"]}}],"collection":[{"href":"https:\/\/golobolbol.shop\/en\/wp-json\/wp\/v2\/product"}],"about":[{"href":"https:\/\/golobolbol.shop\/en\/wp-json\/wp\/v2\/types\/product"}],"replies":[{"embeddable":true,"href":"https:\/\/golobolbol.shop\/en\/wp-json\/wp\/v2\/comments?post=14817"}],"wp:featuredmedia":[{"embeddable":true,"href":"https:\/\/golobolbol.shop\/en\/wp-json\/wp\/v2\/media\/14901"}],"wp:attachment":[{"href":"https:\/\/golobolbol.shop\/en\/wp-json\/wp\/v2\/media?parent=14817"}],"wp:term":[{"taxonomy":"product_brand","embeddable":true,"href":"https:\/\/golobolbol.shop\/en\/wp-json\/wp\/v2\/product_brand?post=14817"},{"taxonomy":"product_cat","embeddable":true,"href":"https:\/\/golobolbol.shop\/en\/wp-json\/wp\/v2\/product_cat?post=14817"},{"taxonomy":"product_tag","embeddable":true,"href":"https:\/\/golobolbol.shop\/en\/wp-json\/wp\/v2\/product_tag?post=14817"}],"curies":[{"name":"wp","href":"https:\/\/api.w.org\/{rel}","templated":true}]}}