{"id":21079,"date":"2023-09-10T15:06:14","date_gmt":"2023-09-10T13:06:14","guid":{"rendered":"https:\/\/golobolbol.shop\/?post_type=product&#038;p=21079"},"modified":"2023-11-10T16:20:28","modified_gmt":"2023-11-10T15:20:28","slug":"mil-scarf-the-cat-of-na%e1%b9%a3er-al-din-sah","status":"publish","type":"product","link":"https:\/\/golobolbol.shop\/en\/boutique\/clothing\/scarfs\/mil-scarf-the-cat-of-na%e1%b9%a3er-al-din-sah\/","title":{"rendered":"Mil scarf &#8220;The cat of N\u00e2\u1e63er-al-Din \u0160\u00e2h&#8221;"},"content":{"rendered":"<p>Mil scarf &#8220;The cat of N\u00e2\u1e63er-al-Din \u0160\u00e2h&#8221;.<\/p>\n<p>Created and produced by Mil, a woman craftsman from Isfahan(Iran).<\/p>\n<p>From a limited edition of 99 copies.<\/p>\n<p>100% cotton. Wash delicately by hand with shampoo.<\/p>\n<p>Each scarf has a specific motif, a poem that evokes this design (in Persian, translation on request) is indicated on the label of the package.<\/p>\n","protected":false},"excerpt":{"rendered":"<p>Mil scarf &#8220;The cat of N\u00e2\u1e63er-al-Din \u0160\u00e2h&#8221;.<\/p>\n<p>Created and produced by Mil, a woman craftsman from Isfahan(Iran).<\/p>\n<p>From a limited edition of 99 copies.<\/p>\n<p>100% cotton. Wash delicately by hand with shampoo.<\/p>\n<p>Each scarf has a specific motif, a poem that evokes this design (in Persian, translation on request) is indicated on the label of the package.<\/p>\n","protected":false},"featured_media":21039,"comment_status":"open","ping_status":"closed","template":"","meta":[],"product_brand":[],"product_cat":[207,491],"product_tag":[428,182,184,295],"class_list":{"0":"post-21079","1":"product","2":"type-product","3":"status-publish","4":"has-post-thumbnail","6":"product_cat-clothing","7":"product_cat-scarfs","8":"product_tag-creation-en","9":"product_tag-handicrafted","10":"product_tag-handmade","11":"product_tag-small-edition","12":"product_shipping_class-textiles-en","14":"first","15":"instock","16":"sold-individually","17":"shipping-taxable","18":"purchasable","19":"product-type-simple"},"yoast_head":"<!-- This site is optimized with the Yoast SEO plugin v27.2 - https:\/\/yoast.com\/product\/yoast-seo-wordpress\/ -->\n<title>Mil scarf &quot;The cat of N\u00e2\u1e63er-al-Din \u0160\u00e2h&quot; &#8211; GoloBolBol persian webshop - \u06af\u0644 \u0648 \u0628\u0644\u0628\u0644<\/title>\n<meta name=\"description\" content=\"Mil scarf &quot;The cat of N\u00e2\u1e63er-al-Din \u0160\u00e2h&quot;. Created and produced by Mil, a woman craftsman from Isfahan(Iran). From a limited edition of 99 copies. 100% cotton. Wash delicately by hand with shampoo. Each scarf has a specific motif, a poem that evokes this design (in Persian, translation on request) is indicated on the label of the package.\" \/>\n<meta name=\"robots\" content=\"index, follow, max-snippet:-1, max-image-preview:large, max-video-preview:-1\" \/>\n<link rel=\"canonical\" href=\"https:\/\/golobolbol.shop\/en\/boutique\/clothing\/scarfs\/mil-scarf-the-cat-of-na%e1%b9%a3er-al-din-sah\/\" \/>\n<meta property=\"og:locale\" content=\"en_US\" \/>\n<meta property=\"og:type\" content=\"article\" \/>\n<meta property=\"og:title\" content=\"Mil scarf &quot;The cat of N\u00e2\u1e63er-al-Din \u0160\u00e2h&quot; &#8211; GoloBolBol persian webshop - \u06af\u0644 \u0648 \u0628\u0644\u0628\u0644\" \/>\n<meta property=\"og:description\" content=\"Mil scarf &quot;The cat of N\u00e2\u1e63er-al-Din \u0160\u00e2h&quot;. Created and produced by Mil, a woman craftsman from Isfahan(Iran). From a limited edition of 99 copies. 100% cotton. Wash delicately by hand with shampoo. Each scarf has a specific motif, a poem that evokes this design (in Persian, translation on request) is indicated on the label of the package.\" \/>\n<meta property=\"og:url\" content=\"https:\/\/golobolbol.shop\/en\/boutique\/clothing\/scarfs\/mil-scarf-the-cat-of-na%e1%b9%a3er-al-din-sah\/\" \/>\n<meta property=\"og:site_name\" content=\"GoloBolBol persian webshop - \u06af\u0644 \u0648 \u0628\u0644\u0628\u0644\" \/>\n<meta property=\"article:publisher\" content=\"https:\/\/www.facebook.com\/golobolbolpersianwebshop\/\" \/>\n<meta property=\"article:modified_time\" content=\"2023-11-10T15:20:28+00:00\" \/>\n<meta property=\"og:image\" content=\"https:\/\/golobolbol.shop\/wp-content\/uploads\/2023\/11\/photo_2023-11-10-14.45.25.jpeg\" \/>\n\t<meta property=\"og:image:width\" content=\"1280\" \/>\n\t<meta property=\"og:image:height\" content=\"1280\" \/>\n\t<meta property=\"og:image:type\" content=\"image\/jpeg\" \/>\n<meta name=\"twitter:card\" content=\"summary_large_image\" \/>\n<script type=\"application\/ld+json\" class=\"yoast-schema-graph\">{\"@context\":\"https:\/\/schema.org\",\"@graph\":[{\"@type\":\"WebPage\",\"@id\":\"https:\/\/golobolbol.shop\/en\/boutique\/clothing\/scarfs\/mil-scarf-the-cat-of-na%e1%b9%a3er-al-din-sah\/\",\"url\":\"https:\/\/golobolbol.shop\/en\/boutique\/clothing\/scarfs\/mil-scarf-the-cat-of-na%e1%b9%a3er-al-din-sah\/\",\"name\":\"Mil scarf \\\"The cat of N\u00e2\u1e63er-al-Din \u0160\u00e2h\\\" &#8211; GoloBolBol persian webshop - \u06af\u0644 \u0648 \u0628\u0644\u0628\u0644\",\"isPartOf\":{\"@id\":\"https:\/\/golobolbol.shop\/en\/#website\"},\"primaryImageOfPage\":{\"@id\":\"https:\/\/golobolbol.shop\/en\/boutique\/clothing\/scarfs\/mil-scarf-the-cat-of-na%e1%b9%a3er-al-din-sah\/#primaryimage\"},\"image\":{\"@id\":\"https:\/\/golobolbol.shop\/en\/boutique\/clothing\/scarfs\/mil-scarf-the-cat-of-na%e1%b9%a3er-al-din-sah\/#primaryimage\"},\"thumbnailUrl\":\"https:\/\/golobolbol.shop\/wp-content\/uploads\/2023\/11\/photo_2023-11-10-14.45.25.jpeg\",\"datePublished\":\"2023-09-10T13:06:14+00:00\",\"dateModified\":\"2023-11-10T15:20:28+00:00\",\"description\":\"Mil scarf \\\"The cat of N\u00e2\u1e63er-al-Din \u0160\u00e2h\\\". Created and produced by Mil, a woman craftsman from Isfahan(Iran). From a limited edition of 99 copies. 100% cotton. Wash delicately by hand with shampoo. Each scarf has a specific motif, a poem that evokes this design (in Persian, translation on request) is indicated on the label of the package.\",\"breadcrumb\":{\"@id\":\"https:\/\/golobolbol.shop\/en\/boutique\/clothing\/scarfs\/mil-scarf-the-cat-of-na%e1%b9%a3er-al-din-sah\/#breadcrumb\"},\"inLanguage\":\"en-US\",\"potentialAction\":[{\"@type\":\"ReadAction\",\"target\":[\"https:\/\/golobolbol.shop\/en\/boutique\/clothing\/scarfs\/mil-scarf-the-cat-of-na%e1%b9%a3er-al-din-sah\/\"]}]},{\"@type\":\"ImageObject\",\"inLanguage\":\"en-US\",\"@id\":\"https:\/\/golobolbol.shop\/en\/boutique\/clothing\/scarfs\/mil-scarf-the-cat-of-na%e1%b9%a3er-al-din-sah\/#primaryimage\",\"url\":\"https:\/\/golobolbol.shop\/wp-content\/uploads\/2023\/11\/photo_2023-11-10-14.45.25.jpeg\",\"contentUrl\":\"https:\/\/golobolbol.shop\/wp-content\/uploads\/2023\/11\/photo_2023-11-10-14.45.25.jpeg\",\"width\":1280,\"height\":1280},{\"@type\":\"BreadcrumbList\",\"@id\":\"https:\/\/golobolbol.shop\/en\/boutique\/clothing\/scarfs\/mil-scarf-the-cat-of-na%e1%b9%a3er-al-din-sah\/#breadcrumb\",\"itemListElement\":[{\"@type\":\"ListItem\",\"position\":1,\"name\":\"Homepage\",\"item\":\"https:\/\/golobolbol.shop\/en\/\"},{\"@type\":\"ListItem\",\"position\":2,\"name\":\"Shop\",\"item\":\"https:\/\/golobolbol.shop\/en\/shop\/\"},{\"@type\":\"ListItem\",\"position\":3,\"name\":\"Mil scarf &#8220;The cat of N\u00e2\u1e63er-al-Din \u0160\u00e2h&#8221;\"}]},{\"@type\":\"WebSite\",\"@id\":\"https:\/\/golobolbol.shop\/en\/#website\",\"url\":\"https:\/\/golobolbol.shop\/en\/\",\"name\":\"GoloBolBol persian webshop - \u06af\u0644 \u0648 \u0628\u0644\u0628\u0644\",\"description\":\"From Persia with love !\",\"publisher\":{\"@id\":\"https:\/\/golobolbol.shop\/en\/#organization\"},\"potentialAction\":[{\"@type\":\"SearchAction\",\"target\":{\"@type\":\"EntryPoint\",\"urlTemplate\":\"https:\/\/golobolbol.shop\/en\/?s={search_term_string}\"},\"query-input\":{\"@type\":\"PropertyValueSpecification\",\"valueRequired\":true,\"valueName\":\"search_term_string\"}}],\"inLanguage\":\"en-US\"},{\"@type\":\"Organization\",\"@id\":\"https:\/\/golobolbol.shop\/en\/#organization\",\"name\":\"GoloBolBol Persian Webshop\",\"url\":\"https:\/\/golobolbol.shop\/en\/\",\"logo\":{\"@type\":\"ImageObject\",\"inLanguage\":\"en-US\",\"@id\":\"https:\/\/golobolbol.shop\/en\/#\/schema\/logo\/image\/\",\"url\":\"https:\/\/golobolbol.shop\/wp-content\/uploads\/2020\/03\/GOLTEST1-4.png\",\"contentUrl\":\"https:\/\/golobolbol.shop\/wp-content\/uploads\/2020\/03\/GOLTEST1-4.png\",\"width\":283,\"height\":151,\"caption\":\"GoloBolBol Persian Webshop\"},\"image\":{\"@id\":\"https:\/\/golobolbol.shop\/en\/#\/schema\/logo\/image\/\"},\"sameAs\":[\"https:\/\/www.facebook.com\/golobolbolpersianwebshop\/\",\"https:\/\/www.instagram.com\/golobolbol_persianwebshop\"]}]}<\/script>\n<!-- \/ Yoast SEO plugin. -->","yoast_head_json":{"title":"Mil scarf \"The cat of N\u00e2\u1e63er-al-Din \u0160\u00e2h\" &#8211; GoloBolBol persian webshop - \u06af\u0644 \u0648 \u0628\u0644\u0628\u0644","description":"Mil scarf \"The cat of N\u00e2\u1e63er-al-Din \u0160\u00e2h\". Created and produced by Mil, a woman craftsman from Isfahan(Iran). From a limited edition of 99 copies. 100% cotton. Wash delicately by hand with shampoo. Each scarf has a specific motif, a poem that evokes this design (in Persian, translation on request) is indicated on the label of the package.","robots":{"index":"index","follow":"follow","max-snippet":"max-snippet:-1","max-image-preview":"max-image-preview:large","max-video-preview":"max-video-preview:-1"},"canonical":"https:\/\/golobolbol.shop\/en\/boutique\/clothing\/scarfs\/mil-scarf-the-cat-of-na%e1%b9%a3er-al-din-sah\/","og_locale":"en_US","og_type":"article","og_title":"Mil scarf \"The cat of N\u00e2\u1e63er-al-Din \u0160\u00e2h\" &#8211; GoloBolBol persian webshop - \u06af\u0644 \u0648 \u0628\u0644\u0628\u0644","og_description":"Mil scarf \"The cat of N\u00e2\u1e63er-al-Din \u0160\u00e2h\". Created and produced by Mil, a woman craftsman from Isfahan(Iran). From a limited edition of 99 copies. 100% cotton. Wash delicately by hand with shampoo. Each scarf has a specific motif, a poem that evokes this design (in Persian, translation on request) is indicated on the label of the package.","og_url":"https:\/\/golobolbol.shop\/en\/boutique\/clothing\/scarfs\/mil-scarf-the-cat-of-na%e1%b9%a3er-al-din-sah\/","og_site_name":"GoloBolBol persian webshop - \u06af\u0644 \u0648 \u0628\u0644\u0628\u0644","article_publisher":"https:\/\/www.facebook.com\/golobolbolpersianwebshop\/","article_modified_time":"2023-11-10T15:20:28+00:00","og_image":[{"width":1280,"height":1280,"url":"https:\/\/golobolbol.shop\/wp-content\/uploads\/2023\/11\/photo_2023-11-10-14.45.25.jpeg","type":"image\/jpeg"}],"twitter_card":"summary_large_image","schema":{"@context":"https:\/\/schema.org","@graph":[{"@type":"WebPage","@id":"https:\/\/golobolbol.shop\/en\/boutique\/clothing\/scarfs\/mil-scarf-the-cat-of-na%e1%b9%a3er-al-din-sah\/","url":"https:\/\/golobolbol.shop\/en\/boutique\/clothing\/scarfs\/mil-scarf-the-cat-of-na%e1%b9%a3er-al-din-sah\/","name":"Mil scarf \"The cat of N\u00e2\u1e63er-al-Din \u0160\u00e2h\" &#8211; GoloBolBol persian webshop - \u06af\u0644 \u0648 \u0628\u0644\u0628\u0644","isPartOf":{"@id":"https:\/\/golobolbol.shop\/en\/#website"},"primaryImageOfPage":{"@id":"https:\/\/golobolbol.shop\/en\/boutique\/clothing\/scarfs\/mil-scarf-the-cat-of-na%e1%b9%a3er-al-din-sah\/#primaryimage"},"image":{"@id":"https:\/\/golobolbol.shop\/en\/boutique\/clothing\/scarfs\/mil-scarf-the-cat-of-na%e1%b9%a3er-al-din-sah\/#primaryimage"},"thumbnailUrl":"https:\/\/golobolbol.shop\/wp-content\/uploads\/2023\/11\/photo_2023-11-10-14.45.25.jpeg","datePublished":"2023-09-10T13:06:14+00:00","dateModified":"2023-11-10T15:20:28+00:00","description":"Mil scarf \"The cat of N\u00e2\u1e63er-al-Din \u0160\u00e2h\". Created and produced by Mil, a woman craftsman from Isfahan(Iran). From a limited edition of 99 copies. 100% cotton. Wash delicately by hand with shampoo. Each scarf has a specific motif, a poem that evokes this design (in Persian, translation on request) is indicated on the label of the package.","breadcrumb":{"@id":"https:\/\/golobolbol.shop\/en\/boutique\/clothing\/scarfs\/mil-scarf-the-cat-of-na%e1%b9%a3er-al-din-sah\/#breadcrumb"},"inLanguage":"en-US","potentialAction":[{"@type":"ReadAction","target":["https:\/\/golobolbol.shop\/en\/boutique\/clothing\/scarfs\/mil-scarf-the-cat-of-na%e1%b9%a3er-al-din-sah\/"]}]},{"@type":"ImageObject","inLanguage":"en-US","@id":"https:\/\/golobolbol.shop\/en\/boutique\/clothing\/scarfs\/mil-scarf-the-cat-of-na%e1%b9%a3er-al-din-sah\/#primaryimage","url":"https:\/\/golobolbol.shop\/wp-content\/uploads\/2023\/11\/photo_2023-11-10-14.45.25.jpeg","contentUrl":"https:\/\/golobolbol.shop\/wp-content\/uploads\/2023\/11\/photo_2023-11-10-14.45.25.jpeg","width":1280,"height":1280},{"@type":"BreadcrumbList","@id":"https:\/\/golobolbol.shop\/en\/boutique\/clothing\/scarfs\/mil-scarf-the-cat-of-na%e1%b9%a3er-al-din-sah\/#breadcrumb","itemListElement":[{"@type":"ListItem","position":1,"name":"Homepage","item":"https:\/\/golobolbol.shop\/en\/"},{"@type":"ListItem","position":2,"name":"Shop","item":"https:\/\/golobolbol.shop\/en\/shop\/"},{"@type":"ListItem","position":3,"name":"Mil scarf &#8220;The cat of N\u00e2\u1e63er-al-Din \u0160\u00e2h&#8221;"}]},{"@type":"WebSite","@id":"https:\/\/golobolbol.shop\/en\/#website","url":"https:\/\/golobolbol.shop\/en\/","name":"GoloBolBol persian webshop - \u06af\u0644 \u0648 \u0628\u0644\u0628\u0644","description":"From Persia with love !","publisher":{"@id":"https:\/\/golobolbol.shop\/en\/#organization"},"potentialAction":[{"@type":"SearchAction","target":{"@type":"EntryPoint","urlTemplate":"https:\/\/golobolbol.shop\/en\/?s={search_term_string}"},"query-input":{"@type":"PropertyValueSpecification","valueRequired":true,"valueName":"search_term_string"}}],"inLanguage":"en-US"},{"@type":"Organization","@id":"https:\/\/golobolbol.shop\/en\/#organization","name":"GoloBolBol Persian Webshop","url":"https:\/\/golobolbol.shop\/en\/","logo":{"@type":"ImageObject","inLanguage":"en-US","@id":"https:\/\/golobolbol.shop\/en\/#\/schema\/logo\/image\/","url":"https:\/\/golobolbol.shop\/wp-content\/uploads\/2020\/03\/GOLTEST1-4.png","contentUrl":"https:\/\/golobolbol.shop\/wp-content\/uploads\/2020\/03\/GOLTEST1-4.png","width":283,"height":151,"caption":"GoloBolBol Persian Webshop"},"image":{"@id":"https:\/\/golobolbol.shop\/en\/#\/schema\/logo\/image\/"},"sameAs":["https:\/\/www.facebook.com\/golobolbolpersianwebshop\/","https:\/\/www.instagram.com\/golobolbol_persianwebshop"]}]}},"_links":{"self":[{"href":"https:\/\/golobolbol.shop\/en\/wp-json\/wp\/v2\/product\/21079","targetHints":{"allow":["GET"]}}],"collection":[{"href":"https:\/\/golobolbol.shop\/en\/wp-json\/wp\/v2\/product"}],"about":[{"href":"https:\/\/golobolbol.shop\/en\/wp-json\/wp\/v2\/types\/product"}],"replies":[{"embeddable":true,"href":"https:\/\/golobolbol.shop\/en\/wp-json\/wp\/v2\/comments?post=21079"}],"wp:featuredmedia":[{"embeddable":true,"href":"https:\/\/golobolbol.shop\/en\/wp-json\/wp\/v2\/media\/21039"}],"wp:attachment":[{"href":"https:\/\/golobolbol.shop\/en\/wp-json\/wp\/v2\/media?parent=21079"}],"wp:term":[{"taxonomy":"product_brand","embeddable":true,"href":"https:\/\/golobolbol.shop\/en\/wp-json\/wp\/v2\/product_brand?post=21079"},{"taxonomy":"product_cat","embeddable":true,"href":"https:\/\/golobolbol.shop\/en\/wp-json\/wp\/v2\/product_cat?post=21079"},{"taxonomy":"product_tag","embeddable":true,"href":"https:\/\/golobolbol.shop\/en\/wp-json\/wp\/v2\/product_tag?post=21079"}],"curies":[{"name":"wp","href":"https:\/\/api.w.org\/{rel}","templated":true}]}}