{"id":8714,"date":"2020-02-13T16:35:01","date_gmt":"2020-02-13T15:35:01","guid":{"rendered":"https:\/\/golobolbol.shop\/boutique\/uncategorized\/cd-robaiyat-of-khayyam-by-ahmad-shamlu\/"},"modified":"2020-10-23T18:22:20","modified_gmt":"2020-10-23T16:22:20","slug":"cd-robaiyat-of-khayyam-by-ahmad-shamlu","status":"publish","type":"product","link":"https:\/\/golobolbol.shop\/en\/boutique\/culture-en\/music\/cd-robaiyat-of-khayyam-by-ahmad-shamlu\/","title":{"rendered":"CD &#8220;Roba&#8217;iyat of Khayyam&#8221; by Ahmad Shamlu"},"content":{"rendered":"<p>CD &#8220;Rub\u202d\u00e2&#8217;iy\u00e2t of Khayy\u00e2m&#8221; (2017, reedition of 1976) Published by the Mahoor Institute of Culture and Arts<\/p>\n<div class=\"sub header\">Recited by Ahmad Sh\u00e2mlu<\/div>\n<div class=\"sub header\">Mohammad-Rez\u00e2 Shajari\u00e2n, Songs<\/div>\n<div class=\"sub header\">Composed by Fereydun Shahb\u00e2zi\u00e2n<\/div>\n<div>\u0641\u0631\u06cc\u062f\u0648\u0646 \u0634\u0647\u0628\u0627\u0632\u06cc\u0627\u0646 \u0631\u0628\u0627\u0639\u06cc\u0627\u062a \u062e\u06cc\u0627\u0645 \u0645\u062d\u0645\u062f\u0631\u0636\u0627 \u0634\u062c\u0631\u06cc\u0627\u0646<\/div>\n<p>1 &#8211;\u00a0<span class=\"trackName\" data-content=\"\" data-variation=\"wide\">Asr\u00e2re Azal R\u00e2 Na to D\u00e2ni O Na Man &#8211;<\/span>\u00a0\u0627\u0633\u0631\u0627\u0631 \u0627\u0632\u0644 \u0631\u0627 \u0646\u0647 \u062a\u0648 \u062f\u0627\u0646\u06cc \u0648 \u0646\u0647 \u0645\u0646<br \/>2 &#8211;\u00a0<span class=\"trackName\" data-content=\"\" data-variation=\"wide\">Chon Abr Be Nowruz Rokhe L\u00e2leh Beshost &#8211;\u00a0<\/span>\u0686\u0648\u0646 \u0627\u0628\u0631 \u0628\u0647 \u0646\u0648\u0631\u0648\u0632 \u0631\u062e \u0644\u0627\u0644\u0647 \u0628\u0634\u0633<br \/>3 &#8211;\u00a0<span class=\"trackName\" data-content=\"\" data-variation=\"wide\">Man Bi Mey-e N\u00e2b Zistan Natv\u00e2nam &#8211;\u00a0<\/span>\u0645\u0646 \u0628\u06cc \u0645\u06cc \u0646\u0627\u0628 \u0632\u06cc\u0633\u062a\u0646 \u0646\u062a\u0648\u0627\u0646\u0645<br \/>4 &#8211;\u00a0<span class=\"trackName\" data-content=\"\" data-variation=\"wide\">Az \u00c2madanam Nabud Gardun R\u00e2 Sud &#8211;\u00a0<\/span>\u0627\u0632 \u0622\u0645\u062f\u0646\u0645 \u0646\u0628\u0648\u062f \u06af\u0631\u062f\u0648\u0646 \u0631\u0627 \u0633\u0648\u062f<br \/>5 &#8211;\u00a0<span class=\"trackName\" data-content=\"\" data-variation=\"wide\">Bengar Ze Jah\u00e2n Che Tarf Bar Bastam, Hich &#8211;<\/span>\u00a0\u0628\u0646\u06af\u0631 \u0628\u0647 \u062c\u0647\u0627\u0646 \u0686\u0647\u200c\u0637\u0631\u0641 \u0628\u0631 \u0628\u0633\u062a\u0645 \u0647\u06cc\u0686<br \/>6 &#8211;\u00a0<span class=\"trackName\" data-content=\"\" data-variation=\"wide\">Az \u00c2madan O Raftane M\u00e2 Sudi Ku &#8211;<\/span>\u00a0\u0627\u0632 \u0622\u0645\u062f\u0646 \u0648 \u0631\u0641\u062a\u0646 \u0645\u0627 \u0633\u0648\u062f\u06cc \u06a9\u0648<br \/>7 &#8211;\u00a0<span class=\"trackName\" data-content=\"\" data-variation=\"wide\">Afsus Ke Bi F\u00e2yedeh Farsudeh Shodim &#8211;\u00a0<\/span>\u0627\u0641\u0633\u0648\u0633 \u06a9\u0647 \u0628\u06cc \u0641\u0627\u06cc\u062f\u0647 \u0641\u0631\u0633\u0648\u062f\u0647 \u0634\u062f\u06cc\u0645<br \/>8 &#8211;\u00a0<span class=\"trackName\" data-content=\"\" data-variation=\"wide\">J\u00e2mist Ke Aghl \u00c2farin Mizanadash &#8211;\u00a0<\/span>\u062c\u0627\u0645\u06cc\u0633\u062a \u06a9\u0647 \u0639\u0642\u0644 \u0622\u0641\u0631\u06cc\u0646 \u0645\u06cc\u0632\u0646\u062f\u0634<br \/>9 &#8211;\u00a0<span class=\"trackName\" data-content=\"\" data-variation=\"wide\">Dar K\u00e2rgahe Kuzeh Gari Budam Dush &#8211;\u00a0<\/span>\u062f\u0631 \u06a9\u0627\u0631\u06af\u0647 \u06a9\u0648\u0632\u0647 \u06af\u0631\u06cc \u0628\u0648\u062f\u0645 \u062f\u0648\u0634<br \/>10 &#8211;\u00a0<span class=\"trackName\" data-content=\"\" data-variation=\"wide\">\u00c2n\u00e2n Ke Mohite Fazl O \u00c2d\u00e2b Shodand &#8211;\u00a0<\/span>\u0622\u0646\u0627\u0646\u06a9\u0647 \u0645\u062d\u06cc\u0637 \u0641\u0636\u0644 \u0648 \u0627\u062f\u0628 \u0634\u062f\u0646\u062f<br \/>11 &#8211;\u00a0<span class=\"trackName\" data-content=\"\" data-variation=\"wide\">Az Jomleh Rafteg\u00e2ne Ein R\u00e2he Der\u00e2z &#8211;<\/span>\u0632\u062c\u0645\u0644\u0647 \u0631\u0641\u062a\u06af\u0627\u0646 \u0627\u06cc\u0646 \u0631\u0627\u0647 \u062f\u0631\u0627\u0632<br \/>12 &#8211;\u00a0<span class=\"trackName\" data-content=\"\" data-variation=\"wide\">Ein Q\u00e2feleye Omr Ajab Migozarad &#8211;\u00a0<\/span>\u0627\u06cc\u0646 \u0642\u0627\u0641\u0644\u0647 \u0639\u0645\u0631 \u0639\u062c\u0628 \u0645\u06cc\u200c\u06af\u0630\u0631\u062f<br \/>13 &#8211;\u00a0<span class=\"trackName\" data-content=\"\" data-variation=\"wide\">Y\u00e2r\u00e2n Be Mor\u00e2feqat Cho Did\u00e2r Konid-<\/span>\u00a0\u06cc\u0627\u0631\u0627\u0646 \u0628\u0647 \u0645\u0631\u0627\u0641\u0642\u062a \u0686\u0648 \u062f\u06cc\u062f\u0627\u0631 \u06a9\u0646\u06cc\u062f<br \/>14 &#8211;\u00a0<span class=\"trackName\" data-content=\"\" data-variation=\"wide\">S\u00e2qi Ghame Man Boland \u00c2v\u00e2zeh Shodast &#8211;\u00a0<\/span>\u0633\u0627\u0642\u06cc \u063a\u0645 \u0645\u0646 \u0628\u0644\u0646\u062f \u0622\u0648\u0627\u0632\u0647 \u0634\u062f\u0647 \u0627\u0633\u062a<br \/>15 &#8211;\u00a0<span class=\"trackName\" data-content=\"\" data-variation=\"wide\">S\u00e2qi Golo Sabzeh Bas Tarabn\u00e2k Shodast &#8211;\u00a0<\/span>\u0633\u0627\u0642\u06cc \u06af\u0644 \u0648 \u0633\u0628\u0632\u0647 \u0628\u0633 \u062a\u0631\u0628\u0646\u0627\u06a9 \u0634\u062f\u0633\u062a<br \/>16 &#8211;\u00a0<span class=\"trackName\" data-content=\"\" data-variation=\"wide\">Guyand Ke Duzakhi Bovad \u00c2sheq O Mast &#8211;\u00a0<\/span>\u06af\u0648\u06cc\u0646\u062f \u06a9\u0647 \u062f\u0648\u0632\u062e\u06cc \u0628\u0648\u062f \u0639\u0627\u0634\u0642 \u0648 \u0645\u0633\u062a<br \/>17 &#8211;\u00a0<span class=\"trackName\" data-content=\"\" data-variation=\"wide\">T\u00e2 Key Gham \u00c2n Khoram Ke D\u00e2ram Y\u00e2 Na &#8211;\u00a0<\/span>\u062a\u0627 \u06a9\u06cc \u063a\u0645 \u0622\u0646 \u062e\u0648\u0631\u0645 \u06a9\u0647 \u062f\u0627\u0631\u0645 \u06cc\u0627 \u0646\u0647<br \/>18 &#8211;\u00a0<span class=\"trackName\" data-content=\"\" data-variation=\"wide\">Qomi Motefakerand Andar Rahe Din &#8211;\u00a0<\/span>\u0642\u0648\u0645\u06cc \u0645\u062a\u0641\u06a9\u0631\u0646\u062f \u0627\u0646\u062f\u0631 \u0631\u0647 \u062f\u06cc\u0646<br \/>19 &#8211;\u00a0<span class=\"trackName\" data-content=\"\" data-variation=\"wide\">Man Z\u00e2here Nisti O Hasti D\u00e2nam &#8211;\u00a0<\/span>\u0645\u0646 \u0638\u0627\u0647\u0631 \u0646\u06cc\u0633\u062a\u06cc \u0648 \u0647\u0633\u062a\u06cc \u062f\u0627\u0646\u0645<br \/>20 &#8211;\u00a0<span class=\"trackName\" data-content=\"\" data-variation=\"wide\">M\u00e2 Lo&#8217;batak\u00e2nim O Falak Lo&#8217;bat B\u00e2z &#8211;<\/span>\u0645\u0627 \u0644\u0639\u0628\u062a\u06a9\u0627\u0646\u06cc\u0645 \u0648 \u0641\u0644\u06a9 \u0644\u0639\u0628\u062a\u200c\u0628\u0627\u0632<br \/>21 &#8211;\u00a0<span class=\"trackName\" data-content=\"\" data-variation=\"wide\">Chon Omr Be Sar Resad Che Baghd\u00e2d O Che Balkh &#8211;<\/span>\u00a0\u0686\u0648\u0646 \u0639\u0645\u0631 \u0628\u0647 \u0633\u0631 \u0631\u0633\u062f \u0686\u0647 \u0628\u063a\u062f\u0627\u062f \u0648 \u0686\u0647 \u0628\u0644\u062e<br \/>22 &#8211;\u00a0<span class=\"trackName\" data-content=\"\" data-variation=\"wide\">In Bahr Vojud \u00c2madeh Biroon Ze Nahoft &#8211;<\/span>\u00a0\u0627\u06cc\u0646 \u0628\u0647\u0631 \u0648\u062c\u0648\u062f \u0622\u0645\u062f\u0647 \u0628\u06cc\u0631\u0648\u0646 \u0632 \u0646\u0647\u0641\u062a<br \/>23 &#8211;\u00a0<span class=\"trackName\" data-content=\"\" data-variation=\"wide\">Gardun Negari Ze Qad Farsudeye M\u00e2st &#8211;<\/span>\u00a0\u06af\u0631\u062f\u0648\u0646 \u0646\u06af\u0631\u06cc \u0632 \u0642\u062f \u0641\u0631\u0633\u0648\u062f\u0647 \u0645\u0627\u0633\u062a<br \/>24 &#8211;\u00a0<span class=\"trackName\" data-content=\"\" data-variation=\"wide\">Az Man Ramaqi Be Sa`ye S\u00e2qi M\u00e2ndast &#8211;<\/span>\u00a0\u0627\u0632 \u0645\u0646 \u0631\u0645\u0642\u06cc \u0628\u0647 \u0633\u0639\u06cc \u0633\u0627\u0642\u06cc \u0645\u0627\u0646\u062f \u0627\u0633\u062a<br \/>25 &#8211;\u00a0<span class=\"trackName\" data-content=\"\" data-variation=\"wide\">Chon \u00c2madan Be Man Nabod Ruze Nokhost &#8211;<\/span>\u00a0\u0686\u0648\u0646 \u0622\u0645\u062f\u0646\u0645 \u0628\u0647 \u0645\u0646 \u0646\u0628\u062f \u0631\u0648\u0632 \u0646\u062e\u0633\u062a<br \/>26 &#8211;\u00a0<span class=\"trackName\" data-content=\"\" data-variation=\"wide\">Dori Ke Daru \u00c2madan O Raftan M\u00e2st &#8211;<\/span>\u00a0\u062f\u0648\u0631\u06cc \u06a9\u0647 \u062f\u0631 \u0627\u0648 \u0622\u0645\u062f\u0646 \u0648 \u0631\u0641\u062a\u0646 \u0645\u0627\u0633\u062a<br \/>27 &#8211;\u00a0<span class=\"trackName\" data-content=\"\" data-variation=\"wide\">Ey Dust Biy\u00e2 T\u00e2 Ghame Fard\u00e2 Nakhorim &#8211;<\/span>\u00a0\u0627\u06cc \u062f\u0648\u0633\u062a \u0628\u06cc\u0627 \u062a\u0627 \u063a\u0645 \u0641\u0631\u062f\u0627 \u0646\u062e\u0648\u0631\u06cc\u0645<br \/>28 &#8211;\u00a0<span class=\"trackName\" data-content=\"\" data-variation=\"wide\">T\u00e2 Dast Bar Etef\u00e2gh Bar Ham Nazanim &#8211;<\/span>\u00a0\u062a\u0627 \u062f\u0633\u062a \u0628\u0631 \u0627\u062a\u0641\u0627\u0642 \u0628\u0631 \u0647\u0645\u200c\u0646\u0632\u0646\u06cc\u0645<br \/>29 &#8211;\u00a0<span class=\"trackName\" data-content=\"\" data-variation=\"wide\">Sobh Ast Dami B\u00e2 Mey Golrang Zanim &#8211;<\/span>\u00a0\u0635\u0628\u062d \u0627\u0633\u062a \u062f\u0645\u06cc \u0628\u0627 \u0645\u06cc \u06af\u0644\u0631\u0646\u06af \u0632\u0646\u06cc\u0645<br \/>30 &#8211;\u00a0<span class=\"trackName\" data-content=\"\" data-variation=\"wide\">Dor\u00e2n Jah\u00e2n Bi Mey O S\u00e2qi Hich Ast &#8211;\u00a0<\/span>\u00a0\u062f\u0648\u0631\u0627\u0646 \u062c\u0647\u0627\u0646 \u0628\u06cc \u0645\u06cc \u0648 \u0633\u0627\u0642\u06cc \u0647\u06cc\u0686 \u0627\u0633\u062a<\/p>\n<p><iframe loading=\"lazy\" title=\"Dori Ke Daru \u00c2madan O Raftan M\u00e2st\" width=\"500\" height=\"375\" src=\"https:\/\/www.youtube.com\/embed\/_BX_K_Agj-Q?feature=oembed\" frameborder=\"0\" allow=\"accelerometer; autoplay; clipboard-write; encrypted-media; gyroscope; picture-in-picture; web-share\" referrerpolicy=\"strict-origin-when-cross-origin\" allowfullscreen><\/iframe><\/p>\n","protected":false},"excerpt":{"rendered":"<p>CD &#8220;Rub\u202d\u00e2&#8217;iy\u00e2t of Khayy\u00e2m&#8221; (2017, reedition of 1976) Published by the Mahoor Institute of Culture and Arts.<\/p>\n<p>This CD sets the poetry of the famous Omar Khayyam to music. Poems selected and recited by Ahmad Sh\u00e2mlu.\u00a0 Sung by Mohammad-Rez\u00e2 Shajari\u00e2n and set to music by Fereydun Shahb\u00e2zi\u00e2n.<\/p>\n","protected":false},"featured_media":7869,"comment_status":"open","ping_status":"closed","template":"","meta":[],"product_brand":[],"product_cat":[200],"product_tag":[248,283,294],"class_list":{"0":"post-8714","1":"product","2":"type-product","3":"status-publish","4":"has-post-thumbnail","6":"product_cat-music","7":"product_tag-cd-en","8":"product_tag-music","9":"product_tag-poetry","10":"product_shipping_class-cd-en","12":"first","13":"instock","14":"shipping-taxable","15":"purchasable","16":"product-type-simple"},"yoast_head":"<!-- This site is optimized with the Yoast SEO plugin v27.4 - https:\/\/yoast.com\/product\/yoast-seo-wordpress\/ -->\n<title>CD &quot;Roba&#039;iyat of Khayyam&quot; by Ahmad Shamlu &#8211; GoloBolBol persian webshop - \u06af\u0644 \u0648 \u0628\u0644\u0628\u0644<\/title>\n<meta name=\"robots\" content=\"index, follow, max-snippet:-1, max-image-preview:large, max-video-preview:-1\" \/>\n<link rel=\"canonical\" href=\"https:\/\/golobolbol.shop\/en\/boutique\/culture-en\/music\/cd-robaiyat-of-khayyam-by-ahmad-shamlu\/\" \/>\n<meta property=\"og:locale\" content=\"en_US\" \/>\n<meta property=\"og:type\" content=\"article\" \/>\n<meta property=\"og:title\" content=\"CD &quot;Roba&#039;iyat of Khayyam&quot; by Ahmad Shamlu &#8211; GoloBolBol persian webshop - \u06af\u0644 \u0648 \u0628\u0644\u0628\u0644\" \/>\n<meta property=\"og:description\" content=\"CD &quot;Rub\u202d\u00e2&#039;iy\u00e2t of Khayy\u00e2m&quot; (2017, reedition of 1976) Published by the Mahoor Institute of Culture and Arts. This CD sets the poetry of the famous Omar Khayyam to music. Poems selected and recited by Ahmad Sh\u00e2mlu.\u00a0 Sung by Mohammad-Rez\u00e2 Shajari\u00e2n and set to music by Fereydun Shahb\u00e2zi\u00e2n.\" \/>\n<meta property=\"og:url\" content=\"https:\/\/golobolbol.shop\/en\/boutique\/culture-en\/music\/cd-robaiyat-of-khayyam-by-ahmad-shamlu\/\" \/>\n<meta property=\"og:site_name\" content=\"GoloBolBol persian webshop - \u06af\u0644 \u0648 \u0628\u0644\u0628\u0644\" \/>\n<meta property=\"article:publisher\" content=\"https:\/\/www.facebook.com\/golobolbolpersianwebshop\/\" \/>\n<meta property=\"article:modified_time\" content=\"2020-10-23T16:22:20+00:00\" \/>\n<meta property=\"og:image\" content=\"https:\/\/golobolbol.shop\/wp-content\/uploads\/2020\/02\/Khayyam-1.jpg\" \/>\n\t<meta property=\"og:image:width\" content=\"500\" \/>\n\t<meta property=\"og:image:height\" content=\"500\" \/>\n\t<meta property=\"og:image:type\" content=\"image\/jpeg\" \/>\n<meta name=\"twitter:card\" content=\"summary_large_image\" \/>\n<meta name=\"twitter:label1\" content=\"Est. reading time\" \/>\n\t<meta name=\"twitter:data1\" content=\"2 minutes\" \/>\n<script type=\"application\/ld+json\" class=\"yoast-schema-graph\">{\"@context\":\"https:\\\/\\\/schema.org\",\"@graph\":[{\"@type\":\"WebPage\",\"@id\":\"https:\\\/\\\/golobolbol.shop\\\/en\\\/boutique\\\/culture-en\\\/music\\\/cd-robaiyat-of-khayyam-by-ahmad-shamlu\\\/\",\"url\":\"https:\\\/\\\/golobolbol.shop\\\/en\\\/boutique\\\/culture-en\\\/music\\\/cd-robaiyat-of-khayyam-by-ahmad-shamlu\\\/\",\"name\":\"CD \\\"Roba'iyat of Khayyam\\\" by Ahmad Shamlu &#8211; GoloBolBol persian webshop - \u06af\u0644 \u0648 \u0628\u0644\u0628\u0644\",\"isPartOf\":{\"@id\":\"https:\\\/\\\/golobolbol.shop\\\/en\\\/#website\"},\"primaryImageOfPage\":{\"@id\":\"https:\\\/\\\/golobolbol.shop\\\/en\\\/boutique\\\/culture-en\\\/music\\\/cd-robaiyat-of-khayyam-by-ahmad-shamlu\\\/#primaryimage\"},\"image\":{\"@id\":\"https:\\\/\\\/golobolbol.shop\\\/en\\\/boutique\\\/culture-en\\\/music\\\/cd-robaiyat-of-khayyam-by-ahmad-shamlu\\\/#primaryimage\"},\"thumbnailUrl\":\"https:\\\/\\\/golobolbol.shop\\\/wp-content\\\/uploads\\\/2020\\\/02\\\/Khayyam-1.jpg\",\"datePublished\":\"2020-02-13T15:35:01+00:00\",\"dateModified\":\"2020-10-23T16:22:20+00:00\",\"breadcrumb\":{\"@id\":\"https:\\\/\\\/golobolbol.shop\\\/en\\\/boutique\\\/culture-en\\\/music\\\/cd-robaiyat-of-khayyam-by-ahmad-shamlu\\\/#breadcrumb\"},\"inLanguage\":\"en-US\",\"potentialAction\":[{\"@type\":\"ReadAction\",\"target\":[\"https:\\\/\\\/golobolbol.shop\\\/en\\\/boutique\\\/culture-en\\\/music\\\/cd-robaiyat-of-khayyam-by-ahmad-shamlu\\\/\"]}]},{\"@type\":\"ImageObject\",\"inLanguage\":\"en-US\",\"@id\":\"https:\\\/\\\/golobolbol.shop\\\/en\\\/boutique\\\/culture-en\\\/music\\\/cd-robaiyat-of-khayyam-by-ahmad-shamlu\\\/#primaryimage\",\"url\":\"https:\\\/\\\/golobolbol.shop\\\/wp-content\\\/uploads\\\/2020\\\/02\\\/Khayyam-1.jpg\",\"contentUrl\":\"https:\\\/\\\/golobolbol.shop\\\/wp-content\\\/uploads\\\/2020\\\/02\\\/Khayyam-1.jpg\",\"width\":500,\"height\":500},{\"@type\":\"BreadcrumbList\",\"@id\":\"https:\\\/\\\/golobolbol.shop\\\/en\\\/boutique\\\/culture-en\\\/music\\\/cd-robaiyat-of-khayyam-by-ahmad-shamlu\\\/#breadcrumb\",\"itemListElement\":[{\"@type\":\"ListItem\",\"position\":1,\"name\":\"Homepage\",\"item\":\"https:\\\/\\\/golobolbol.shop\\\/en\\\/\"},{\"@type\":\"ListItem\",\"position\":2,\"name\":\"Shop\",\"item\":\"https:\\\/\\\/golobolbol.shop\\\/en\\\/shop\\\/\"},{\"@type\":\"ListItem\",\"position\":3,\"name\":\"CD &#8220;Roba&#8217;iyat of Khayyam&#8221; by Ahmad Shamlu\"}]},{\"@type\":\"WebSite\",\"@id\":\"https:\\\/\\\/golobolbol.shop\\\/en\\\/#website\",\"url\":\"https:\\\/\\\/golobolbol.shop\\\/en\\\/\",\"name\":\"GoloBolBol persian webshop - \u06af\u0644 \u0648 \u0628\u0644\u0628\u0644\",\"description\":\"From Persia with love !\",\"publisher\":{\"@id\":\"https:\\\/\\\/golobolbol.shop\\\/en\\\/#organization\"},\"potentialAction\":[{\"@type\":\"SearchAction\",\"target\":{\"@type\":\"EntryPoint\",\"urlTemplate\":\"https:\\\/\\\/golobolbol.shop\\\/en\\\/?s={search_term_string}\"},\"query-input\":{\"@type\":\"PropertyValueSpecification\",\"valueRequired\":true,\"valueName\":\"search_term_string\"}}],\"inLanguage\":\"en-US\"},{\"@type\":\"Organization\",\"@id\":\"https:\\\/\\\/golobolbol.shop\\\/en\\\/#organization\",\"name\":\"GoloBolBol Persian Webshop\",\"url\":\"https:\\\/\\\/golobolbol.shop\\\/en\\\/\",\"logo\":{\"@type\":\"ImageObject\",\"inLanguage\":\"en-US\",\"@id\":\"https:\\\/\\\/golobolbol.shop\\\/en\\\/#\\\/schema\\\/logo\\\/image\\\/\",\"url\":\"https:\\\/\\\/golobolbol.shop\\\/wp-content\\\/uploads\\\/2020\\\/03\\\/GOLTEST1-4.png\",\"contentUrl\":\"https:\\\/\\\/golobolbol.shop\\\/wp-content\\\/uploads\\\/2020\\\/03\\\/GOLTEST1-4.png\",\"width\":283,\"height\":151,\"caption\":\"GoloBolBol Persian Webshop\"},\"image\":{\"@id\":\"https:\\\/\\\/golobolbol.shop\\\/en\\\/#\\\/schema\\\/logo\\\/image\\\/\"},\"sameAs\":[\"https:\\\/\\\/www.facebook.com\\\/golobolbolpersianwebshop\\\/\",\"https:\\\/\\\/www.instagram.com\\\/golobolbol_persianwebshop\"]}]}<\/script>\n<!-- \/ Yoast SEO plugin. -->","yoast_head_json":{"title":"CD \"Roba'iyat of Khayyam\" by Ahmad Shamlu &#8211; GoloBolBol persian webshop - \u06af\u0644 \u0648 \u0628\u0644\u0628\u0644","robots":{"index":"index","follow":"follow","max-snippet":"max-snippet:-1","max-image-preview":"max-image-preview:large","max-video-preview":"max-video-preview:-1"},"canonical":"https:\/\/golobolbol.shop\/en\/boutique\/culture-en\/music\/cd-robaiyat-of-khayyam-by-ahmad-shamlu\/","og_locale":"en_US","og_type":"article","og_title":"CD \"Roba'iyat of Khayyam\" by Ahmad Shamlu &#8211; GoloBolBol persian webshop - \u06af\u0644 \u0648 \u0628\u0644\u0628\u0644","og_description":"CD \"Rub\u202d\u00e2'iy\u00e2t of Khayy\u00e2m\" (2017, reedition of 1976) Published by the Mahoor Institute of Culture and Arts. This CD sets the poetry of the famous Omar Khayyam to music. Poems selected and recited by Ahmad Sh\u00e2mlu.\u00a0 Sung by Mohammad-Rez\u00e2 Shajari\u00e2n and set to music by Fereydun Shahb\u00e2zi\u00e2n.","og_url":"https:\/\/golobolbol.shop\/en\/boutique\/culture-en\/music\/cd-robaiyat-of-khayyam-by-ahmad-shamlu\/","og_site_name":"GoloBolBol persian webshop - \u06af\u0644 \u0648 \u0628\u0644\u0628\u0644","article_publisher":"https:\/\/www.facebook.com\/golobolbolpersianwebshop\/","article_modified_time":"2020-10-23T16:22:20+00:00","og_image":[{"width":500,"height":500,"url":"https:\/\/golobolbol.shop\/wp-content\/uploads\/2020\/02\/Khayyam-1.jpg","type":"image\/jpeg"}],"twitter_card":"summary_large_image","twitter_misc":{"Est. reading time":"2 minutes"},"schema":{"@context":"https:\/\/schema.org","@graph":[{"@type":"WebPage","@id":"https:\/\/golobolbol.shop\/en\/boutique\/culture-en\/music\/cd-robaiyat-of-khayyam-by-ahmad-shamlu\/","url":"https:\/\/golobolbol.shop\/en\/boutique\/culture-en\/music\/cd-robaiyat-of-khayyam-by-ahmad-shamlu\/","name":"CD \"Roba'iyat of Khayyam\" by Ahmad Shamlu &#8211; GoloBolBol persian webshop - \u06af\u0644 \u0648 \u0628\u0644\u0628\u0644","isPartOf":{"@id":"https:\/\/golobolbol.shop\/en\/#website"},"primaryImageOfPage":{"@id":"https:\/\/golobolbol.shop\/en\/boutique\/culture-en\/music\/cd-robaiyat-of-khayyam-by-ahmad-shamlu\/#primaryimage"},"image":{"@id":"https:\/\/golobolbol.shop\/en\/boutique\/culture-en\/music\/cd-robaiyat-of-khayyam-by-ahmad-shamlu\/#primaryimage"},"thumbnailUrl":"https:\/\/golobolbol.shop\/wp-content\/uploads\/2020\/02\/Khayyam-1.jpg","datePublished":"2020-02-13T15:35:01+00:00","dateModified":"2020-10-23T16:22:20+00:00","breadcrumb":{"@id":"https:\/\/golobolbol.shop\/en\/boutique\/culture-en\/music\/cd-robaiyat-of-khayyam-by-ahmad-shamlu\/#breadcrumb"},"inLanguage":"en-US","potentialAction":[{"@type":"ReadAction","target":["https:\/\/golobolbol.shop\/en\/boutique\/culture-en\/music\/cd-robaiyat-of-khayyam-by-ahmad-shamlu\/"]}]},{"@type":"ImageObject","inLanguage":"en-US","@id":"https:\/\/golobolbol.shop\/en\/boutique\/culture-en\/music\/cd-robaiyat-of-khayyam-by-ahmad-shamlu\/#primaryimage","url":"https:\/\/golobolbol.shop\/wp-content\/uploads\/2020\/02\/Khayyam-1.jpg","contentUrl":"https:\/\/golobolbol.shop\/wp-content\/uploads\/2020\/02\/Khayyam-1.jpg","width":500,"height":500},{"@type":"BreadcrumbList","@id":"https:\/\/golobolbol.shop\/en\/boutique\/culture-en\/music\/cd-robaiyat-of-khayyam-by-ahmad-shamlu\/#breadcrumb","itemListElement":[{"@type":"ListItem","position":1,"name":"Homepage","item":"https:\/\/golobolbol.shop\/en\/"},{"@type":"ListItem","position":2,"name":"Shop","item":"https:\/\/golobolbol.shop\/en\/shop\/"},{"@type":"ListItem","position":3,"name":"CD &#8220;Roba&#8217;iyat of Khayyam&#8221; by Ahmad Shamlu"}]},{"@type":"WebSite","@id":"https:\/\/golobolbol.shop\/en\/#website","url":"https:\/\/golobolbol.shop\/en\/","name":"GoloBolBol persian webshop - \u06af\u0644 \u0648 \u0628\u0644\u0628\u0644","description":"From Persia with love !","publisher":{"@id":"https:\/\/golobolbol.shop\/en\/#organization"},"potentialAction":[{"@type":"SearchAction","target":{"@type":"EntryPoint","urlTemplate":"https:\/\/golobolbol.shop\/en\/?s={search_term_string}"},"query-input":{"@type":"PropertyValueSpecification","valueRequired":true,"valueName":"search_term_string"}}],"inLanguage":"en-US"},{"@type":"Organization","@id":"https:\/\/golobolbol.shop\/en\/#organization","name":"GoloBolBol Persian Webshop","url":"https:\/\/golobolbol.shop\/en\/","logo":{"@type":"ImageObject","inLanguage":"en-US","@id":"https:\/\/golobolbol.shop\/en\/#\/schema\/logo\/image\/","url":"https:\/\/golobolbol.shop\/wp-content\/uploads\/2020\/03\/GOLTEST1-4.png","contentUrl":"https:\/\/golobolbol.shop\/wp-content\/uploads\/2020\/03\/GOLTEST1-4.png","width":283,"height":151,"caption":"GoloBolBol Persian Webshop"},"image":{"@id":"https:\/\/golobolbol.shop\/en\/#\/schema\/logo\/image\/"},"sameAs":["https:\/\/www.facebook.com\/golobolbolpersianwebshop\/","https:\/\/www.instagram.com\/golobolbol_persianwebshop"]}]}},"_links":{"self":[{"href":"https:\/\/golobolbol.shop\/en\/wp-json\/wp\/v2\/product\/8714","targetHints":{"allow":["GET"]}}],"collection":[{"href":"https:\/\/golobolbol.shop\/en\/wp-json\/wp\/v2\/product"}],"about":[{"href":"https:\/\/golobolbol.shop\/en\/wp-json\/wp\/v2\/types\/product"}],"replies":[{"embeddable":true,"href":"https:\/\/golobolbol.shop\/en\/wp-json\/wp\/v2\/comments?post=8714"}],"wp:featuredmedia":[{"embeddable":true,"href":"https:\/\/golobolbol.shop\/en\/wp-json\/wp\/v2\/media\/7869"}],"wp:attachment":[{"href":"https:\/\/golobolbol.shop\/en\/wp-json\/wp\/v2\/media?parent=8714"}],"wp:term":[{"taxonomy":"product_brand","embeddable":true,"href":"https:\/\/golobolbol.shop\/en\/wp-json\/wp\/v2\/product_brand?post=8714"},{"taxonomy":"product_cat","embeddable":true,"href":"https:\/\/golobolbol.shop\/en\/wp-json\/wp\/v2\/product_cat?post=8714"},{"taxonomy":"product_tag","embeddable":true,"href":"https:\/\/golobolbol.shop\/en\/wp-json\/wp\/v2\/product_tag?post=8714"}],"curies":[{"name":"wp","href":"https:\/\/api.w.org\/{rel}","templated":true}]}}