{"id":9581,"date":"2019-10-24T13:39:20","date_gmt":"2019-10-24T11:39:20","guid":{"rendered":"https:\/\/golobolbol.shop\/boutique\/uncategorized\/zam-zadeh-ignorance\/"},"modified":"2020-12-06T13:12:22","modified_gmt":"2020-12-06T12:12:22","slug":"zam-zadeh-ignorance","status":"publish","type":"product","link":"https:\/\/golobolbol.shop\/en\/boutique\/art-en\/zam-zadeh-en\/zam-zadeh-ignorance\/","title":{"rendered":"Zam Zadeh &#8211; &#8220;Ignorance&#8221;"},"content":{"rendered":"<div>\n<div class=\"gmail_default\">\n<div>&#8220;Ignorance&#8221;, 2019<\/div>\n<div>\u00a0<\/div>\n<div>An illustration by Zam Zadeh.<\/div>\n<div>\u00a0<\/div>\n<div class=\"gmail_default\">Mzdium: Digital illustration printed on paper.<\/div>\n<div class=\"gmail_default\">Size: 29,7 x 42 cm.<\/div>\n<\/div>\n<div>\u00a0<\/div>\n<div>This print is numbered and signed by the artist and is part of a limited edition of 30 ex.<\/div>\n<\/div>\n<div>\u00a0<\/div>\n<div><strong>Bio:<\/strong><\/div>\n<div>\u00a0<\/div>\n<div>\u00a0<\/div>\nZam Zadeh (de son vrai nom Azam Masoumzadeh) est n\u00e9e \u00e0 Ispahan en 1989. Elle vit et travaille \u00e0 Bruxelles depuis 2012. Cette artiste visuelle se d\u00e9finit comme une &#8220;conteuse digitale&#8221;. Elle creuse profond\u00e9ment dans ses souvenirs d&#8217;enfance, ses racines et ses origines pour mettre en place sa pratique artistique et une narration sp\u00e9cifique tr\u00e8s connect\u00e9es aux possibilit\u00e9s offertes par des m\u00e9dias parmi les plus r\u00e9cents. Son art est social mais aussi humoristique et profond\u00e9ment philosophique. Si elle est trouve ses racines dans la tradition et la po\u00e9sie persane, sa d\u00e9marche remet en sc\u00e8ne, avec des m\u00e9dias et formes tr\u00e8s contemporaines, les sagesses persanes pour en faire des r\u00e9v\u00e9lateurs de notre \u00e9poque.Cette \u0153uvre illustre et transfigure un po\u00e8me du Ruba\u00efyat, c\u00e9l\u00e8bre recueil du savant et po\u00e8te iranien Omar Khayyam qui date du 11\u00e8me si\u00e8cle et que l&#8217;artiste revisite avec des pr\u00e9occupations tr\u00e8s actuelles en t\u00eate. Zam Zadeh s\u2019inspire aussi des miniatures persanes anciennes qu&#8217;elle r\u00e9interpr\u00e8te graphiquement et sociologiquement.<div><\/div>\n<div>Here is the poem that inspired he:<\/div>\n<div>\n<p><b>IGNORANCE <\/b><b>(\u0628\u06cc\u0647\u0648\u062f\u06af\u06cc)<\/b><\/p>\n<p><span style=\"font-weight: 400;\">&#8220;Je suis venu ; le Monde en fut-il moins mauvais ?<br \/>\n<\/span><span style=\"font-weight: 400;\">Mon d\u00e9part double-t-il Sa gloire ? Je ne sais.<br \/>\n<\/span><span style=\"font-weight: 400;\">Mes oreilles jamais n\u2019ont appris de personne<br \/>\n<\/span><span style=\"font-weight: 400;\">Pourquoi j\u2019\u00e9tais venu, ni pourquoi je m\u2019en vais.&#8221;<\/span><\/p>\n<p><span style=\"font-weight: 400;\">\u0627\u0632 \u0622\u0645\u062f\u0646\u0645 \u0646\u0628\u0648\u062f \u06af\u0631\u062f\u0648\u0646 \u0631\u0627 \u0633\u0648\u062f<br \/>\n<\/span><span style=\"font-weight: 400;\">\u0648\u0632 \u0631\u0641\u062a\u0646 \u0645\u0646 \u062c\u0644\u0627\u0644 \u0648 \u062c\u0627\u0647\u0634 \u0646\u0641\u0632\u0648\u062f<br \/>\n<\/span><span style=\"font-weight: 400;\">\u0648\u0632 \u0647\u06cc\u0686 \u06a9\u0633\u06cc \u0646\u06cc\u0632 \u062f\u0648 \u06af\u0648\u0634\u0645 \u0646\u0634\u0646\u0648\u062f<br \/>\n<\/span><span style=\"font-weight: 400;\">\u06a9\u0627\u06cc\u0646 \u0622\u0645\u062f\u0646 \u0648 \u0631\u0641\u062a\u0646\u0645 \u0627\u0632 \u0628\u0647\u0631 \u0686\u0647 \u0628\u0648\u062f<\/span><\/p>\n<\/div>\n<div><\/div>\n<div>\n<div><strong>Practical aspects:<\/strong><\/div>\n<div>\n<ul>\n<li>The work is delivered with a certificate of authenticity signed by the artist.<\/li>\n<li>This print is numbered and signed by the artist and is part of a limited edition of 30 ex.<\/li>\n<li>It is sent in a specially adapted package to protect it.<\/li>\n<li>It is delivered without frame.<\/li>\n<li>It may take 1 to 3 weeks for this artwork to reach you by post.<\/li>\n<li>Quicker personal delivery possible in Brussels.<\/li>\n<\/ul>\n<p>Please\u00a0<a href=\"mailto:info@golobolbol.shop\">contact us<\/a> if you wish to see the work before purchase. We can arrange an appointment.<\/p>\n<\/div>\n<\/div>\n","protected":false},"excerpt":{"rendered":"<div class=\"gmail_default\">\n<div>&#8220;Ignorance&#8221;, 2019<\/div>\n<div>\u00a0<\/div>\n<div>An illustration by Zam Zadeh.<\/div>\n<div>\u00a0<\/div>\n<div class=\"gmail_default\">Medium: Digital illustration printed on paper.<\/div>\n<div class=\"gmail_default\">Size: 29,7 x 42 cm.<\/div>\n<\/div>\n<div>\u00a0<\/div>\n<div>This print is numbered and signed by the artist and is part of a limited edition of 30 ex.<\/div>\n<div>\u00a0<\/div>\n<div>The work is delivered with an authenticity certificate signed by the artist.<\/div>\n","protected":false},"featured_media":12192,"comment_status":"open","ping_status":"closed","template":"","meta":[],"product_brand":[],"product_cat":[187,471],"product_tag":[245],"class_list":{"0":"post-9581","1":"product","2":"type-product","3":"status-publish","4":"has-post-thumbnail","6":"product_cat-art-en","7":"product_cat-zam-zadeh-en","8":"product_tag-art-en","9":"product_shipping_class-work-of-art","11":"first","12":"instock","13":"shipping-taxable","14":"purchasable","15":"product-type-simple"},"yoast_head":"<!-- This site is optimized with the Yoast SEO plugin v27.4 - https:\/\/yoast.com\/product\/yoast-seo-wordpress\/ -->\n<title>Zam Zadeh - &quot;Ignorance&quot; &#8211; GoloBolBol persian webshop - \u06af\u0644 \u0648 \u0628\u0644\u0628\u0644<\/title>\n<meta name=\"description\" content=\"&quot;Ignorance&quot;, 2019. An illustration by Zam Zadeh (Iran). Medium: Digital illustration printed on paper. Size: 29,7 x 42 cm. This print is numbered and signed by the artist and is part of a limited edition of 30 ex. Persian art.\" \/>\n<meta name=\"robots\" content=\"index, follow, max-snippet:-1, max-image-preview:large, max-video-preview:-1\" \/>\n<link rel=\"canonical\" href=\"https:\/\/golobolbol.shop\/en\/boutique\/art-en\/zam-zadeh-en\/zam-zadeh-ignorance\/\" \/>\n<meta property=\"og:locale\" content=\"en_US\" \/>\n<meta property=\"og:type\" content=\"article\" \/>\n<meta property=\"og:title\" content=\"Zam Zadeh - &quot;Ignorance&quot; &#8211; GoloBolBol persian webshop - \u06af\u0644 \u0648 \u0628\u0644\u0628\u0644\" \/>\n<meta property=\"og:description\" content=\"&quot;Ignorance&quot;, 2019. An illustration by Zam Zadeh (Iran). Medium: Digital illustration printed on paper. Size: 29,7 x 42 cm. This print is numbered and signed by the artist and is part of a limited edition of 30 ex. Persian art.\" \/>\n<meta property=\"og:url\" content=\"https:\/\/golobolbol.shop\/en\/boutique\/art-en\/zam-zadeh-en\/zam-zadeh-ignorance\/\" \/>\n<meta property=\"og:site_name\" content=\"GoloBolBol persian webshop - \u06af\u0644 \u0648 \u0628\u0644\u0628\u0644\" \/>\n<meta property=\"article:publisher\" content=\"https:\/\/www.facebook.com\/golobolbolpersianwebshop\/\" \/>\n<meta property=\"article:modified_time\" content=\"2020-12-06T12:12:22+00:00\" \/>\n<meta property=\"og:image\" content=\"https:\/\/golobolbol.shop\/wp-content\/uploads\/2019\/10\/V2-.jpg\" \/>\n\t<meta property=\"og:image:width\" content=\"994\" \/>\n\t<meta property=\"og:image:height\" content=\"1404\" \/>\n\t<meta property=\"og:image:type\" content=\"image\/jpeg\" \/>\n<meta name=\"twitter:card\" content=\"summary_large_image\" \/>\n<meta name=\"twitter:label1\" content=\"Est. reading time\" \/>\n\t<meta name=\"twitter:data1\" content=\"2 minutes\" \/>\n<script type=\"application\/ld+json\" class=\"yoast-schema-graph\">{\"@context\":\"https:\\\/\\\/schema.org\",\"@graph\":[{\"@type\":\"WebPage\",\"@id\":\"https:\\\/\\\/golobolbol.shop\\\/en\\\/boutique\\\/art-en\\\/zam-zadeh-en\\\/zam-zadeh-ignorance\\\/\",\"url\":\"https:\\\/\\\/golobolbol.shop\\\/en\\\/boutique\\\/art-en\\\/zam-zadeh-en\\\/zam-zadeh-ignorance\\\/\",\"name\":\"Zam Zadeh - \\\"Ignorance\\\" &#8211; GoloBolBol persian webshop - \u06af\u0644 \u0648 \u0628\u0644\u0628\u0644\",\"isPartOf\":{\"@id\":\"https:\\\/\\\/golobolbol.shop\\\/en\\\/#website\"},\"primaryImageOfPage\":{\"@id\":\"https:\\\/\\\/golobolbol.shop\\\/en\\\/boutique\\\/art-en\\\/zam-zadeh-en\\\/zam-zadeh-ignorance\\\/#primaryimage\"},\"image\":{\"@id\":\"https:\\\/\\\/golobolbol.shop\\\/en\\\/boutique\\\/art-en\\\/zam-zadeh-en\\\/zam-zadeh-ignorance\\\/#primaryimage\"},\"thumbnailUrl\":\"https:\\\/\\\/golobolbol.shop\\\/wp-content\\\/uploads\\\/2019\\\/10\\\/V2-.jpg\",\"datePublished\":\"2019-10-24T11:39:20+00:00\",\"dateModified\":\"2020-12-06T12:12:22+00:00\",\"description\":\"\\\"Ignorance\\\", 2019. An illustration by Zam Zadeh (Iran). Medium: Digital illustration printed on paper. Size: 29,7 x 42 cm. This print is numbered and signed by the artist and is part of a limited edition of 30 ex. Persian art.\",\"breadcrumb\":{\"@id\":\"https:\\\/\\\/golobolbol.shop\\\/en\\\/boutique\\\/art-en\\\/zam-zadeh-en\\\/zam-zadeh-ignorance\\\/#breadcrumb\"},\"inLanguage\":\"en-US\",\"potentialAction\":[{\"@type\":\"ReadAction\",\"target\":[\"https:\\\/\\\/golobolbol.shop\\\/en\\\/boutique\\\/art-en\\\/zam-zadeh-en\\\/zam-zadeh-ignorance\\\/\"]}]},{\"@type\":\"ImageObject\",\"inLanguage\":\"en-US\",\"@id\":\"https:\\\/\\\/golobolbol.shop\\\/en\\\/boutique\\\/art-en\\\/zam-zadeh-en\\\/zam-zadeh-ignorance\\\/#primaryimage\",\"url\":\"https:\\\/\\\/golobolbol.shop\\\/wp-content\\\/uploads\\\/2019\\\/10\\\/V2-.jpg\",\"contentUrl\":\"https:\\\/\\\/golobolbol.shop\\\/wp-content\\\/uploads\\\/2019\\\/10\\\/V2-.jpg\",\"width\":994,\"height\":1404},{\"@type\":\"BreadcrumbList\",\"@id\":\"https:\\\/\\\/golobolbol.shop\\\/en\\\/boutique\\\/art-en\\\/zam-zadeh-en\\\/zam-zadeh-ignorance\\\/#breadcrumb\",\"itemListElement\":[{\"@type\":\"ListItem\",\"position\":1,\"name\":\"Homepage\",\"item\":\"https:\\\/\\\/golobolbol.shop\\\/en\\\/\"},{\"@type\":\"ListItem\",\"position\":2,\"name\":\"Shop\",\"item\":\"https:\\\/\\\/golobolbol.shop\\\/en\\\/shop\\\/\"},{\"@type\":\"ListItem\",\"position\":3,\"name\":\"Zam Zadeh &#8211; &#8220;Ignorance&#8221;\"}]},{\"@type\":\"WebSite\",\"@id\":\"https:\\\/\\\/golobolbol.shop\\\/en\\\/#website\",\"url\":\"https:\\\/\\\/golobolbol.shop\\\/en\\\/\",\"name\":\"GoloBolBol persian webshop - \u06af\u0644 \u0648 \u0628\u0644\u0628\u0644\",\"description\":\"From Persia with love !\",\"publisher\":{\"@id\":\"https:\\\/\\\/golobolbol.shop\\\/en\\\/#organization\"},\"potentialAction\":[{\"@type\":\"SearchAction\",\"target\":{\"@type\":\"EntryPoint\",\"urlTemplate\":\"https:\\\/\\\/golobolbol.shop\\\/en\\\/?s={search_term_string}\"},\"query-input\":{\"@type\":\"PropertyValueSpecification\",\"valueRequired\":true,\"valueName\":\"search_term_string\"}}],\"inLanguage\":\"en-US\"},{\"@type\":\"Organization\",\"@id\":\"https:\\\/\\\/golobolbol.shop\\\/en\\\/#organization\",\"name\":\"GoloBolBol Persian Webshop\",\"url\":\"https:\\\/\\\/golobolbol.shop\\\/en\\\/\",\"logo\":{\"@type\":\"ImageObject\",\"inLanguage\":\"en-US\",\"@id\":\"https:\\\/\\\/golobolbol.shop\\\/en\\\/#\\\/schema\\\/logo\\\/image\\\/\",\"url\":\"https:\\\/\\\/golobolbol.shop\\\/wp-content\\\/uploads\\\/2020\\\/03\\\/GOLTEST1-4.png\",\"contentUrl\":\"https:\\\/\\\/golobolbol.shop\\\/wp-content\\\/uploads\\\/2020\\\/03\\\/GOLTEST1-4.png\",\"width\":283,\"height\":151,\"caption\":\"GoloBolBol Persian Webshop\"},\"image\":{\"@id\":\"https:\\\/\\\/golobolbol.shop\\\/en\\\/#\\\/schema\\\/logo\\\/image\\\/\"},\"sameAs\":[\"https:\\\/\\\/www.facebook.com\\\/golobolbolpersianwebshop\\\/\",\"https:\\\/\\\/www.instagram.com\\\/golobolbol_persianwebshop\"]}]}<\/script>\n<!-- \/ Yoast SEO plugin. -->","yoast_head_json":{"title":"Zam Zadeh - \"Ignorance\" &#8211; GoloBolBol persian webshop - \u06af\u0644 \u0648 \u0628\u0644\u0628\u0644","description":"\"Ignorance\", 2019. An illustration by Zam Zadeh (Iran). Medium: Digital illustration printed on paper. Size: 29,7 x 42 cm. This print is numbered and signed by the artist and is part of a limited edition of 30 ex. Persian art.","robots":{"index":"index","follow":"follow","max-snippet":"max-snippet:-1","max-image-preview":"max-image-preview:large","max-video-preview":"max-video-preview:-1"},"canonical":"https:\/\/golobolbol.shop\/en\/boutique\/art-en\/zam-zadeh-en\/zam-zadeh-ignorance\/","og_locale":"en_US","og_type":"article","og_title":"Zam Zadeh - \"Ignorance\" &#8211; GoloBolBol persian webshop - \u06af\u0644 \u0648 \u0628\u0644\u0628\u0644","og_description":"\"Ignorance\", 2019. An illustration by Zam Zadeh (Iran). Medium: Digital illustration printed on paper. Size: 29,7 x 42 cm. This print is numbered and signed by the artist and is part of a limited edition of 30 ex. Persian art.","og_url":"https:\/\/golobolbol.shop\/en\/boutique\/art-en\/zam-zadeh-en\/zam-zadeh-ignorance\/","og_site_name":"GoloBolBol persian webshop - \u06af\u0644 \u0648 \u0628\u0644\u0628\u0644","article_publisher":"https:\/\/www.facebook.com\/golobolbolpersianwebshop\/","article_modified_time":"2020-12-06T12:12:22+00:00","og_image":[{"width":994,"height":1404,"url":"https:\/\/golobolbol.shop\/wp-content\/uploads\/2019\/10\/V2-.jpg","type":"image\/jpeg"}],"twitter_card":"summary_large_image","twitter_misc":{"Est. reading time":"2 minutes"},"schema":{"@context":"https:\/\/schema.org","@graph":[{"@type":"WebPage","@id":"https:\/\/golobolbol.shop\/en\/boutique\/art-en\/zam-zadeh-en\/zam-zadeh-ignorance\/","url":"https:\/\/golobolbol.shop\/en\/boutique\/art-en\/zam-zadeh-en\/zam-zadeh-ignorance\/","name":"Zam Zadeh - \"Ignorance\" &#8211; GoloBolBol persian webshop - \u06af\u0644 \u0648 \u0628\u0644\u0628\u0644","isPartOf":{"@id":"https:\/\/golobolbol.shop\/en\/#website"},"primaryImageOfPage":{"@id":"https:\/\/golobolbol.shop\/en\/boutique\/art-en\/zam-zadeh-en\/zam-zadeh-ignorance\/#primaryimage"},"image":{"@id":"https:\/\/golobolbol.shop\/en\/boutique\/art-en\/zam-zadeh-en\/zam-zadeh-ignorance\/#primaryimage"},"thumbnailUrl":"https:\/\/golobolbol.shop\/wp-content\/uploads\/2019\/10\/V2-.jpg","datePublished":"2019-10-24T11:39:20+00:00","dateModified":"2020-12-06T12:12:22+00:00","description":"\"Ignorance\", 2019. An illustration by Zam Zadeh (Iran). Medium: Digital illustration printed on paper. Size: 29,7 x 42 cm. This print is numbered and signed by the artist and is part of a limited edition of 30 ex. Persian art.","breadcrumb":{"@id":"https:\/\/golobolbol.shop\/en\/boutique\/art-en\/zam-zadeh-en\/zam-zadeh-ignorance\/#breadcrumb"},"inLanguage":"en-US","potentialAction":[{"@type":"ReadAction","target":["https:\/\/golobolbol.shop\/en\/boutique\/art-en\/zam-zadeh-en\/zam-zadeh-ignorance\/"]}]},{"@type":"ImageObject","inLanguage":"en-US","@id":"https:\/\/golobolbol.shop\/en\/boutique\/art-en\/zam-zadeh-en\/zam-zadeh-ignorance\/#primaryimage","url":"https:\/\/golobolbol.shop\/wp-content\/uploads\/2019\/10\/V2-.jpg","contentUrl":"https:\/\/golobolbol.shop\/wp-content\/uploads\/2019\/10\/V2-.jpg","width":994,"height":1404},{"@type":"BreadcrumbList","@id":"https:\/\/golobolbol.shop\/en\/boutique\/art-en\/zam-zadeh-en\/zam-zadeh-ignorance\/#breadcrumb","itemListElement":[{"@type":"ListItem","position":1,"name":"Homepage","item":"https:\/\/golobolbol.shop\/en\/"},{"@type":"ListItem","position":2,"name":"Shop","item":"https:\/\/golobolbol.shop\/en\/shop\/"},{"@type":"ListItem","position":3,"name":"Zam Zadeh &#8211; &#8220;Ignorance&#8221;"}]},{"@type":"WebSite","@id":"https:\/\/golobolbol.shop\/en\/#website","url":"https:\/\/golobolbol.shop\/en\/","name":"GoloBolBol persian webshop - \u06af\u0644 \u0648 \u0628\u0644\u0628\u0644","description":"From Persia with love !","publisher":{"@id":"https:\/\/golobolbol.shop\/en\/#organization"},"potentialAction":[{"@type":"SearchAction","target":{"@type":"EntryPoint","urlTemplate":"https:\/\/golobolbol.shop\/en\/?s={search_term_string}"},"query-input":{"@type":"PropertyValueSpecification","valueRequired":true,"valueName":"search_term_string"}}],"inLanguage":"en-US"},{"@type":"Organization","@id":"https:\/\/golobolbol.shop\/en\/#organization","name":"GoloBolBol Persian Webshop","url":"https:\/\/golobolbol.shop\/en\/","logo":{"@type":"ImageObject","inLanguage":"en-US","@id":"https:\/\/golobolbol.shop\/en\/#\/schema\/logo\/image\/","url":"https:\/\/golobolbol.shop\/wp-content\/uploads\/2020\/03\/GOLTEST1-4.png","contentUrl":"https:\/\/golobolbol.shop\/wp-content\/uploads\/2020\/03\/GOLTEST1-4.png","width":283,"height":151,"caption":"GoloBolBol Persian Webshop"},"image":{"@id":"https:\/\/golobolbol.shop\/en\/#\/schema\/logo\/image\/"},"sameAs":["https:\/\/www.facebook.com\/golobolbolpersianwebshop\/","https:\/\/www.instagram.com\/golobolbol_persianwebshop"]}]}},"_links":{"self":[{"href":"https:\/\/golobolbol.shop\/en\/wp-json\/wp\/v2\/product\/9581","targetHints":{"allow":["GET"]}}],"collection":[{"href":"https:\/\/golobolbol.shop\/en\/wp-json\/wp\/v2\/product"}],"about":[{"href":"https:\/\/golobolbol.shop\/en\/wp-json\/wp\/v2\/types\/product"}],"replies":[{"embeddable":true,"href":"https:\/\/golobolbol.shop\/en\/wp-json\/wp\/v2\/comments?post=9581"}],"wp:featuredmedia":[{"embeddable":true,"href":"https:\/\/golobolbol.shop\/en\/wp-json\/wp\/v2\/media\/12192"}],"wp:attachment":[{"href":"https:\/\/golobolbol.shop\/en\/wp-json\/wp\/v2\/media?parent=9581"}],"wp:term":[{"taxonomy":"product_brand","embeddable":true,"href":"https:\/\/golobolbol.shop\/en\/wp-json\/wp\/v2\/product_brand?post=9581"},{"taxonomy":"product_cat","embeddable":true,"href":"https:\/\/golobolbol.shop\/en\/wp-json\/wp\/v2\/product_cat?post=9581"},{"taxonomy":"product_tag","embeddable":true,"href":"https:\/\/golobolbol.shop\/en\/wp-json\/wp\/v2\/product_tag?post=9581"}],"curies":[{"name":"wp","href":"https:\/\/api.w.org\/{rel}","templated":true}]}}