{"id":9600,"date":"2019-10-24T13:39:18","date_gmt":"2019-10-24T11:39:18","guid":{"rendered":"https:\/\/golobolbol.shop\/boutique\/uncategorized\/zam-zadeh-nowrouz\/"},"modified":"2020-12-06T13:12:29","modified_gmt":"2020-12-06T12:12:29","slug":"zam-zadeh-nowrouz","status":"publish","type":"product","link":"https:\/\/golobolbol.shop\/en\/boutique\/art-en\/zam-zadeh-en\/zam-zadeh-nowrouz\/","title":{"rendered":"Zam Zadeh &#8211; &#8220;Nowrouz&#8221;"},"content":{"rendered":"<div class=\"gmail_default\">\n<div class=\"gmail_default\">\n<div>&#8220;Nowrouz&#8221;, 2019<\/div>\n<div><\/div>\n<div>Une illustration de Zam Zadeh.<\/div>\n<div><\/div>\n<div class=\"gmail_default\">M\u00e9dium : Illustration digitale imprim\u00e9e sur papier.<\/div>\n<div class=\"gmail_default\">Format : 29,7 x 42 cm.<\/div>\n<div><\/div>\n<div>Ce tirage fait partie d&#8217;un tirage limit\u00e9 sign\u00e9 et num\u00e9rot\u00e9 de 30 exemplaires.<\/div>\n<div><\/div>\n<div><strong>Bio :<\/strong><\/div>\n<div><\/div>\n<div>Zam Zadeh (de son vrai nom Azam Masoumzadeh) est n\u00e9e \u00e0 Ispahan en 1989. Elle vit et travaille \u00e0 Bruxelles depuis 2012. Cette artiste visuelle se d\u00e9finit comme une &#8220;conteuse digitale&#8221;. Elle creuse profond\u00e9ment dans ses souvenirs d&#8217;enfance, ses racines et ses origines pour mettre en place sa pratique artistique et une narration sp\u00e9cifique tr\u00e8s connect\u00e9es aux possibilit\u00e9s offertes par des m\u00e9dias parmi les plus r\u00e9cents. Son art est social mais aussi humoristique et profond\u00e9ment philosophique. Si elle est trouve ses racines dans la tradition et la po\u00e9sie persane, sa d\u00e9marche remet en sc\u00e8ne, avec des m\u00e9dias et formes tr\u00e8s contemporaines, les sagesses persanes pour en faire des r\u00e9v\u00e9lateurs de notre \u00e9poque.<\/div>\n<div><\/div>\n<div>Cette \u0153uvre illustre et transfigure un po\u00e8me du Ruba\u00efyat, c\u00e9l\u00e8bre recueil du savant et po\u00e8te iranien Omar Khayyam qui date du 11\u00e8me si\u00e8cle et que l&#8217;artiste revisite avec des pr\u00e9occupations tr\u00e8s actuelles en t\u00eate. Zam Zadeh s\u2019inspire aussi des miniatures persanes anciennes qu&#8217;elle r\u00e9interpr\u00e8te graphiquement et sociologiquement.<\/div>\n<div><\/div>\n<div>Voici le po\u00e8me qui l&#8217;a inspir\u00e9 :<\/div>\n<div><\/div>\n<div><b>FLOWERS <\/b><b>(<\/b><b>\u06af\u0644\u0647\u0627)<\/b><\/div>\n<\/div>\n<div>\n<p><span style=\"font-weight: 400;\">\u0686\u0648\u0646 \u0627\u0628\u0631 \u0628\u0647 \u0646\u0648\u0631\u0648\u0632 \u0631\u062e \u0644\u0627\u0644\u0647 \u0628\u0634\u0633\u062a<\/span><span style=\"font-weight: 400;\"><br \/>\n<\/span><\/p>\n<p><span style=\"font-weight: 400;\">\u0628\u0631\u062e\u06cc\u0632 \u0648 \u0628\u062c\u0627\u0645 \u0628\u0627\u062f\u0647 \u06a9\u0646 \u0639\u0632\u0645 \u062f\u0631\u0633\u062a<\/span><\/p>\n<p><span style=\"font-weight: 400;\">\u06a9\u0627\u06cc\u0646 \u0633\u0628\u0632\u0647 \u06a9\u0647 \u0627\u0645\u0631\u0648\u0632 \u062a\u0645\u0627\u0634\u0627\u06af\u0647 \u062a\u0648\u0633\u062a<\/span><\/p>\n<p><span style=\"font-weight: 400;\">\u0641\u0631\u062f\u0627 \u0647\u0645\u0647 \u0627\u0632 \u062e\u0627\u06a9 \u062a\u0648 \u0628\u0631\u062e\u0648\u0627\u0647\u062f \u0631\u0633\u062a<\/span><\/p>\n<\/div>\n<div class=\"gmail_default\">\n<div><span style=\"font-weight: 400;\">&#8220;Clouds cover the face of the heavens, <\/span><span style=\"font-weight: 400;\">and rain <\/span><span style=\"font-weight: 400;\">patters on the sward. <\/span><\/div>\n<div><span style=\"font-weight: 400;\">How could man live one <\/span><span style=\"font-weight: 400;\">second without wine ? <\/span><\/div>\n<div><span style=\"font-weight: 400;\">This green before me <\/span><span style=\"font-weight: 400;\">delights my eye, but whose eye will <\/span><\/div>\n<div><span style=\"font-weight: 400;\">delight <\/span><span style=\"font-weight: 400;\">in the grass which shall spring from my dust?&#8221;<\/span><\/div>\n<div><\/div>\n<div>\n<p><strong>En pratique :<\/strong><\/p>\n<ul>\n<li>L&#8217;\u0153uvre est livr\u00e9e avec un certificat d&#8217;authenticit\u00e9 sign\u00e9 par l&#8217;artiste.<\/li>\n<li>Ce tirage fait partie d&#8217;un tirage limit\u00e9 sign\u00e9 et num\u00e9rot\u00e9 de 30 exemplaires.<\/li>\n<li>Elle est envoy\u00e9e dans un colis sp\u00e9cialement adapt\u00e9 pour la prot\u00e9ger.<\/li>\n<li>Elle est livr\u00e9e sans cadre.<\/li>\n<li>Cette \u0153uvre peut mettre de 1 \u00e0 3 semaines avant de vous parvenir par la poste.<\/li>\n<li>Remise en mains propres plus rapide possible \u00e0 Bruxelles.<\/li>\n<\/ul>\n<p>N&#8217;h\u00e9sitez pas \u00e0 <a href=\"mailto:info@golobolbol.shop\">nous contacter<\/a> si vous d\u00e9sirez voir l&#8217;\u0153uvre avant achat. Nous pouvons organiser un rendez-vous.<\/p>\n<\/div>\n<\/div>\n<\/div>\n","protected":false},"excerpt":{"rendered":"<div class=\"gmail_default\">\n<div class=\"gmail_default\">\n<div>&#8220;Nowrouz&#8221;, 2019.<\/div>\n<div><\/div>\n<div>An illustration by Zam Zadeh.<\/div>\n<div><\/div>\n<div class=\"gmail_default\">Medium: Digital illustration printed on paper.<\/div>\n<div class=\"gmail_default\">Size: 29,7 x 42 cm.<\/div>\n<\/div>\n<div><\/div>\n<div>This print is numbered and signed by the artist and is part of a limited edition of 30 ex.<\/div>\n<div><\/div>\n<div>The work is delivered with an authenticity certificate signed by the artist.<\/div>\n<\/div>\n","protected":false},"featured_media":9421,"comment_status":"open","ping_status":"closed","template":"","meta":[],"product_brand":[],"product_cat":[187,471],"product_tag":[245],"class_list":{"0":"post-9600","1":"product","2":"type-product","3":"status-publish","4":"has-post-thumbnail","6":"product_cat-art-en","7":"product_cat-zam-zadeh-en","8":"product_tag-art-en","9":"product_shipping_class-work-of-art","11":"first","12":"instock","13":"sold-individually","14":"shipping-taxable","15":"purchasable","16":"product-type-simple"},"yoast_head":"<!-- This site is optimized with the Yoast SEO plugin v27.2 - https:\/\/yoast.com\/product\/yoast-seo-wordpress\/ -->\n<title>Zam Zadeh - &quot;Nowrouz&quot; &#8211; GoloBolBol persian webshop - \u06af\u0644 \u0648 \u0628\u0644\u0628\u0644<\/title>\n<meta name=\"description\" content=\"&quot;Nowrouz&quot; 2019. An illustration by Zam Zadeh (Iran). Medium: Digital illustration printed on paper. Size: 29,7 x 42 cm. This print is numbered and signed by the artist and is part of a limited edition of 30 ex. Persian art of today.\" \/>\n<meta name=\"robots\" content=\"index, follow, max-snippet:-1, max-image-preview:large, max-video-preview:-1\" \/>\n<link rel=\"canonical\" href=\"https:\/\/golobolbol.shop\/en\/boutique\/art-en\/zam-zadeh-en\/zam-zadeh-nowrouz\/\" \/>\n<meta property=\"og:locale\" content=\"en_US\" \/>\n<meta property=\"og:type\" content=\"article\" \/>\n<meta property=\"og:title\" content=\"Zam Zadeh - &quot;Nowrouz&quot; &#8211; GoloBolBol persian webshop - \u06af\u0644 \u0648 \u0628\u0644\u0628\u0644\" \/>\n<meta property=\"og:description\" content=\"&quot;Nowrouz&quot; 2019. An illustration by Zam Zadeh (Iran). Medium: Digital illustration printed on paper. Size: 29,7 x 42 cm. This print is numbered and signed by the artist and is part of a limited edition of 30 ex. Persian art of today.\" \/>\n<meta property=\"og:url\" content=\"https:\/\/golobolbol.shop\/en\/boutique\/art-en\/zam-zadeh-en\/zam-zadeh-nowrouz\/\" \/>\n<meta property=\"og:site_name\" content=\"GoloBolBol persian webshop - \u06af\u0644 \u0648 \u0628\u0644\u0628\u0644\" \/>\n<meta property=\"article:publisher\" content=\"https:\/\/www.facebook.com\/golobolbolpersianwebshop\/\" \/>\n<meta property=\"article:modified_time\" content=\"2020-12-06T12:12:29+00:00\" \/>\n<meta property=\"og:image\" content=\"https:\/\/golobolbol.shop\/wp-content\/uploads\/2020\/10\/zamzadeh-art-iran-4ok.jpg\" \/>\n\t<meta property=\"og:image:width\" content=\"1004\" \/>\n\t<meta property=\"og:image:height\" content=\"1418\" \/>\n\t<meta property=\"og:image:type\" content=\"image\/jpeg\" \/>\n<meta name=\"twitter:card\" content=\"summary_large_image\" \/>\n<meta name=\"twitter:label1\" content=\"Est. reading time\" \/>\n\t<meta name=\"twitter:data1\" content=\"2 minutes\" \/>\n<script type=\"application\/ld+json\" class=\"yoast-schema-graph\">{\"@context\":\"https:\/\/schema.org\",\"@graph\":[{\"@type\":\"WebPage\",\"@id\":\"https:\/\/golobolbol.shop\/en\/boutique\/art-en\/zam-zadeh-en\/zam-zadeh-nowrouz\/\",\"url\":\"https:\/\/golobolbol.shop\/en\/boutique\/art-en\/zam-zadeh-en\/zam-zadeh-nowrouz\/\",\"name\":\"Zam Zadeh - \\\"Nowrouz\\\" &#8211; GoloBolBol persian webshop - \u06af\u0644 \u0648 \u0628\u0644\u0628\u0644\",\"isPartOf\":{\"@id\":\"https:\/\/golobolbol.shop\/en\/#website\"},\"primaryImageOfPage\":{\"@id\":\"https:\/\/golobolbol.shop\/en\/boutique\/art-en\/zam-zadeh-en\/zam-zadeh-nowrouz\/#primaryimage\"},\"image\":{\"@id\":\"https:\/\/golobolbol.shop\/en\/boutique\/art-en\/zam-zadeh-en\/zam-zadeh-nowrouz\/#primaryimage\"},\"thumbnailUrl\":\"https:\/\/golobolbol.shop\/wp-content\/uploads\/2020\/10\/zamzadeh-art-iran-4ok.jpg\",\"datePublished\":\"2019-10-24T11:39:18+00:00\",\"dateModified\":\"2020-12-06T12:12:29+00:00\",\"description\":\"\\\"Nowrouz\\\" 2019. An illustration by Zam Zadeh (Iran). Medium: Digital illustration printed on paper. Size: 29,7 x 42 cm. This print is numbered and signed by the artist and is part of a limited edition of 30 ex. Persian art of today.\",\"breadcrumb\":{\"@id\":\"https:\/\/golobolbol.shop\/en\/boutique\/art-en\/zam-zadeh-en\/zam-zadeh-nowrouz\/#breadcrumb\"},\"inLanguage\":\"en-US\",\"potentialAction\":[{\"@type\":\"ReadAction\",\"target\":[\"https:\/\/golobolbol.shop\/en\/boutique\/art-en\/zam-zadeh-en\/zam-zadeh-nowrouz\/\"]}]},{\"@type\":\"ImageObject\",\"inLanguage\":\"en-US\",\"@id\":\"https:\/\/golobolbol.shop\/en\/boutique\/art-en\/zam-zadeh-en\/zam-zadeh-nowrouz\/#primaryimage\",\"url\":\"https:\/\/golobolbol.shop\/wp-content\/uploads\/2020\/10\/zamzadeh-art-iran-4ok.jpg\",\"contentUrl\":\"https:\/\/golobolbol.shop\/wp-content\/uploads\/2020\/10\/zamzadeh-art-iran-4ok.jpg\",\"width\":1004,\"height\":1418},{\"@type\":\"BreadcrumbList\",\"@id\":\"https:\/\/golobolbol.shop\/en\/boutique\/art-en\/zam-zadeh-en\/zam-zadeh-nowrouz\/#breadcrumb\",\"itemListElement\":[{\"@type\":\"ListItem\",\"position\":1,\"name\":\"Homepage\",\"item\":\"https:\/\/golobolbol.shop\/en\/\"},{\"@type\":\"ListItem\",\"position\":2,\"name\":\"Shop\",\"item\":\"https:\/\/golobolbol.shop\/en\/shop\/\"},{\"@type\":\"ListItem\",\"position\":3,\"name\":\"Zam Zadeh &#8211; &#8220;Nowrouz&#8221;\"}]},{\"@type\":\"WebSite\",\"@id\":\"https:\/\/golobolbol.shop\/en\/#website\",\"url\":\"https:\/\/golobolbol.shop\/en\/\",\"name\":\"GoloBolBol persian webshop - \u06af\u0644 \u0648 \u0628\u0644\u0628\u0644\",\"description\":\"From Persia with love !\",\"publisher\":{\"@id\":\"https:\/\/golobolbol.shop\/en\/#organization\"},\"potentialAction\":[{\"@type\":\"SearchAction\",\"target\":{\"@type\":\"EntryPoint\",\"urlTemplate\":\"https:\/\/golobolbol.shop\/en\/?s={search_term_string}\"},\"query-input\":{\"@type\":\"PropertyValueSpecification\",\"valueRequired\":true,\"valueName\":\"search_term_string\"}}],\"inLanguage\":\"en-US\"},{\"@type\":\"Organization\",\"@id\":\"https:\/\/golobolbol.shop\/en\/#organization\",\"name\":\"GoloBolBol Persian Webshop\",\"url\":\"https:\/\/golobolbol.shop\/en\/\",\"logo\":{\"@type\":\"ImageObject\",\"inLanguage\":\"en-US\",\"@id\":\"https:\/\/golobolbol.shop\/en\/#\/schema\/logo\/image\/\",\"url\":\"https:\/\/golobolbol.shop\/wp-content\/uploads\/2020\/03\/GOLTEST1-4.png\",\"contentUrl\":\"https:\/\/golobolbol.shop\/wp-content\/uploads\/2020\/03\/GOLTEST1-4.png\",\"width\":283,\"height\":151,\"caption\":\"GoloBolBol Persian Webshop\"},\"image\":{\"@id\":\"https:\/\/golobolbol.shop\/en\/#\/schema\/logo\/image\/\"},\"sameAs\":[\"https:\/\/www.facebook.com\/golobolbolpersianwebshop\/\",\"https:\/\/www.instagram.com\/golobolbol_persianwebshop\"]}]}<\/script>\n<!-- \/ Yoast SEO plugin. -->","yoast_head_json":{"title":"Zam Zadeh - \"Nowrouz\" &#8211; GoloBolBol persian webshop - \u06af\u0644 \u0648 \u0628\u0644\u0628\u0644","description":"\"Nowrouz\" 2019. An illustration by Zam Zadeh (Iran). Medium: Digital illustration printed on paper. Size: 29,7 x 42 cm. This print is numbered and signed by the artist and is part of a limited edition of 30 ex. Persian art of today.","robots":{"index":"index","follow":"follow","max-snippet":"max-snippet:-1","max-image-preview":"max-image-preview:large","max-video-preview":"max-video-preview:-1"},"canonical":"https:\/\/golobolbol.shop\/en\/boutique\/art-en\/zam-zadeh-en\/zam-zadeh-nowrouz\/","og_locale":"en_US","og_type":"article","og_title":"Zam Zadeh - \"Nowrouz\" &#8211; GoloBolBol persian webshop - \u06af\u0644 \u0648 \u0628\u0644\u0628\u0644","og_description":"\"Nowrouz\" 2019. An illustration by Zam Zadeh (Iran). Medium: Digital illustration printed on paper. Size: 29,7 x 42 cm. This print is numbered and signed by the artist and is part of a limited edition of 30 ex. Persian art of today.","og_url":"https:\/\/golobolbol.shop\/en\/boutique\/art-en\/zam-zadeh-en\/zam-zadeh-nowrouz\/","og_site_name":"GoloBolBol persian webshop - \u06af\u0644 \u0648 \u0628\u0644\u0628\u0644","article_publisher":"https:\/\/www.facebook.com\/golobolbolpersianwebshop\/","article_modified_time":"2020-12-06T12:12:29+00:00","og_image":[{"width":1004,"height":1418,"url":"https:\/\/golobolbol.shop\/wp-content\/uploads\/2020\/10\/zamzadeh-art-iran-4ok.jpg","type":"image\/jpeg"}],"twitter_card":"summary_large_image","twitter_misc":{"Est. reading time":"2 minutes"},"schema":{"@context":"https:\/\/schema.org","@graph":[{"@type":"WebPage","@id":"https:\/\/golobolbol.shop\/en\/boutique\/art-en\/zam-zadeh-en\/zam-zadeh-nowrouz\/","url":"https:\/\/golobolbol.shop\/en\/boutique\/art-en\/zam-zadeh-en\/zam-zadeh-nowrouz\/","name":"Zam Zadeh - \"Nowrouz\" &#8211; GoloBolBol persian webshop - \u06af\u0644 \u0648 \u0628\u0644\u0628\u0644","isPartOf":{"@id":"https:\/\/golobolbol.shop\/en\/#website"},"primaryImageOfPage":{"@id":"https:\/\/golobolbol.shop\/en\/boutique\/art-en\/zam-zadeh-en\/zam-zadeh-nowrouz\/#primaryimage"},"image":{"@id":"https:\/\/golobolbol.shop\/en\/boutique\/art-en\/zam-zadeh-en\/zam-zadeh-nowrouz\/#primaryimage"},"thumbnailUrl":"https:\/\/golobolbol.shop\/wp-content\/uploads\/2020\/10\/zamzadeh-art-iran-4ok.jpg","datePublished":"2019-10-24T11:39:18+00:00","dateModified":"2020-12-06T12:12:29+00:00","description":"\"Nowrouz\" 2019. An illustration by Zam Zadeh (Iran). Medium: Digital illustration printed on paper. Size: 29,7 x 42 cm. This print is numbered and signed by the artist and is part of a limited edition of 30 ex. Persian art of today.","breadcrumb":{"@id":"https:\/\/golobolbol.shop\/en\/boutique\/art-en\/zam-zadeh-en\/zam-zadeh-nowrouz\/#breadcrumb"},"inLanguage":"en-US","potentialAction":[{"@type":"ReadAction","target":["https:\/\/golobolbol.shop\/en\/boutique\/art-en\/zam-zadeh-en\/zam-zadeh-nowrouz\/"]}]},{"@type":"ImageObject","inLanguage":"en-US","@id":"https:\/\/golobolbol.shop\/en\/boutique\/art-en\/zam-zadeh-en\/zam-zadeh-nowrouz\/#primaryimage","url":"https:\/\/golobolbol.shop\/wp-content\/uploads\/2020\/10\/zamzadeh-art-iran-4ok.jpg","contentUrl":"https:\/\/golobolbol.shop\/wp-content\/uploads\/2020\/10\/zamzadeh-art-iran-4ok.jpg","width":1004,"height":1418},{"@type":"BreadcrumbList","@id":"https:\/\/golobolbol.shop\/en\/boutique\/art-en\/zam-zadeh-en\/zam-zadeh-nowrouz\/#breadcrumb","itemListElement":[{"@type":"ListItem","position":1,"name":"Homepage","item":"https:\/\/golobolbol.shop\/en\/"},{"@type":"ListItem","position":2,"name":"Shop","item":"https:\/\/golobolbol.shop\/en\/shop\/"},{"@type":"ListItem","position":3,"name":"Zam Zadeh &#8211; &#8220;Nowrouz&#8221;"}]},{"@type":"WebSite","@id":"https:\/\/golobolbol.shop\/en\/#website","url":"https:\/\/golobolbol.shop\/en\/","name":"GoloBolBol persian webshop - \u06af\u0644 \u0648 \u0628\u0644\u0628\u0644","description":"From Persia with love !","publisher":{"@id":"https:\/\/golobolbol.shop\/en\/#organization"},"potentialAction":[{"@type":"SearchAction","target":{"@type":"EntryPoint","urlTemplate":"https:\/\/golobolbol.shop\/en\/?s={search_term_string}"},"query-input":{"@type":"PropertyValueSpecification","valueRequired":true,"valueName":"search_term_string"}}],"inLanguage":"en-US"},{"@type":"Organization","@id":"https:\/\/golobolbol.shop\/en\/#organization","name":"GoloBolBol Persian Webshop","url":"https:\/\/golobolbol.shop\/en\/","logo":{"@type":"ImageObject","inLanguage":"en-US","@id":"https:\/\/golobolbol.shop\/en\/#\/schema\/logo\/image\/","url":"https:\/\/golobolbol.shop\/wp-content\/uploads\/2020\/03\/GOLTEST1-4.png","contentUrl":"https:\/\/golobolbol.shop\/wp-content\/uploads\/2020\/03\/GOLTEST1-4.png","width":283,"height":151,"caption":"GoloBolBol Persian Webshop"},"image":{"@id":"https:\/\/golobolbol.shop\/en\/#\/schema\/logo\/image\/"},"sameAs":["https:\/\/www.facebook.com\/golobolbolpersianwebshop\/","https:\/\/www.instagram.com\/golobolbol_persianwebshop"]}]}},"_links":{"self":[{"href":"https:\/\/golobolbol.shop\/en\/wp-json\/wp\/v2\/product\/9600","targetHints":{"allow":["GET"]}}],"collection":[{"href":"https:\/\/golobolbol.shop\/en\/wp-json\/wp\/v2\/product"}],"about":[{"href":"https:\/\/golobolbol.shop\/en\/wp-json\/wp\/v2\/types\/product"}],"replies":[{"embeddable":true,"href":"https:\/\/golobolbol.shop\/en\/wp-json\/wp\/v2\/comments?post=9600"}],"wp:featuredmedia":[{"embeddable":true,"href":"https:\/\/golobolbol.shop\/en\/wp-json\/wp\/v2\/media\/9421"}],"wp:attachment":[{"href":"https:\/\/golobolbol.shop\/en\/wp-json\/wp\/v2\/media?parent=9600"}],"wp:term":[{"taxonomy":"product_brand","embeddable":true,"href":"https:\/\/golobolbol.shop\/en\/wp-json\/wp\/v2\/product_brand?post=9600"},{"taxonomy":"product_cat","embeddable":true,"href":"https:\/\/golobolbol.shop\/en\/wp-json\/wp\/v2\/product_cat?post=9600"},{"taxonomy":"product_tag","embeddable":true,"href":"https:\/\/golobolbol.shop\/en\/wp-json\/wp\/v2\/product_tag?post=9600"}],"curies":[{"name":"wp","href":"https:\/\/api.w.org\/{rel}","templated":true}]}}