{"id":9696,"date":"2019-11-28T16:57:43","date_gmt":"2019-11-28T15:57:43","guid":{"rendered":"https:\/\/golobolbol.shop\/boutique\/uncategorized\/haydeh-ayazi-les-escargots-souriants-art-brut-iran\/"},"modified":"2020-11-14T19:51:44","modified_gmt":"2020-11-14T18:51:44","slug":"haydeh-ayazi-les-escargots-souriants-art-brut-iran","status":"publish","type":"product","link":"https:\/\/golobolbol.shop\/en\/boutique\/art-en\/haydeh-ayyazi-en\/haydeh-ayazi-les-escargots-souriants-art-brut-iran\/","title":{"rendered":"Haydeh Ayyazi &#8211; &#8220;Les escargots souriants&#8221;"},"content":{"rendered":"<p>&#8220;Les escargots souriants&#8221;, 2014.<\/p>\n<p>A drawing by Haydeh Ayyzazi.<\/p>\n<p>Medium: felt-tip pen drawing.<\/p>\n<p>Size: 17 x 25 cm.<\/p>\n<p>Art brut from Iran.<\/p>\n<p><strong>Bio:<\/strong><\/p>\n&#13;\n<p><p>Haydeh Ayyzazi was born in 1961. She lives and works in Tehran.<\/p><\/p>&#13;\n&#13;\n<p><p>Haydeh Ayyazi is an outsider artist. She started drawing when she was 6 years old. Ayyazi is inspired by her childhood memories and also by current events, especially political and all the news that influence the daily life of Iranian citizens. She practiced calligraphy a lot in her youth and it often appears in her works. We can indeed see in her drawings made with markers, sentences or words in Persian, they are sometimes poetry of her son or quite simply words which spontaneously come to her mind when she draws. Because yes, even if the result is neat, Ayyazi is an art brut improviser.<\/p><\/p>&#13;\n<p><p><strong>Practical aspects:<\/strong><\/p><\/p>&#13;\n<ul><li>L\u2019\u0153uvre est livr\u00e9e avec un certificat d\u2019authenticit\u00e9.<\/li>&#13;\n<li>Elle est envoy\u00e9e dans un colis sp\u00e9cialement adapt\u00e9 pour la prot\u00e9ger.<\/li>&#13;\n<li>Elle est livr\u00e9e sans cadre.<\/li>&#13;\n<li>Cette \u0153uvre peut mettre de 1 \u00e0 3 semaines avant de vous parvenir par la poste.<\/li>&#13;\n<li>Livraison en mains propres plus rapide possible \u00e0 Bruxelles.<\/li>&#13;\n<\/ul><p><p>Please\u00a0<a href=\"mailto:info@golobolbol.shop\">contact us<\/a>\u00a0if you wish to see the work before purchase. We can arrange an appointment.<\/p><\/p>&#13;\n","protected":false},"excerpt":{"rendered":"<p>&#8220;Les escargots souriants&#8221;, 2014.<\/p>\n<p>A drawing by Haydeh Ayyzazi.<\/p>\n<p>Medium: felt-tip pen drawing.<\/p>\n<p>Size: 17 x 25 cm.<\/p>\n<p>The work is delivered with a certificate of authenticity.<\/p>\n<p>Art brut from Iran.<\/p>\n","protected":false},"featured_media":5273,"comment_status":"open","ping_status":"closed","template":"","meta":[],"product_brand":[],"product_cat":[187,188],"product_tag":[],"class_list":{"0":"post-9696","1":"product","2":"type-product","3":"status-publish","4":"has-post-thumbnail","6":"product_cat-art-en","7":"product_cat-haydeh-ayyazi-en","8":"product_shipping_class-work-of-art","10":"first","11":"outofstock","12":"sold-individually","13":"shipping-taxable","14":"purchasable","15":"product-type-simple"},"yoast_head":"<!-- This site is optimized with the Yoast SEO plugin v27.2 - https:\/\/yoast.com\/product\/yoast-seo-wordpress\/ -->\n<title>Haydeh Ayyazi - &quot;Les escargots souriants&quot; &#8211; GoloBolBol persian webshop - \u06af\u0644 \u0648 \u0628\u0644\u0628\u0644<\/title>\n<meta name=\"description\" content=\"&quot;Les escargots souriants&quot;, 2014. A drawing by Haydeh Ayyzazi (Iran). Medium: felt-tip pen drawing. Size: 17 x 25 cm. The work is delivered with a certificate of authenticity. Persian Art brut. Outsider art from Iran.\" \/>\n<meta name=\"robots\" content=\"index, follow, max-snippet:-1, max-image-preview:large, max-video-preview:-1\" \/>\n<link rel=\"canonical\" href=\"https:\/\/golobolbol.shop\/en\/boutique\/art-en\/haydeh-ayyazi-en\/haydeh-ayazi-les-escargots-souriants-art-brut-iran\/\" \/>\n<meta property=\"og:locale\" content=\"en_US\" \/>\n<meta property=\"og:type\" content=\"article\" \/>\n<meta property=\"og:title\" content=\"Haydeh Ayyazi - &quot;Les escargots souriants&quot; &#8211; GoloBolBol persian webshop - \u06af\u0644 \u0648 \u0628\u0644\u0628\u0644\" \/>\n<meta property=\"og:description\" content=\"&quot;Les escargots souriants&quot;, 2014. A drawing by Haydeh Ayyzazi (Iran). Medium: felt-tip pen drawing. Size: 17 x 25 cm. The work is delivered with a certificate of authenticity. Persian Art brut. Outsider art from Iran.\" \/>\n<meta property=\"og:url\" content=\"https:\/\/golobolbol.shop\/en\/boutique\/art-en\/haydeh-ayyazi-en\/haydeh-ayazi-les-escargots-souriants-art-brut-iran\/\" \/>\n<meta property=\"og:site_name\" content=\"GoloBolBol persian webshop - \u06af\u0644 \u0648 \u0628\u0644\u0628\u0644\" \/>\n<meta property=\"article:publisher\" content=\"https:\/\/www.facebook.com\/golobolbolpersianwebshop\/\" \/>\n<meta property=\"article:modified_time\" content=\"2020-11-14T18:51:44+00:00\" \/>\n<meta property=\"og:image\" content=\"https:\/\/golobolbol.shop\/wp-content\/uploads\/2020\/02\/DSC01684ok.jpg\" \/>\n\t<meta property=\"og:image:width\" content=\"943\" \/>\n\t<meta property=\"og:image:height\" content=\"1403\" \/>\n\t<meta property=\"og:image:type\" content=\"image\/jpeg\" \/>\n<meta name=\"twitter:card\" content=\"summary_large_image\" \/>\n<meta name=\"twitter:label1\" content=\"Est. reading time\" \/>\n\t<meta name=\"twitter:data1\" content=\"1 minute\" \/>\n<script type=\"application\/ld+json\" class=\"yoast-schema-graph\">{\"@context\":\"https:\/\/schema.org\",\"@graph\":[{\"@type\":\"WebPage\",\"@id\":\"https:\/\/golobolbol.shop\/en\/boutique\/art-en\/haydeh-ayyazi-en\/haydeh-ayazi-les-escargots-souriants-art-brut-iran\/\",\"url\":\"https:\/\/golobolbol.shop\/en\/boutique\/art-en\/haydeh-ayyazi-en\/haydeh-ayazi-les-escargots-souriants-art-brut-iran\/\",\"name\":\"Haydeh Ayyazi - \\\"Les escargots souriants\\\" &#8211; GoloBolBol persian webshop - \u06af\u0644 \u0648 \u0628\u0644\u0628\u0644\",\"isPartOf\":{\"@id\":\"https:\/\/golobolbol.shop\/en\/#website\"},\"primaryImageOfPage\":{\"@id\":\"https:\/\/golobolbol.shop\/en\/boutique\/art-en\/haydeh-ayyazi-en\/haydeh-ayazi-les-escargots-souriants-art-brut-iran\/#primaryimage\"},\"image\":{\"@id\":\"https:\/\/golobolbol.shop\/en\/boutique\/art-en\/haydeh-ayyazi-en\/haydeh-ayazi-les-escargots-souriants-art-brut-iran\/#primaryimage\"},\"thumbnailUrl\":\"https:\/\/golobolbol.shop\/wp-content\/uploads\/2020\/02\/DSC01684ok.jpg\",\"datePublished\":\"2019-11-28T15:57:43+00:00\",\"dateModified\":\"2020-11-14T18:51:44+00:00\",\"description\":\"\\\"Les escargots souriants\\\", 2014. A drawing by Haydeh Ayyzazi (Iran). Medium: felt-tip pen drawing. Size: 17 x 25 cm. The work is delivered with a certificate of authenticity. Persian Art brut. Outsider art from Iran.\",\"breadcrumb\":{\"@id\":\"https:\/\/golobolbol.shop\/en\/boutique\/art-en\/haydeh-ayyazi-en\/haydeh-ayazi-les-escargots-souriants-art-brut-iran\/#breadcrumb\"},\"inLanguage\":\"en-US\",\"potentialAction\":[{\"@type\":\"ReadAction\",\"target\":[\"https:\/\/golobolbol.shop\/en\/boutique\/art-en\/haydeh-ayyazi-en\/haydeh-ayazi-les-escargots-souriants-art-brut-iran\/\"]}]},{\"@type\":\"ImageObject\",\"inLanguage\":\"en-US\",\"@id\":\"https:\/\/golobolbol.shop\/en\/boutique\/art-en\/haydeh-ayyazi-en\/haydeh-ayazi-les-escargots-souriants-art-brut-iran\/#primaryimage\",\"url\":\"https:\/\/golobolbol.shop\/wp-content\/uploads\/2020\/02\/DSC01684ok.jpg\",\"contentUrl\":\"https:\/\/golobolbol.shop\/wp-content\/uploads\/2020\/02\/DSC01684ok.jpg\",\"width\":943,\"height\":1403},{\"@type\":\"BreadcrumbList\",\"@id\":\"https:\/\/golobolbol.shop\/en\/boutique\/art-en\/haydeh-ayyazi-en\/haydeh-ayazi-les-escargots-souriants-art-brut-iran\/#breadcrumb\",\"itemListElement\":[{\"@type\":\"ListItem\",\"position\":1,\"name\":\"Homepage\",\"item\":\"https:\/\/golobolbol.shop\/en\/\"},{\"@type\":\"ListItem\",\"position\":2,\"name\":\"Shop\",\"item\":\"https:\/\/golobolbol.shop\/en\/shop\/\"},{\"@type\":\"ListItem\",\"position\":3,\"name\":\"Haydeh Ayyazi &#8211; &#8220;Les escargots souriants&#8221;\"}]},{\"@type\":\"WebSite\",\"@id\":\"https:\/\/golobolbol.shop\/en\/#website\",\"url\":\"https:\/\/golobolbol.shop\/en\/\",\"name\":\"GoloBolBol persian webshop - \u06af\u0644 \u0648 \u0628\u0644\u0628\u0644\",\"description\":\"From Persia with love !\",\"publisher\":{\"@id\":\"https:\/\/golobolbol.shop\/en\/#organization\"},\"potentialAction\":[{\"@type\":\"SearchAction\",\"target\":{\"@type\":\"EntryPoint\",\"urlTemplate\":\"https:\/\/golobolbol.shop\/en\/?s={search_term_string}\"},\"query-input\":{\"@type\":\"PropertyValueSpecification\",\"valueRequired\":true,\"valueName\":\"search_term_string\"}}],\"inLanguage\":\"en-US\"},{\"@type\":\"Organization\",\"@id\":\"https:\/\/golobolbol.shop\/en\/#organization\",\"name\":\"GoloBolBol Persian Webshop\",\"url\":\"https:\/\/golobolbol.shop\/en\/\",\"logo\":{\"@type\":\"ImageObject\",\"inLanguage\":\"en-US\",\"@id\":\"https:\/\/golobolbol.shop\/en\/#\/schema\/logo\/image\/\",\"url\":\"https:\/\/golobolbol.shop\/wp-content\/uploads\/2020\/03\/GOLTEST1-4.png\",\"contentUrl\":\"https:\/\/golobolbol.shop\/wp-content\/uploads\/2020\/03\/GOLTEST1-4.png\",\"width\":283,\"height\":151,\"caption\":\"GoloBolBol Persian Webshop\"},\"image\":{\"@id\":\"https:\/\/golobolbol.shop\/en\/#\/schema\/logo\/image\/\"},\"sameAs\":[\"https:\/\/www.facebook.com\/golobolbolpersianwebshop\/\",\"https:\/\/www.instagram.com\/golobolbol_persianwebshop\"]}]}<\/script>\n<!-- \/ Yoast SEO plugin. -->","yoast_head_json":{"title":"Haydeh Ayyazi - \"Les escargots souriants\" &#8211; GoloBolBol persian webshop - \u06af\u0644 \u0648 \u0628\u0644\u0628\u0644","description":"\"Les escargots souriants\", 2014. A drawing by Haydeh Ayyzazi (Iran). Medium: felt-tip pen drawing. Size: 17 x 25 cm. The work is delivered with a certificate of authenticity. Persian Art brut. Outsider art from Iran.","robots":{"index":"index","follow":"follow","max-snippet":"max-snippet:-1","max-image-preview":"max-image-preview:large","max-video-preview":"max-video-preview:-1"},"canonical":"https:\/\/golobolbol.shop\/en\/boutique\/art-en\/haydeh-ayyazi-en\/haydeh-ayazi-les-escargots-souriants-art-brut-iran\/","og_locale":"en_US","og_type":"article","og_title":"Haydeh Ayyazi - \"Les escargots souriants\" &#8211; GoloBolBol persian webshop - \u06af\u0644 \u0648 \u0628\u0644\u0628\u0644","og_description":"\"Les escargots souriants\", 2014. A drawing by Haydeh Ayyzazi (Iran). Medium: felt-tip pen drawing. Size: 17 x 25 cm. The work is delivered with a certificate of authenticity. Persian Art brut. Outsider art from Iran.","og_url":"https:\/\/golobolbol.shop\/en\/boutique\/art-en\/haydeh-ayyazi-en\/haydeh-ayazi-les-escargots-souriants-art-brut-iran\/","og_site_name":"GoloBolBol persian webshop - \u06af\u0644 \u0648 \u0628\u0644\u0628\u0644","article_publisher":"https:\/\/www.facebook.com\/golobolbolpersianwebshop\/","article_modified_time":"2020-11-14T18:51:44+00:00","og_image":[{"width":943,"height":1403,"url":"https:\/\/golobolbol.shop\/wp-content\/uploads\/2020\/02\/DSC01684ok.jpg","type":"image\/jpeg"}],"twitter_card":"summary_large_image","twitter_misc":{"Est. reading time":"1 minute"},"schema":{"@context":"https:\/\/schema.org","@graph":[{"@type":"WebPage","@id":"https:\/\/golobolbol.shop\/en\/boutique\/art-en\/haydeh-ayyazi-en\/haydeh-ayazi-les-escargots-souriants-art-brut-iran\/","url":"https:\/\/golobolbol.shop\/en\/boutique\/art-en\/haydeh-ayyazi-en\/haydeh-ayazi-les-escargots-souriants-art-brut-iran\/","name":"Haydeh Ayyazi - \"Les escargots souriants\" &#8211; GoloBolBol persian webshop - \u06af\u0644 \u0648 \u0628\u0644\u0628\u0644","isPartOf":{"@id":"https:\/\/golobolbol.shop\/en\/#website"},"primaryImageOfPage":{"@id":"https:\/\/golobolbol.shop\/en\/boutique\/art-en\/haydeh-ayyazi-en\/haydeh-ayazi-les-escargots-souriants-art-brut-iran\/#primaryimage"},"image":{"@id":"https:\/\/golobolbol.shop\/en\/boutique\/art-en\/haydeh-ayyazi-en\/haydeh-ayazi-les-escargots-souriants-art-brut-iran\/#primaryimage"},"thumbnailUrl":"https:\/\/golobolbol.shop\/wp-content\/uploads\/2020\/02\/DSC01684ok.jpg","datePublished":"2019-11-28T15:57:43+00:00","dateModified":"2020-11-14T18:51:44+00:00","description":"\"Les escargots souriants\", 2014. A drawing by Haydeh Ayyzazi (Iran). Medium: felt-tip pen drawing. Size: 17 x 25 cm. The work is delivered with a certificate of authenticity. Persian Art brut. Outsider art from Iran.","breadcrumb":{"@id":"https:\/\/golobolbol.shop\/en\/boutique\/art-en\/haydeh-ayyazi-en\/haydeh-ayazi-les-escargots-souriants-art-brut-iran\/#breadcrumb"},"inLanguage":"en-US","potentialAction":[{"@type":"ReadAction","target":["https:\/\/golobolbol.shop\/en\/boutique\/art-en\/haydeh-ayyazi-en\/haydeh-ayazi-les-escargots-souriants-art-brut-iran\/"]}]},{"@type":"ImageObject","inLanguage":"en-US","@id":"https:\/\/golobolbol.shop\/en\/boutique\/art-en\/haydeh-ayyazi-en\/haydeh-ayazi-les-escargots-souriants-art-brut-iran\/#primaryimage","url":"https:\/\/golobolbol.shop\/wp-content\/uploads\/2020\/02\/DSC01684ok.jpg","contentUrl":"https:\/\/golobolbol.shop\/wp-content\/uploads\/2020\/02\/DSC01684ok.jpg","width":943,"height":1403},{"@type":"BreadcrumbList","@id":"https:\/\/golobolbol.shop\/en\/boutique\/art-en\/haydeh-ayyazi-en\/haydeh-ayazi-les-escargots-souriants-art-brut-iran\/#breadcrumb","itemListElement":[{"@type":"ListItem","position":1,"name":"Homepage","item":"https:\/\/golobolbol.shop\/en\/"},{"@type":"ListItem","position":2,"name":"Shop","item":"https:\/\/golobolbol.shop\/en\/shop\/"},{"@type":"ListItem","position":3,"name":"Haydeh Ayyazi &#8211; &#8220;Les escargots souriants&#8221;"}]},{"@type":"WebSite","@id":"https:\/\/golobolbol.shop\/en\/#website","url":"https:\/\/golobolbol.shop\/en\/","name":"GoloBolBol persian webshop - \u06af\u0644 \u0648 \u0628\u0644\u0628\u0644","description":"From Persia with love !","publisher":{"@id":"https:\/\/golobolbol.shop\/en\/#organization"},"potentialAction":[{"@type":"SearchAction","target":{"@type":"EntryPoint","urlTemplate":"https:\/\/golobolbol.shop\/en\/?s={search_term_string}"},"query-input":{"@type":"PropertyValueSpecification","valueRequired":true,"valueName":"search_term_string"}}],"inLanguage":"en-US"},{"@type":"Organization","@id":"https:\/\/golobolbol.shop\/en\/#organization","name":"GoloBolBol Persian Webshop","url":"https:\/\/golobolbol.shop\/en\/","logo":{"@type":"ImageObject","inLanguage":"en-US","@id":"https:\/\/golobolbol.shop\/en\/#\/schema\/logo\/image\/","url":"https:\/\/golobolbol.shop\/wp-content\/uploads\/2020\/03\/GOLTEST1-4.png","contentUrl":"https:\/\/golobolbol.shop\/wp-content\/uploads\/2020\/03\/GOLTEST1-4.png","width":283,"height":151,"caption":"GoloBolBol Persian Webshop"},"image":{"@id":"https:\/\/golobolbol.shop\/en\/#\/schema\/logo\/image\/"},"sameAs":["https:\/\/www.facebook.com\/golobolbolpersianwebshop\/","https:\/\/www.instagram.com\/golobolbol_persianwebshop"]}]}},"_links":{"self":[{"href":"https:\/\/golobolbol.shop\/en\/wp-json\/wp\/v2\/product\/9696","targetHints":{"allow":["GET"]}}],"collection":[{"href":"https:\/\/golobolbol.shop\/en\/wp-json\/wp\/v2\/product"}],"about":[{"href":"https:\/\/golobolbol.shop\/en\/wp-json\/wp\/v2\/types\/product"}],"replies":[{"embeddable":true,"href":"https:\/\/golobolbol.shop\/en\/wp-json\/wp\/v2\/comments?post=9696"}],"wp:featuredmedia":[{"embeddable":true,"href":"https:\/\/golobolbol.shop\/en\/wp-json\/wp\/v2\/media\/5273"}],"wp:attachment":[{"href":"https:\/\/golobolbol.shop\/en\/wp-json\/wp\/v2\/media?parent=9696"}],"wp:term":[{"taxonomy":"product_brand","embeddable":true,"href":"https:\/\/golobolbol.shop\/en\/wp-json\/wp\/v2\/product_brand?post=9696"},{"taxonomy":"product_cat","embeddable":true,"href":"https:\/\/golobolbol.shop\/en\/wp-json\/wp\/v2\/product_cat?post=9696"},{"taxonomy":"product_tag","embeddable":true,"href":"https:\/\/golobolbol.shop\/en\/wp-json\/wp\/v2\/product_tag?post=9696"}],"curies":[{"name":"wp","href":"https:\/\/api.w.org\/{rel}","templated":true}]}}